{"id":4609,"date":"2023-08-30T17:00:25","date_gmt":"2023-08-30T15:00:25","guid":{"rendered":"https:\/\/esmfoundation.org\/?page_id=4609"},"modified":"2025-11-21T15:30:18","modified_gmt":"2025-11-21T14:30:18","slug":"who-we-are","status":"publish","type":"page","link":"https:\/\/esmfoundation.org\/de\/who-we-are\/","title":{"rendered":"Wer wir sind"},"content":{"rendered":"\n<h5 class=\"wp-block-heading\">Die 1951 gegr\u00fcndete Stiftung \u201eEntwicklungsfonds Seltene Metalle\u201c (ESM) ist eine schweizerische gemeinn\u00fctzige Organisation, die sich der Unterst\u00fctzung von Forschungs- und Entwicklungsprojekten auf dem Gebiet der seltenen und kritischen Rohstoffen widmet, mit Schwerpunkt auf deren industriellen Anwendungen.<\/h5>\n\n\n\n<p>Um dieses Ziel zu erreichen, unterst\u00fctzt die Stiftung aktiv ein breites Spektrum von Initiativen, die einen interdisziplin\u00e4ren Ansatz f\u00fcr einen vorausschauenden Umgang mit kritischen Rohstoffen verfolgen: von der Durchf\u00fchrung von Konferenzen und Workshops bis hin zur Ver\u00f6ffentlichung von Studien und wissenschaftlichen Publikationen. Dar\u00fcber hinaus koordiniert und partizipiert die Stiftung in Projekten im Bereich der seltenen und kritischen Rohstoffe auf nationaler internationaler Ebene und vergibt Stipendien und Ausbildungszusch\u00fcsse in Bereichen, die f\u00fcr den thematischen Schwerpunkt der Stiftung relevant sind. Schliesslich dient die Stiftung ESM als Informations- und Austauschplattform f\u00fcr Wirtschaft, Hochschulen, Politik und die \u00d6ffentlichkeit.<\/p>\n\n\n\n<p>Die ESM ist eine Stiftung \u00f6ffentlichen Interesses nach Schweizer Recht. Ihr Stiftungsstatus unterliegt der Aufsicht durch das Eidgen\u00f6ssische Departement des Innern. Der Wirkungsbereich der Stiftung reicht jedoch \u00fcber die Landesgrenzen hinaus, da die ESM-Stiftung mit einem internationalen Netzwerk von Experten, Partnerinstituten und Organisationen zusammenarbeitet.<\/p>\n\n\n\n<p>Anl\u00e4sslich ihres 70-j\u00e4hrigen Jubil\u00e4ums hat das B\u00fcro f\u00fcr Geschichte die fr\u00fche Geschichte der ESM-Stiftung aufgearbeitet. Das vollst\u00e4ndige Dokument ist hier verf\u00fcgbar:<\/p>\n\n\n\n<div class=\"wp-block-buttons is-layout-flex wp-block-buttons-is-layout-flex\">\n<div class=\"wp-block-button is-style-outline is-style-outline--e522d4a69986d13e5ac6266053a2afdb\"><a class=\"wp-block-button__link wp-element-button\" href=\"https:\/\/esmfoundation.org\/wp-content\/uploads\/2024\/07\/ESM-\u2013-GrundungGeschichte.pdf\" target=\"_blank\" rel=\"noreferrer noopener\">Geschichte der Stiftung ESM<\/a><\/div>\n<\/div>\n","protected":false},"excerpt":{"rendered":"<p>Die 1951 gegr\u00fcndete Stiftung \u201eEntwicklungsfonds Seltene Metalle\u201c (ESM) ist eine schweizerische gemeinn\u00fctzige Organisation, die sich der Unterst\u00fctzung von Forschungs- und Entwicklungsprojekten auf dem Gebiet der seltenen und kritischen Rohstoffen widmet, mit Schwerpunkt auf deren industriellen Anwendungen. Um dieses Ziel zu erreichen, unterst\u00fctzt die Stiftung aktiv ein breites Spektrum von Initiativen, die einen interdisziplin\u00e4ren Ansatz f\u00fcr&#8230; <\/p>\n<div class=\"clear\"><\/div>\n<p><a href=\"https:\/\/esmfoundation.org\/de\/who-we-are\/\" class=\"excerpt-read-more\">Read More<\/a><\/p>\n","protected":false},"author":2,"featured_media":0,"parent":0,"menu_order":1,"comment_status":"closed","ping_status":"closed","template":"","meta":{"_ti_tpc_template_sync":false,"_ti_tpc_template_id":"","footnotes":""},"class_list":["post-4609","page","type-page","status-publish","hentry"],"_links":{"self":[{"href":"https:\/\/esmfoundation.org\/de\/wp-json\/wp\/v2\/pages\/4609"}],"collection":[{"href":"https:\/\/esmfoundation.org\/de\/wp-json\/wp\/v2\/pages"}],"about":[{"href":"https:\/\/esmfoundation.org\/de\/wp-json\/wp\/v2\/types\/page"}],"author":[{"embeddable":true,"href":"https:\/\/esmfoundation.org\/de\/wp-json\/wp\/v2\/users\/2"}],"replies":[{"embeddable":true,"href":"https:\/\/esmfoundation.org\/de\/wp-json\/wp\/v2\/comments?post=4609"}],"version-history":[{"count":6,"href":"https:\/\/esmfoundation.org\/de\/wp-json\/wp\/v2\/pages\/4609\/revisions"}],"predecessor-version":[{"id":5786,"href":"https:\/\/esmfoundation.org\/de\/wp-json\/wp\/v2\/pages\/4609\/revisions\/5786"}],"wp:attachment":[{"href":"https:\/\/esmfoundation.org\/de\/wp-json\/wp\/v2\/media?parent=4609"}],"curies":[{"name":"wp","href":"https:\/\/api.w.org\/{rel}","templated":true}]}}