{"id":5054,"date":"2024-04-18T21:20:01","date_gmt":"2024-04-18T19:20:01","guid":{"rendered":"https:\/\/esmfoundation.org\/?page_id=5054"},"modified":"2024-08-21T14:38:51","modified_gmt":"2024-08-21T12:38:51","slug":"impressum","status":"publish","type":"page","link":"https:\/\/esmfoundation.org\/de\/impressum\/","title":{"rendered":"Impressum"},"content":{"rendered":"\n<h4 class=\"wp-block-heading\">Adresse<\/h4>\n\n\n\n<p>Entwicklungsfonds Seltene&nbsp;Metalle<br>Junkerngasse 56<br>3011 Bern<br>Schweiz<\/p>\n\n\n\n<h4 class=\"wp-block-heading\">Vertreten durch<\/h4>\n\n\n\n<p>Hool, Alessandra, CEO<br>Lutz, Ernst, Pr\u00e4sident des Stiftungsrates<\/p>\n\n\n\n<h4 class=\"wp-block-heading\">Handelsregisterauszug<\/h4>\n\n\n\n<p>Eingetragener Stiftungsnamen: Entwicklungsfond Seltene Metalle<br>Nummer: CHE-109.946.326<br>Handelsregister: Z\u00fcrich, Schweiz<\/p>\n\n\n\n<h4 class=\"wp-block-heading\">Haftungsausschluss<\/h4>\n\n\n\n<p>Der Autor \u00fcbernimmt keinerlei Gew\u00e4hr hinsichtlich der inhaltlichen Richtigkeit, Genauigkeit, Aktualit\u00e4t, Zuverl\u00e4ssigkeit und Vollst\u00e4ndigkeit der Informationen. Haftungsanspr\u00fcche gegen den Autor wegen Sch\u00e4den materieller oder immaterieller Art, welche aus dem Zugriff oder der Nutzung bzw. Nichtnutzung der ver\u00f6ffentlichten Informationen, durch Missbrauch der Verbindung oder durch technische St\u00f6rungen entstanden sind, werden ausgeschlossen. Alle Angebote sind unverbindlich. Der Autor beh\u00e4lt es sich ausdr\u00fccklich vor, Teile der Seiten oder die gesamte Website ohne Ank\u00fcndigung zu ver\u00e4ndern, zu erg\u00e4nzen, zu l\u00f6schen oder die Ver\u00f6ffentlichung zeitweise oder endg\u00fcltig einzustellen.<\/p>\n\n\n\n<h4 class=\"wp-block-heading\">Haftung f\u00fcr Links<\/h4>\n\n\n\n<p>Verweise und Links auf Webseiten Dritter liegen ausserhalb unseres Verantwortungsbereiches. Jegliche Verantwortung f\u00fcr solche Websites wird abgelehnt. Der Zugriff und die Nutzung solcher Websites erfolgt auf eigenes Risiko des Nutzers.<\/p>\n\n\n\n<h4 class=\"wp-block-heading\">Urheberrechte<\/h4>\n\n\n\n<p>Die Urheberrechte und alle anderen Rechte an Inhalten, Bildern, Fotos oder anderen Dateien auf der Website geh\u00f6ren ausschliesslich der Stiftung Entwicklungsfonds Seltene Metalle oder den speziell genannten Rechtsinhabern. F\u00fcr die Reproduktion jeglicher Elemente ist die schriftliche Zustimmung des Rechteinhabers im Voraus einzuholen.<\/p>\n","protected":false},"excerpt":{"rendered":"<p>Adresse Entwicklungsfonds Seltene&nbsp;MetalleJunkerngasse 563011 BernSchweiz Vertreten durch Hool, Alessandra, CEOLutz, Ernst, Pr\u00e4sident des Stiftungsrates Handelsregisterauszug Eingetragener Stiftungsnamen: Entwicklungsfond Seltene MetalleNummer: CHE-109.946.326Handelsregister: Z\u00fcrich, Schweiz Haftungsausschluss Der Autor \u00fcbernimmt keinerlei Gew\u00e4hr hinsichtlich der inhaltlichen Richtigkeit, Genauigkeit, Aktualit\u00e4t, Zuverl\u00e4ssigkeit und Vollst\u00e4ndigkeit der Informationen. Haftungsanspr\u00fcche gegen den Autor wegen Sch\u00e4den materieller oder immaterieller Art, welche aus dem Zugriff oder&#8230; <\/p>\n<div class=\"clear\"><\/div>\n<p><a href=\"https:\/\/esmfoundation.org\/de\/impressum\/\" class=\"excerpt-read-more\">Read More<\/a><\/p>\n","protected":false},"author":395,"featured_media":0,"parent":0,"menu_order":8,"comment_status":"closed","ping_status":"closed","template":"","meta":{"_ti_tpc_template_sync":false,"_ti_tpc_template_id":"","footnotes":""},"class_list":["post-5054","page","type-page","status-publish","hentry"],"_links":{"self":[{"href":"https:\/\/esmfoundation.org\/de\/wp-json\/wp\/v2\/pages\/5054"}],"collection":[{"href":"https:\/\/esmfoundation.org\/de\/wp-json\/wp\/v2\/pages"}],"about":[{"href":"https:\/\/esmfoundation.org\/de\/wp-json\/wp\/v2\/types\/page"}],"author":[{"embeddable":true,"href":"https:\/\/esmfoundation.org\/de\/wp-json\/wp\/v2\/users\/395"}],"replies":[{"embeddable":true,"href":"https:\/\/esmfoundation.org\/de\/wp-json\/wp\/v2\/comments?post=5054"}],"version-history":[{"count":4,"href":"https:\/\/esmfoundation.org\/de\/wp-json\/wp\/v2\/pages\/5054\/revisions"}],"predecessor-version":[{"id":5079,"href":"https:\/\/esmfoundation.org\/de\/wp-json\/wp\/v2\/pages\/5054\/revisions\/5079"}],"wp:attachment":[{"href":"https:\/\/esmfoundation.org\/de\/wp-json\/wp\/v2\/media?parent=5054"}],"curies":[{"name":"wp","href":"https:\/\/api.w.org\/{rel}","templated":true}]}}