{"id":5060,"date":"2024-04-15T08:54:59","date_gmt":"2024-04-15T06:54:59","guid":{"rendered":"https:\/\/esmfoundation.org\/?page_id=5060"},"modified":"2024-09-09T11:54:11","modified_gmt":"2024-09-09T09:54:11","slug":"what-we-do","status":"publish","type":"page","link":"https:\/\/esmfoundation.org\/de\/what-we-do\/","title":{"rendered":"Was wir tun"},"content":{"rendered":"\n<p>In den letzten Jahren hat die wachsende Nachfrage der Industrie in Verbindung mit geopolitischen Verschiebungen dazu gef\u00fchrt, dass seltenen und kritischen Rohstoffen mehr Aufmerksamkeit gewidmet wird. Diese Elemente sind f\u00fcr fortschrittliche Materialien und Technologien wie Kommunikation, erneuerbare Energien und Verkehr unerl\u00e4sslich. Die Lieferkette und die Wiederverwendung seltener und kritischer Rohstoffe sind von grundlegender Bedeutung f\u00fcr die heutige und k\u00fcnftige Wirtschaft.<\/p>\n\n\n\n<p>Die ESM-Stiftung bietet Informationen an und f\u00f6rdert den Dialog und die Information zwischen den relevanten Akteuren aus Industrie und Wissenschaft. Zu den typischen Aktivit\u00e4ten geh\u00f6ren:<\/p>\n\n\n\n<ul class=\"wp-block-list\">\n<li>Beauftragung, Finanzierung und Koordinierung relevanter Forschungsprojekte, die Partner aus Forschungseinrichtungen, Universit\u00e4ten, Industrie, Nichtregierungs- und Regierungsorganisationen zusammenbringen.<\/li>\n\n\n\n<li>Initiierung und Organisation von Veranstaltungen und Erhebungen, die sich mit Schl\u00fcsselfragen f\u00fcr Industrie und Wissenschaft im Zusammenhang mit seltenen und kritischen Elementen befassen und die gesamte Materialwertsch\u00f6pfungskette (vom Rohstoff bis zum Recycling), aber auch geopolitische, politische, wirtschaftliche, \u00f6kologische und rechtliche Aspekte abdecken.<\/li>\n\n\n\n<li>Bereitstellung und Koordinierung von Weiterbildungsmassnahmen, die die Komplexit\u00e4t und Bedeutung des Themas f\u00fcr verschiedene Industriezweige und relevante wissenschaftliche Disziplinen verdeutlichen.<\/li>\n\n\n\n<li>Zusammenarbeit mit Organisationen, die in \u00e4hnlichen Bereichen t\u00e4tig sind, um erg\u00e4nzendes und erweitertes Wissen und Erfahrung bereitzustellen.<\/li>\n<\/ul>\n\n\n\n<h3 class=\"wp-block-heading\">F\u00f6rderung beantragen<\/h3>\n\n\n\n<p>Die ESM-Stiftung unterst\u00fctzt Forschungsprojekte auf verschiedenen Ebenen. Entsprechend ihrer Stiftungsurkunde zielt sie darauf ab, die Forschung im Bereich der kritischen Rohstoffe, insbesondere deren industrielle Anwendung, zu f\u00f6rdern. In Anbetracht der aktuellen Herausforderungen im Bereich der CRM k\u00f6nnte es sich bei diesen Forschungsprojekten um Folgendes handeln:<\/p>\n\n\n\n<ul class=\"wp-block-list\">\n<li>Der Schweizer Bedarf an edlen und seltenen Metallen f\u00fcr moderne Technologien in Bereichen wie Elektromobilit\u00e4t, Energiegewinnung und -speicherung oder Informations- und Kommunikationstechnologie und die damit verbundenen Herausforderungen f\u00fcr unsere Wirtschaft<\/li>\n\n\n\n<li>welche Rolle CRM- Vorr\u00e4te und -Str\u00f6me f\u00fcr \u00f6konomische Fragen wie die betroffenen Schweizer M\u00e4rkte und zuk\u00fcnftige Preisentwicklungen spielen<\/li>\n\n\n\n<li>\u00d6kologische \u00dcberlegungen zum Einsatz von CRMs in der Schweiz anhand von Life Cycle Assessment oder anderen Methoden; soziale und rechtliche \u00dcberlegungen zu Vorschriften und Standards;<\/li>\n\n\n\n<li>Potenziale des Metallrecyclings in der Schweiz aus technologischer, logistischer und wirtschaftlicher Sicht<\/li>\n\n\n\n<li>Weitere nachhaltige L\u00f6sungen f\u00fcr die zuk\u00fcnftige Versorgung der Schweiz mit CRMs wie Substitutionspotentiale, Kreislaufmodelle etc.<\/li>\n<\/ul>\n\n\n\n<p>Die Projekte sollten auch mit dem Ziel der ESM-Stiftung \u00fcbereinstimmen, neue Wirtschaftsr\u00e4ume in der Schweiz zu erschlie\u00dfen. Wenn Sie eine finanzielle oder sonstige Unterst\u00fctzung beantragen, beschreiben Sie bitte Ihr Forschungsprojekt, dessen Beitrag zu den Zielen der Stiftung und die ben\u00f6tigte Hilfe in einem Brief von maximal zwei Seiten an die Stiftung. Der Stiftungsrat wird Ihr Gesuch pr\u00fcfen und sich so bald wie m\u00f6glich mit Ihnen in Verbindung setzen.<\/p>\n","protected":false},"excerpt":{"rendered":"<p>In den letzten Jahren hat die wachsende Nachfrage der Industrie in Verbindung mit geopolitischen Verschiebungen dazu gef\u00fchrt, dass seltenen und kritischen Rohstoffen mehr Aufmerksamkeit gewidmet wird. Diese Elemente sind f\u00fcr fortschrittliche Materialien und Technologien wie Kommunikation, erneuerbare Energien und Verkehr unerl\u00e4sslich. Die Lieferkette und die Wiederverwendung seltener und kritischer Rohstoffe sind von grundlegender Bedeutung f\u00fcr&#8230; <\/p>\n<div class=\"clear\"><\/div>\n<p><a href=\"https:\/\/esmfoundation.org\/de\/what-we-do\/\" class=\"excerpt-read-more\">Read More<\/a><\/p>\n","protected":false},"author":395,"featured_media":0,"parent":0,"menu_order":2,"comment_status":"closed","ping_status":"closed","template":"","meta":{"_ti_tpc_template_sync":false,"_ti_tpc_template_id":"","footnotes":""},"class_list":["post-5060","page","type-page","status-publish","hentry"],"_links":{"self":[{"href":"https:\/\/esmfoundation.org\/de\/wp-json\/wp\/v2\/pages\/5060"}],"collection":[{"href":"https:\/\/esmfoundation.org\/de\/wp-json\/wp\/v2\/pages"}],"about":[{"href":"https:\/\/esmfoundation.org\/de\/wp-json\/wp\/v2\/types\/page"}],"author":[{"embeddable":true,"href":"https:\/\/esmfoundation.org\/de\/wp-json\/wp\/v2\/users\/395"}],"replies":[{"embeddable":true,"href":"https:\/\/esmfoundation.org\/de\/wp-json\/wp\/v2\/comments?post=5060"}],"version-history":[{"count":3,"href":"https:\/\/esmfoundation.org\/de\/wp-json\/wp\/v2\/pages\/5060\/revisions"}],"predecessor-version":[{"id":5168,"href":"https:\/\/esmfoundation.org\/de\/wp-json\/wp\/v2\/pages\/5060\/revisions\/5168"}],"wp:attachment":[{"href":"https:\/\/esmfoundation.org\/de\/wp-json\/wp\/v2\/media?parent=5060"}],"curies":[{"name":"wp","href":"https:\/\/api.w.org\/{rel}","templated":true}]}}