{"id":5108,"date":"2023-08-30T17:00:25","date_gmt":"2023-08-30T15:00:25","guid":{"rendered":"https:\/\/esmfoundation.org\/?page_id=5108"},"modified":"2024-09-09T12:15:23","modified_gmt":"2024-09-09T10:15:23","slug":"seltene-metalle","status":"publish","type":"page","link":"https:\/\/esmfoundation.org\/de\/seltene-metalle\/","title":{"rendered":"Seltene Metalle"},"content":{"rendered":"\n<h3 class=\"wp-block-heading\">Die Geschichte der kritischen Rohstoffe<\/h3>\n\n\n\n<h5 class=\"wp-block-heading\">In den letzten 20 Jahren hat die Bedeutung der seltenen und kritischen Elementen kontinuierlich zugenommen, da sie f\u00fcr eine nachhaltig funktionierende moderne Gesellschaft unverzichtbar geworden sind. Die Europ\u00e4ische Kommission anerkennt die Bedeutung eines ausreichenden und erschwinglichen Zugangs zu Elementen wie Lithium, Kobalt, Kobalt, Naturgraphit, Gallium, Germanium, Magnesium, Kupfer, Aluminium und Seltene Erden (REEs), die allesamt f\u00fcr die globale Wirtschaft, die Dekarbonisierung, die Digitalisierung und andere Hightech-Anwendungen von entscheidender Bedeutung sind.<\/h5>\n\n\n\n<figure class=\"wp-block-image size-large is-resized\"><img loading=\"lazy\" decoding=\"async\" width=\"1024\" height=\"409\" src=\"https:\/\/esmfoundation.org\/wp-content\/uploads\/2024\/07\/Elements-from-periodic-table-1024x409.png\" alt=\"\" class=\"wp-image-4365\" style=\"width:1110px\" srcset=\"https:\/\/esmfoundation.org\/wp-content\/uploads\/2024\/07\/Elements-from-periodic-table-1024x409.png 1024w, https:\/\/esmfoundation.org\/wp-content\/uploads\/2024\/07\/Elements-from-periodic-table-300x120.png 300w, https:\/\/esmfoundation.org\/wp-content\/uploads\/2024\/07\/Elements-from-periodic-table-768x307.png 768w, https:\/\/esmfoundation.org\/wp-content\/uploads\/2024\/07\/Elements-from-periodic-table-1536x614.png 1536w, https:\/\/esmfoundation.org\/wp-content\/uploads\/2024\/07\/Elements-from-periodic-table.png 1656w\" sizes=\"(max-width: 1024px) 100vw, 1024px\" \/><figcaption class=\"wp-element-caption\"><em>Zunahme der Anzahl an Elementen f\u00fcr die Energieproduktion und -speicherung von 1700 bis 2000<\/em>. Quelle: Zepf et al. (2014)<\/figcaption><\/figure>\n\n\n\n<p>Der Begriff \u201ekritischer Rohstoff\u201c (zu dem auch die Metalle der Seltenen Erden geh\u00f6ren) beschreibt nicht das die Seltenheit des jeweiligen Elements in der Erdkruste, sondern bezieht sich auf die begrenzte Verf\u00fcgbarkeit des Elements. Die unsichere Versorgung mit diesen Metallen l\u00e4sst sich auf eine Vielzahl von Gr\u00fcnden zur\u00fcckf\u00fchren, von denen die wichtigsten die konzentrierte Produktion in nur wenigen Regionen der Welt und eine steigende Nachfrage nach dem jeweiligen Rohstoff sind.<\/p>\n\n\n\n<p>Die schweizerische und die europ\u00e4ische Industrie sind weitgehend vom Import seltener und kritischer Rohstoffe abh\u00e4ngig. Marktverzerrungen f\u00fchren zu einer hohen Volatilit\u00e4t bei Preis und Verf\u00fcgbarkeit. Mangelnde Transparenz in den Rohstofflieferketten birgt die Gefahr von sozial und \u00f6kologisch mangelhaften Bedingungen bei Abbau, Herstellung und Recycling. Diese und andere Faktoren k\u00f6nnen das Wirtschaftswachstum und die Entwicklung von L\u00e4ndern gef\u00e4hrden, die von diesen Elementen abh\u00e4ngig sind. Sie k\u00f6nnen zudem zu einem Verlust an Innovationskraft f\u00fchren und die Einf\u00fchrung emissionsarmer Technologien in den Industriel\u00e4ndern, einschliesslich der Schweiz, behindern.<\/p>\n\n\n\n<div class=\"timeline-wrapper\">\n    <div class=\"timeline\">\n        <div class=\"timeline-item\">\n            <div class=\"timeline-date\">1939<\/div>\n            <div class=\"timeline-content\">\n                <h3><a href=\"https:\/\/www.presidency.ucsb.edu\/documents\/proclamation-2413-prohibiting-unlicensed-export-war-materials-and-strategic-raw-products\n\" target=\"_blank\" rel=\"noopener\">US Strategic and Critical Materials Stock Piling Act<\/a><\/h3>\n                <p><\/p>\n            <\/div>\n        <\/div>\n        <div class=\"timeline-item\">\n            <div class=\"timeline-date\">1940<\/div>\n            <div class=\"timeline-content\">\n                <h3><a href=\"http:\/\/aei.pitt.edu\/1481\/1\/raw_materials_COM_75_50.pdf\" target=\"_blank\" rel=\"noopener\">US-Lizenzpflicht f\u00fcr strategische Rohstoffe<\/a><\/h3>\n                <p><\/p>\n            <\/div>\n        <\/div>\n        <div class=\"timeline-item\">\n            <div class=\"timeline-date\">1949<\/div>\n            <div class=\"timeline-content\">\n                <h3>Entdeckung der Mountain-Pass-Lagerst\u00e4tte von Seltenerdmetallen in den USA<\/h3>\n                <p><\/p>\n            <\/div>\n        <\/div>\n <div class=\"timeline-item\">\n            <div class=\"timeline-date\">1952<\/div>\n            <div class=\"timeline-content\">\n                <h3>Gr\u00fcndung des Schweizerischen Nationalfonds<\/h3>\n                <p><\/p>\n            <\/div>\n        <\/div>\n <div class=\"timeline-item\">\n            <div class=\"timeline-date\">1975<\/div>\n            <div class=\"timeline-content\">\n                <h3><a href=\"http:\/\/aei.pitt.edu\/1481\/1\/raw_materials_COM_75_50.pdf\" target=\"_blank\" rel=\"noopener\">Mitteilung \u201eDie Versorgung der Gemeinschaft mit Rohstoffen\u201c, EWG<\/a><\/h3>\n                <p><\/p>\n            <\/div>\n        <\/div>\n <div class=\"timeline-item\">\n            <div class=\"timeline-date\">2004<\/div>\n            <div class=\"timeline-content\">\n                <h3><a href=\"https:\/\/www.jogmec.go.jp\/english\/news\/release\/news_10_00029.html\" target=\"-blank\" rel=\"noopener\"> Gr\u00fcndung der Japanischen Organisation f\u00fcr Metalle und Energiesicherheit (JOGMEC)<\/a><\/h3>\n                <p><\/p>\n            <\/div>\n        <\/div>\n <div class=\"timeline-item\">\n            <div class=\"timeline-date\">2008<\/div>\n            <div class=\"timeline-content\">\n                <h3><a href=\"https:\/\/www.nap.edu\/catalog\/12034\/minerals-critical-minerals-and-the-us-economy\n\" target=\"_blank\" rel=\"noopener\">US National Research Council: Minerals, Critical Minerals, and the US Economy <\/a><br><br><a href=\"https:\/\/eur-lex.europa.eu\/LexUriServ\/LexUriServ.do?uri=COM:2008:0699:FIN:en:PDF\" target=\"_blank\" rel=\"noopener\"><\/h3>\n                <p><\/p>\n            <\/div>\n        <\/div>\n <div class=\"timeline-item\">\n            <div class=\"timeline-date\">2009<\/div>\n            <div class=\"timeline-content\">\n                <h3><a href=\"https:\/\/energy.mit.edu\/wp-content\/uploads\/2010\/04\/MITEI-RP-2010-002.pdf\" target=\"_blank\" rel=\"noopener\">Koreanische Liste der kritischen Rohstoffe<\/a><\/h3>\n                <p><\/p>\n            <\/div>\n        <\/div>\n <div class=\"timeline-item\">\n            <div class=\"timeline-date\">2010<\/div>\n            <div class=\"timeline-content\">\n                <h3>China: Exportbeschr\u00e4nkungen f\u00fcr Seltenerdmetalle<br><br><a href=\"https:\/\/www.deutsche-rohstoffagentur.de\/DERA\/DE\/Contact_directions\/Contact_directions_node.html;jsessionid=C322CDC97EE760C5FC5F72B15AA9BE26.internet971\" target=\"_blank\" rel=\"noopener\">Gr\u00fcndung der DERA, Deutschland<\/a><\/h3>\n                <p><\/p>\n            <\/div>\n        <\/div>\n <div class=\"timeline-item\">\n            <div class=\"timeline-date\">2011<\/div>\n            <div class=\"timeline-content\">\n                <h3><a href=\"https:\/\/www.energy.gov\/sites\/prod\/files\/edg\/news\/documents\/criticalmaterialsstrategy.pdf\" target=\"_blank\" rel=\"noopener\">\u201eCritical Metals Strategy\u201c des US-Energieministeriums<\/a> <br><br><a href=\"https:\/\/www.globaltradealert.org\/intervention\/63275\/financial-assistance-in-foreign-market\/japan-jogmec-investment-in-japan-australia-rare-earths-bv\n\" target=\"_blank\" rel=\"noopener\">JOGMEC-Investition in die Japan Australia Rare Earths B.V., Japan<\/a><br><br><a href=\"https:\/\/eur-lex.europa.eu\/legal-content\/EN\/TXT\/?uri=CELEX%3A52011AE1177\" target=\"_blank\" rel=\"noopener\">Erste EU-Liste der kritischen Rohstoffe <\/a><\/h3>\n                <p><\/p>\n            <\/div>\n        <\/div>\n<div class=\"timeline-item\">\n            <div class=\"timeline-date\">2014<\/div>\n            <div class=\"timeline-content\">\n                <h3><a href=\"https:\/\/eur-lex.europa.eu\/legal-content\/EN\/TXT\/?uri=CELEX:52014DC0297\" target=\"_blank\" rel=\"noopener\">Zweite EU-Liste der kritischen Rohstoffe <\/a><\/h3>\n                <p><\/p>\n            <\/div>\n        <\/div>\n<div class=\"timeline-item\">\n            <div class=\"timeline-date\">2016<\/div>\n            <div class=\"timeline-content\">\n                <h3><a href=\"https:\/\/eitrawmaterials.eu\/about-us\/\" target=\"_blank\" rel=\"noopener\">Gr\u00fcndung von EIT RawMaterials<\/a><\/h3>\n                <p><\/p>\n            <\/div>\n        <\/div>\n<div class=\"timeline-item\">\n            <div class=\"timeline-date\">2017<\/div>\n            <div class=\"timeline-content\">\n                <h3><a href=\"https:\/\/www.federalregister.gov\/documents\/2017\/12\/26\/2017-27899\/A-Federal-Strategy-to-Ensure-Secure-and-Reliable-Supplies-of-Critical-Minerals\" target=\"_blank\" rel=\"noopener\">US Executive Order 13817 \u00fcber eine \u201eBundesstrategie zur Gew\u00e4hrleistung einer sicheren und zuverl\u00e4ssigen Versorgung mit kritischen Mineralien\u201c.\u201d<\/a><br><br><a href=\"https:\/\/eur-lex.europa.eu\/legal-content\/EN\/TXT\/?uri=CELEX:52017DC0490\" target=\"_blank\" rel=\"noopener\">Dritte EU-Liste der kritischen Rohstoffe<\/a><\/h3>\n                <p><\/p>\n            <\/div>\n        <\/div>\n<div class=\"timeline-item\">\n            <div class=\"timeline-date\">2019<\/div>\n            <div class=\"timeline-content\">\n                <h3>US Executive Order 13817 \u00fcber eine \u201eBundesstrategie zur Gew\u00e4hrleistung einer sicheren und zuverl\u00e4ssigen Versorgung mit kritischen Mineralien\u201c.<\/h3>\n                <p><\/p>\n            <\/div>\n        <\/div>\n        <!-- Add more timeline items as needed -->\n    <\/div>\n\n<\/div>\n\n\n\n<hr class=\"wp-block-separator has-text-color has-alpha-channel-opacity has-background\" style=\"background-color:#f2cea2;color:#f2cea2\"\/>\n\n\n\n<h3 class=\"wp-block-heading\">Kritische Rohstoffe f\u00fcr die Schweiz<\/h3>\n\n\n\n<p>Mit der zunehmenden Digitalisierung und dem \u00dcbergang zur Dekarbonisierung steigt die weltweite Nachfrage nach kritischen Rohstoffen rapide an. Geopolitische Konflikte haben die Versorgungssicherheit in den Vordergrund der politischen Aufmerksamkeit ger\u00fcckt. Die Schweiz produziert keine der von der EU als kritisch und strategisch eingestuften Rohstoffe wie Seltenerdmetalle, Kobalt, Nickel, Lithium oder Kupfer. Diese Materialien werden in die Schweiz importiert, oft als halbverarbeitete Zwischenprodukte. Aufgrund der starken Abh\u00e4ngigkeit von Importen aus der EU und dessen Orientierung an Lieferanten wie China ist die Schweiz indirekt anf\u00e4llig f\u00fcr Lieferengp\u00e4sse, Preisschwankungen und andere Risiken in der Lieferkette. Derzeit fehlt es an einer systematischen Bewertung dieser Abh\u00e4ngigkeiten und an entsprechenden Strategien zur Risikominderung.<\/p>\n\n\n\n<p>Viele L\u00e4nder haben Massnahmen ergriffen, um ihre Rohstoffversorgung zu sichern. Die EU hat den European Critical Raw Materials Act (CRMA) eingef\u00fchrt, der die lokale Produktion, nachhaltige Praktiken und strategische Autonomie f\u00f6rdert. Der Circular Economy Action Plan der EU zielt darauf ab, eine Kreislaufwirtschaft zu f\u00f6rdern. Die USA setzen den Inflation Reduction Act und den Defense Production Act ein, um die heimischen Kapazit\u00e4ten zu st\u00e4rken. China f\u00fchrt Ausfuhrbeschr\u00e4nkungen ein und investiert im Rahmen der Belt and Road Initiative massiv in ausl\u00e4ndische Minenprojekte. Internationale Kooperationen wie die Minerals Security Partnership bilden strategische Allianzen f\u00fcr die Rohstoffsicherheit.<\/p>\n\n\n\n<p>Alle diese Massnahmen zielen auf eine gr\u00f6ssere Unabh\u00e4ngigkeit und Versorgungssicherheit bei kritischen Rohstoffen ab, wobei ein breites Spektrum von innen- und aussenpolitischen Instrumenten eingesetzt wird.<\/p>\n\n\n\n<p>Eine strukturierte Risikoanalyse und die Formulierung einer Rohstoffstrategie sind unerl\u00e4sslich. Dazu geh\u00f6ren die Festlegung von Zielen und Rahmenbedingungen, die Identifizierung relevanter Rohstoffe, die Bewertung von Risiken in der Lieferkette, die Priorisierung von Materialien sowie die Festlegung und Umsetzung von Strategien zur Risikominderung &#8211; in Abstimmung mit internationalen Partnern, insbesondere der EU.<\/p>\n\n\n\n<hr class=\"wp-block-separator has-text-color has-alpha-channel-opacity has-background is-style-wide\" style=\"background-color:#f2cea2;color:#f2cea2\"\/>\n\n\n\n<h3 class=\"wp-block-heading\">Internationale Politische Instrumente<\/h3>\n\n\n\n<p>Viele L\u00e4nder weltweit ergreifen Ma\u00dfnahmen, um ihre Versorgung mit Rohstoffen zu sichern, die f\u00fcr die Dekarbonisierung, die Digitalisierung, die Luftfahrt und den Verteidigungssektor von entscheidender Bedeutung sind. Beispiele hierf\u00fcr sind:<\/p>\n\n\n\n<div class=\"wp-block-columns is-layout-flex wp-container-core-columns-is-layout-1 wp-block-columns-is-layout-flex\">\n<div class=\"wp-block-column is-layout-flow wp-block-column-is-layout-flow\" style=\"flex-basis:33.33%\">\n<p><strong>Europ\u00e4ische Union (EU)<\/strong><\/p>\n<\/div>\n\n\n\n<div class=\"wp-block-column is-layout-flow wp-block-column-is-layout-flow\" style=\"flex-basis:66.66%\">\n<ul class=\"wp-block-list\">\n<li><strong>Europ\u00e4isches Gesetz zu kritischen Rohstoffen (European Critical Raw Materials Act, 2024):<\/strong> Umfassende Regelung zur strategischen Autonomie und zu nachhaltigen Praktiken.<\/li>\n\n\n\n<li><strong>EU-Verordnung \u00fcber nachhaltige Batterien (EU Sustainable Batteries Regulation, 2023):<\/strong> Leitlinien f\u00fcr eine nachhaltige Batterieproduktion und -nutzung.<\/li>\n\n\n\n<li><strong>EU-Aktionsplan f\u00fcr die Kreislaufwirtschaft (Circular Economy Action Plan, 2020):<\/strong> F\u00f6rderung der Kreislaufwirtschaft und von Recycling.<\/li>\n<\/ul>\n<\/div>\n<\/div>\n\n\n\n<div class=\"wp-block-columns is-layout-flex wp-container-core-columns-is-layout-2 wp-block-columns-is-layout-flex\">\n<div class=\"wp-block-column is-layout-flow wp-block-column-is-layout-flow\" style=\"flex-basis:33.33%\">\n<p><strong>Vereinigte Staaten<\/strong><\/p>\n<\/div>\n\n\n\n<div class=\"wp-block-column is-layout-flow wp-block-column-is-layout-flow\" style=\"flex-basis:66.66%\">\n<ul class=\"wp-block-list\">\n<li><strong>Inflation Reduction Act (2022):<\/strong> Steuererleichterungen und Finanzierung f\u00fcr kritische Rohstofflieferwege.<\/li>\n\n\n\n<li><strong>Defense Production Act (1950):<\/strong> St\u00e4rkung der inl\u00e4ndischen Kapazit\u00e4ten f\u00fcr die Produktion und Verarbeitung kritischer Rohstoffe.<\/li>\n\n\n\n<li><strong>Executive Order 14017 (2021):<\/strong> Einf\u00fchrung einer nationalen Strategie f\u00fcr eine zuverl\u00e4ssige Versorgung mit kritischen Rohstoffen.<\/li>\n<\/ul>\n<\/div>\n<\/div>\n\n\n\n<div class=\"wp-block-columns is-layout-flex wp-container-core-columns-is-layout-3 wp-block-columns-is-layout-flex\">\n<div class=\"wp-block-column is-layout-flow wp-block-column-is-layout-flow\" style=\"flex-basis:33.33%\">\n<p><strong>China<\/strong><\/p>\n<\/div>\n\n\n\n<div class=\"wp-block-column is-layout-flow wp-block-column-is-layout-flow\" style=\"flex-basis:66.66%\">\n<ul class=\"wp-block-list\">\n<li><strong>Verordnung \u00fcber Ausfuhrkontrollen f\u00fcr Gallium und Germanium (2023):<\/strong> Ausfuhrbeschr\u00e4nkungen f\u00fcr wichtige Rohstoffe f\u00fcr die Mikrochip-Herstellung.<\/li>\n\n\n\n<li><strong>Ausl\u00e4ndische Direktinvestitionen:<\/strong> Investitionen in Minen- und Rohstoffprojekte im Ausland, insbesondere im Rahmen der Belt and Road Initiative.<\/li>\n<\/ul>\n<\/div>\n<\/div>\n\n\n\n<div class=\"wp-block-columns is-layout-flex wp-container-core-columns-is-layout-4 wp-block-columns-is-layout-flex\">\n<div class=\"wp-block-column is-layout-flow wp-block-column-is-layout-flow\" style=\"flex-basis:33.33%\">\n<p><strong>Kanada and Australien<\/strong><\/p>\n<\/div>\n\n\n\n<div class=\"wp-block-column is-layout-flow wp-block-column-is-layout-flow\" style=\"flex-basis:66.66%\">\n<ul class=\"wp-block-list\">\n<li>Verschiedene Strategien zur F\u00f6rderung der internationalen Zusammenarbeit, der geologischen Erforschung und der Verarbeitung von kritischen Rohstoffen.<\/li>\n<\/ul>\n<\/div>\n<\/div>\n\n\n\n<div class=\"wp-block-columns is-layout-flex wp-container-core-columns-is-layout-5 wp-block-columns-is-layout-flex\">\n<div class=\"wp-block-column is-layout-flow wp-block-column-is-layout-flow\" style=\"flex-basis:33.33%\">\n<p><strong>Internationale Kooperation<\/strong><\/p>\n<\/div>\n\n\n\n<div class=\"wp-block-column is-layout-flow wp-block-column-is-layout-flow\" style=\"flex-basis:66.66%\">\n<ul class=\"wp-block-list\">\n<li>Kooperationen wie die Minerals Security Partnership und die Sustainable Critical Minerals Alliance.<\/li>\n<\/ul>\n<\/div>\n<\/div>\n\n\n\n<hr class=\"wp-block-separator has-text-color has-alpha-channel-opacity has-background is-style-wide\" style=\"background-color:#f2cea2;color:#f2cea2\"\/>\n\n\n\n<p>Ausf\u00fchrlichere Informationen und Quellen finden Sie im Internet:<\/p>\n\n\n\n<ul class=\"wp-block-list\">\n<li><a href=\"https:\/\/single-market-economy.ec.europa.eu\/sectors\/raw-materials\/areas-specific-interest\/critical-raw-materials\/critical-raw-materials-act_en\" target=\"_blank\" rel=\"noreferrer noopener\">European Critical Raw Materials Act<\/a><\/li>\n\n\n\n<li><a href=\"https:\/\/www.iea.org\/data-and-statistics\/data-tools\/critical-minerals-policy-tracker\" target=\"_blank\" rel=\"noreferrer noopener\">International Energy Agency: Critical Minerals Policy Tracker<\/a><\/li>\n\n\n\n<li><a href=\"https:\/\/www.state.gov\/minerals-security-partnership\" target=\"_blank\" rel=\"noreferrer noopener\">U.S. Department of State: Minerals Security Partnership<\/a><\/li>\n<\/ul>\n","protected":false},"excerpt":{"rendered":"<p>Die Geschichte der kritischen Rohstoffe In den letzten 20 Jahren hat die Bedeutung der seltenen und kritischen Elementen kontinuierlich zugenommen, da sie f\u00fcr eine nachhaltig funktionierende moderne Gesellschaft unverzichtbar geworden sind. Die Europ\u00e4ische Kommission anerkennt die Bedeutung eines ausreichenden und erschwinglichen Zugangs zu Elementen wie Lithium, Kobalt, Kobalt, Naturgraphit, Gallium, Germanium, Magnesium, Kupfer, Aluminium und&#8230; <\/p>\n<div class=\"clear\"><\/div>\n<p><a href=\"https:\/\/esmfoundation.org\/de\/seltene-metalle\/\" class=\"excerpt-read-more\">Read More<\/a><\/p>\n","protected":false},"author":395,"featured_media":4967,"parent":0,"menu_order":4,"comment_status":"closed","ping_status":"closed","template":"","meta":{"_ti_tpc_template_sync":false,"_ti_tpc_template_id":"","footnotes":""},"class_list":["post-5108","page","type-page","status-publish","has-post-thumbnail","hentry"],"_links":{"self":[{"href":"https:\/\/esmfoundation.org\/de\/wp-json\/wp\/v2\/pages\/5108"}],"collection":[{"href":"https:\/\/esmfoundation.org\/de\/wp-json\/wp\/v2\/pages"}],"about":[{"href":"https:\/\/esmfoundation.org\/de\/wp-json\/wp\/v2\/types\/page"}],"author":[{"embeddable":true,"href":"https:\/\/esmfoundation.org\/de\/wp-json\/wp\/v2\/users\/395"}],"replies":[{"embeddable":true,"href":"https:\/\/esmfoundation.org\/de\/wp-json\/wp\/v2\/comments?post=5108"}],"version-history":[{"count":9,"href":"https:\/\/esmfoundation.org\/de\/wp-json\/wp\/v2\/pages\/5108\/revisions"}],"predecessor-version":[{"id":5475,"href":"https:\/\/esmfoundation.org\/de\/wp-json\/wp\/v2\/pages\/5108\/revisions\/5475"}],"wp:featuredmedia":[{"embeddable":true,"href":"https:\/\/esmfoundation.org\/de\/wp-json\/wp\/v2\/media\/4967"}],"wp:attachment":[{"href":"https:\/\/esmfoundation.org\/de\/wp-json\/wp\/v2\/media?parent=5108"}],"curies":[{"name":"wp","href":"https:\/\/api.w.org\/{rel}","templated":true}]}}