{"id":5117,"date":"2024-04-07T18:56:35","date_gmt":"2024-04-07T16:56:35","guid":{"rendered":"https:\/\/esmfoundation.org\/?page_id=5117"},"modified":"2025-10-06T10:37:11","modified_gmt":"2025-10-06T08:37:11","slug":"suscritmooc","status":"publish","type":"page","link":"https:\/\/esmfoundation.org\/de\/what-we-do\/projekte\/suscritmooc\/","title":{"rendered":"SuscritMOOC"},"content":{"rendered":"\n<div class=\"wp-block-columns is-layout-flex wp-container-core-columns-is-layout-1 wp-block-columns-is-layout-flex\">\n<div class=\"wp-block-column is-layout-flow wp-block-column-is-layout-flow\" style=\"flex-basis:33.33%\"><div class=\"wp-block-image\">\n<figure class=\"alignleft size-full is-resized\"><img decoding=\"async\" src=\"https:\/\/esmfoundation.org\/wp-content\/uploads\/2024\/06\/SusCritMOOC-1.png\" alt=\"\" class=\"wp-image-4003\" style=\"width:412px;height:auto\"\/><\/figure><\/div><\/div>\n\n\n\n<div class=\"wp-block-column is-layout-flow wp-block-column-is-layout-flow\" style=\"flex-basis:66.66%\"><div class=\"wp-block-image\">\n<figure class=\"aligncenter size-full is-resized\"><img loading=\"lazy\" decoding=\"async\" width=\"639\" height=\"207\" src=\"https:\/\/esmfoundation.org\/wp-content\/uploads\/2024\/06\/image.jpeg\" alt=\"\" class=\"wp-image-4150\" style=\"width:809px;height:auto\" srcset=\"https:\/\/esmfoundation.org\/wp-content\/uploads\/2024\/06\/image.jpeg 639w, https:\/\/esmfoundation.org\/wp-content\/uploads\/2024\/06\/image-300x97.jpeg 300w\" sizes=\"(max-width: 639px) 100vw, 639px\" \/><\/figure><\/div><\/div>\n<\/div>\n\n\n\n<h3 class=\"wp-block-heading\">Massive Open Online Course (MOOC) zum nachhaltigen Management von kritischen Rohstoffen<\/h3>\n\n\n\n<p>Das von EIT RawMaterials gef\u00f6rderte Projekt SusCritMOOC ist der Nachfolger von SusCritMat und wurde als umfassender englischsprachiger Massive Open Online Course (MOOC) \u00fcber das nachhaltige Management kritischer Rohstoffe gestartet.<\/p>\n\n\n\n<p>Der MOOC wird von \u00fcber 20 Experten aus Wissenschaft, Politik, Industrie und Start-ups geleitet und vermittelt ein vielf\u00e4ltiges und umfassendes Verst\u00e4ndnis des Managements kritischer Rohstoffe. Aufgrund des gro\u00dfen und anhaltenden Erfolgs des MOOCs wird er fortlaufend angeboten und befindet sich nun in der vierten Auflage.<\/p>\n\n\n\n<p>Dieser Kurs wird auf edX.org gehostet und umfasst 7 Wochen vertieftes Lernen (siehe Bild). Besuchen Sie die <a href=\"https:\/\/www.suscritmat.eu\">SusCritMat-Homepage<\/a>, um mehr \u00fcber den Kurs zu erfahren und sich \u00fcber den n\u00e4chsten Anlauf zu informieren.<\/p>\n\n\n\n<div class=\"wp-block-buttons is-layout-flex wp-block-buttons-is-layout-flex\">\n<div class=\"wp-block-button is-style-outline is-style-outline--1000d678a1968b6115bbe0dff3fb22f0\"><a class=\"wp-block-button__link wp-element-button\" href=\"https:\/\/www.edx.org\/learn\/sustainability\/delft-university-of-technology-critical-raw-materials-managing-resources-for-a-sustainable-future\" target=\"_blank\" rel=\"noreferrer noopener\">Jetzt zum Kurs anmelden<\/a><\/div>\n<\/div>\n\n\n\n<p><\/p>\n","protected":false},"excerpt":{"rendered":"<p>Massive Open Online Course (MOOC) zum nachhaltigen Management von kritischen Rohstoffen Das von EIT RawMaterials gef\u00f6rderte Projekt SusCritMOOC ist der Nachfolger von SusCritMat und wurde als umfassender englischsprachiger Massive Open Online Course (MOOC) \u00fcber das nachhaltige Management kritischer Rohstoffe gestartet. Der MOOC wird von \u00fcber 20 Experten aus Wissenschaft, Politik, Industrie und Start-ups geleitet und&#8230; <\/p>\n<div class=\"clear\"><\/div>\n<p><a href=\"https:\/\/esmfoundation.org\/de\/what-we-do\/projekte\/suscritmooc\/\" class=\"excerpt-read-more\">Read More<\/a><\/p>\n","protected":false},"author":395,"featured_media":4917,"parent":5114,"menu_order":3,"comment_status":"closed","ping_status":"closed","template":"","meta":{"_ti_tpc_template_sync":false,"_ti_tpc_template_id":"","footnotes":""},"class_list":["post-5117","page","type-page","status-publish","has-post-thumbnail","hentry"],"_links":{"self":[{"href":"https:\/\/esmfoundation.org\/de\/wp-json\/wp\/v2\/pages\/5117"}],"collection":[{"href":"https:\/\/esmfoundation.org\/de\/wp-json\/wp\/v2\/pages"}],"about":[{"href":"https:\/\/esmfoundation.org\/de\/wp-json\/wp\/v2\/types\/page"}],"author":[{"embeddable":true,"href":"https:\/\/esmfoundation.org\/de\/wp-json\/wp\/v2\/users\/395"}],"replies":[{"embeddable":true,"href":"https:\/\/esmfoundation.org\/de\/wp-json\/wp\/v2\/comments?post=5117"}],"version-history":[{"count":2,"href":"https:\/\/esmfoundation.org\/de\/wp-json\/wp\/v2\/pages\/5117\/revisions"}],"predecessor-version":[{"id":5119,"href":"https:\/\/esmfoundation.org\/de\/wp-json\/wp\/v2\/pages\/5117\/revisions\/5119"}],"up":[{"embeddable":true,"href":"https:\/\/esmfoundation.org\/de\/wp-json\/wp\/v2\/pages\/5114"}],"wp:featuredmedia":[{"embeddable":true,"href":"https:\/\/esmfoundation.org\/de\/wp-json\/wp\/v2\/media\/4917"}],"wp:attachment":[{"href":"https:\/\/esmfoundation.org\/de\/wp-json\/wp\/v2\/media?parent=5117"}],"curies":[{"name":"wp","href":"https:\/\/api.w.org\/{rel}","templated":true}]}}