{"id":5122,"date":"2024-04-07T18:56:36","date_gmt":"2024-04-07T16:56:36","guid":{"rendered":"https:\/\/esmfoundation.org\/?page_id=5122"},"modified":"2024-09-09T12:12:57","modified_gmt":"2024-09-09T10:12:57","slug":"scrreen3","status":"publish","type":"page","link":"https:\/\/esmfoundation.org\/de\/what-we-do\/projekte\/scrreen3\/","title":{"rendered":"SCRREEN3"},"content":{"rendered":"\n<div class=\"wp-block-columns is-layout-flex wp-container-core-columns-is-layout-1 wp-block-columns-is-layout-flex\">\n<div class=\"wp-block-column is-layout-flow wp-block-column-is-layout-flow\" style=\"flex-basis:33.33%\">\n<figure class=\"wp-block-image size-large is-resized\"><img loading=\"lazy\" decoding=\"async\" width=\"1024\" height=\"332\" src=\"https:\/\/esmfoundation.org\/wp-content\/uploads\/2024\/06\/SCRREEN-1024x332.png\" alt=\"\" class=\"wp-image-4005\" style=\"width:497px;height:auto\"\/><\/figure>\n<\/div>\n\n\n\n<div class=\"wp-block-column is-layout-flow wp-block-column-is-layout-flow\">\n<h3 class=\"wp-block-heading\">L\u00f6sungen f\u00fcr kritische Rohstoffe<\/h3>\n\n\n\n<p>Das SCRREEN-Netzwerk widmet sich der Unterst\u00fctzung der Europ\u00e4ischen Kommission bei der Bewertung der Kritikalit\u00e4t und der Gestaltung der Politik in Bezug auf kritische Rohstoffe.<\/p>\n<\/div>\n<\/div>\n\n\n\n<p>Das Horizon Europe Projekt SCRREEN3 ist ein Nachfolgeprojekt der SCRREEN- und SCRREEN2-Initiativen und steht im Einklang mit den breiteren Zielen des strategischen Rahmens der EU, insbesondere dem Gesetz \u00fcber kritische Rohstoffe (CRM). Dar\u00fcber hinaus zielt SCRREEN3 darauf ab, das Verst\u00e4ndnis und den Einblick in alle Materialien zu verbessern, die im Rahmen der CRM 2023-Bewertung untersucht werden, und so die Daten- und Wissensbasis f\u00fcr fundierte Entscheidungsprozesse zu bereichern.<\/p>\n\n\n\n<p>Die Rolle der ESM-Stiftung im SCRREEN3-Netzwerk besteht in der kontinuierlichen Mitwirkung an Ausblicksberichten und Policy Briefs zu kritischen Rohstoffen f\u00fcr die Europ\u00e4ische Kommission. Seit vielen Jahren sind wir au\u00dferdem Mitveranstalter des Tages der kritischen Rohstoffe in Zusammenarbeit mit den Projekten IRTC und SCRREEN.<\/p>\n\n\n\n<p>Mehr Informationen finden Sie <a href=\"https:\/\/scrreen.eu\/\" target=\"_blank\" rel=\"noreferrer noopener\">hier<\/a>.<\/p>\n","protected":false},"excerpt":{"rendered":"<p>L\u00f6sungen f\u00fcr kritische Rohstoffe Das SCRREEN-Netzwerk widmet sich der Unterst\u00fctzung der Europ\u00e4ischen Kommission bei der Bewertung der Kritikalit\u00e4t und der Gestaltung der Politik in Bezug auf kritische Rohstoffe. Das Horizon Europe Projekt SCRREEN3 ist ein Nachfolgeprojekt der SCRREEN- und SCRREEN2-Initiativen und steht im Einklang mit den breiteren Zielen des strategischen Rahmens der EU, insbesondere dem&#8230; <\/p>\n<div class=\"clear\"><\/div>\n<p><a href=\"https:\/\/esmfoundation.org\/de\/what-we-do\/projekte\/scrreen3\/\" class=\"excerpt-read-more\">Read More<\/a><\/p>\n","protected":false},"author":395,"featured_media":4918,"parent":5114,"menu_order":4,"comment_status":"closed","ping_status":"closed","template":"","meta":{"_ti_tpc_template_sync":false,"_ti_tpc_template_id":"","footnotes":""},"class_list":["post-5122","page","type-page","status-publish","has-post-thumbnail","hentry"],"_links":{"self":[{"href":"https:\/\/esmfoundation.org\/de\/wp-json\/wp\/v2\/pages\/5122"}],"collection":[{"href":"https:\/\/esmfoundation.org\/de\/wp-json\/wp\/v2\/pages"}],"about":[{"href":"https:\/\/esmfoundation.org\/de\/wp-json\/wp\/v2\/types\/page"}],"author":[{"embeddable":true,"href":"https:\/\/esmfoundation.org\/de\/wp-json\/wp\/v2\/users\/395"}],"replies":[{"embeddable":true,"href":"https:\/\/esmfoundation.org\/de\/wp-json\/wp\/v2\/comments?post=5122"}],"version-history":[{"count":3,"href":"https:\/\/esmfoundation.org\/de\/wp-json\/wp\/v2\/pages\/5122\/revisions"}],"predecessor-version":[{"id":5362,"href":"https:\/\/esmfoundation.org\/de\/wp-json\/wp\/v2\/pages\/5122\/revisions\/5362"}],"up":[{"embeddable":true,"href":"https:\/\/esmfoundation.org\/de\/wp-json\/wp\/v2\/pages\/5114"}],"wp:featuredmedia":[{"embeddable":true,"href":"https:\/\/esmfoundation.org\/de\/wp-json\/wp\/v2\/media\/4918"}],"wp:attachment":[{"href":"https:\/\/esmfoundation.org\/de\/wp-json\/wp\/v2\/media?parent=5122"}],"curies":[{"name":"wp","href":"https:\/\/api.w.org\/{rel}","templated":true}]}}