{"id":5127,"date":"2024-04-07T18:56:36","date_gmt":"2024-04-07T16:56:36","guid":{"rendered":"https:\/\/esmfoundation.org\/?page_id=5127"},"modified":"2024-08-25T15:55:05","modified_gmt":"2024-08-25T13:55:05","slug":"irtc","status":"publish","type":"page","link":"https:\/\/esmfoundation.org\/de\/what-we-do\/projekte\/irtc\/","title":{"rendered":"IRTC"},"content":{"rendered":"\n<div class=\"wp-block-columns is-layout-flex wp-container-core-columns-is-layout-1 wp-block-columns-is-layout-flex\">\n<div class=\"wp-block-column is-layout-flow wp-block-column-is-layout-flow\" style=\"flex-basis:33.33%\">\n<figure class=\"wp-block-image size-full is-resized\"><img loading=\"lazy\" decoding=\"async\" width=\"401\" height=\"301\" src=\"https:\/\/esmfoundation.org\/wp-content\/uploads\/2024\/06\/Logo-IRTC2.jpg\" alt=\"\" class=\"wp-image-4164\" style=\"width:313px;height:auto\" srcset=\"https:\/\/esmfoundation.org\/wp-content\/uploads\/2024\/06\/Logo-IRTC2.jpg 401w, https:\/\/esmfoundation.org\/wp-content\/uploads\/2024\/06\/Logo-IRTC2-300x225.jpg 300w\" sizes=\"(max-width: 401px) 100vw, 401px\" \/><\/figure>\n<\/div>\n\n\n\n<div class=\"wp-block-column is-layout-flow wp-block-column-is-layout-flow\" style=\"flex-basis:66.66%\">\n<h3 class=\"wp-block-heading\">International Round Table on Materials Criticality<\/h3>\n\n\n\n<p>Der 2017 von der Stiftung ESM mit Unterst\u00fctzung von <a href=\"https:\/\/eitrawmaterials.eu\" target=\"_blank\" rel=\"noreferrer noopener\">EIT RawMaterials<\/a> ins Leben gerufene International Round Table on Materials Criticality (IRTC) hatte das prim\u00e4re Ziel, eine Plattform f\u00fcr den Austausch von Methoden zur Bewertung der Kritikalit\u00e4t von Rohstoffen aus verschiedenen L\u00e4ndern und Perspektiven zu schaffen und die Entwickler bedeutender Ans\u00e4tze zusammenzubringen, um die unterschiedlichen Merkmale, Ziele und Anwendungsbereiche von Methoden zur Betrachtung der Rohstoffkritikalit\u00e4t zu untersuchen. Heute ist IRTC das f\u00fchrende globale Netzwerk und die erste Veranstaltungsreihe, die sich der Kritikalit\u00e4t von Rohstoffen widmet, und dient als Anlaufstelle f\u00fcr interessierte Akteure weltweit. Es veranstaltet eine j\u00e4hrliche Konferenz, die den Austausch mit f\u00fchrenden Experten auf dem Gebiet der Kritikalit\u00e4t in Wissenschaft, Industrie und Politik erm\u00f6glicht. Dar\u00fcber hinaus hat die IRTC-Initiative ISO-zertifizierte Ausbildungskurse entwickelt, die angehenden Rohstoff-Risikomanagern Wissen \u00fcber die Feststellung und Begrenzung der Kritikalit\u00e4t vermitteln sollen.<\/p>\n\n\n\n<p>Weitere Informationen \u00fcber das Projekt finden Sie auf der <a href=\"http:\/\/irtc.info\" target=\"_blank\" rel=\"noreferrer noopener\">IRTC-Website<\/a><\/p>\n<\/div>\n<\/div>\n\n\n\n<p><\/p>\n","protected":false},"excerpt":{"rendered":"<p>International Round Table on Materials Criticality Der 2017 von der Stiftung ESM mit Unterst\u00fctzung von EIT RawMaterials ins Leben gerufene International Round Table on Materials Criticality (IRTC) hatte das prim\u00e4re Ziel, eine Plattform f\u00fcr den Austausch von Methoden zur Bewertung der Kritikalit\u00e4t von Rohstoffen aus verschiedenen L\u00e4ndern und Perspektiven zu schaffen und die Entwickler bedeutender&#8230; <\/p>\n<div class=\"clear\"><\/div>\n<p><a href=\"https:\/\/esmfoundation.org\/de\/what-we-do\/projekte\/irtc\/\" class=\"excerpt-read-more\">Read More<\/a><\/p>\n","protected":false},"author":395,"featured_media":4950,"parent":5114,"menu_order":5,"comment_status":"closed","ping_status":"closed","template":"","meta":{"_ti_tpc_template_sync":false,"_ti_tpc_template_id":"","footnotes":""},"class_list":["post-5127","page","type-page","status-publish","has-post-thumbnail","hentry"],"_links":{"self":[{"href":"https:\/\/esmfoundation.org\/de\/wp-json\/wp\/v2\/pages\/5127"}],"collection":[{"href":"https:\/\/esmfoundation.org\/de\/wp-json\/wp\/v2\/pages"}],"about":[{"href":"https:\/\/esmfoundation.org\/de\/wp-json\/wp\/v2\/types\/page"}],"author":[{"embeddable":true,"href":"https:\/\/esmfoundation.org\/de\/wp-json\/wp\/v2\/users\/395"}],"replies":[{"embeddable":true,"href":"https:\/\/esmfoundation.org\/de\/wp-json\/wp\/v2\/comments?post=5127"}],"version-history":[{"count":2,"href":"https:\/\/esmfoundation.org\/de\/wp-json\/wp\/v2\/pages\/5127\/revisions"}],"predecessor-version":[{"id":5129,"href":"https:\/\/esmfoundation.org\/de\/wp-json\/wp\/v2\/pages\/5127\/revisions\/5129"}],"up":[{"embeddable":true,"href":"https:\/\/esmfoundation.org\/de\/wp-json\/wp\/v2\/pages\/5114"}],"wp:featuredmedia":[{"embeddable":true,"href":"https:\/\/esmfoundation.org\/de\/wp-json\/wp\/v2\/media\/4950"}],"wp:attachment":[{"href":"https:\/\/esmfoundation.org\/de\/wp-json\/wp\/v2\/media?parent=5127"}],"curies":[{"name":"wp","href":"https:\/\/api.w.org\/{rel}","templated":true}]}}