{"id":5131,"date":"2024-04-07T18:56:36","date_gmt":"2024-04-07T16:56:36","guid":{"rendered":"https:\/\/esmfoundation.org\/?page_id=5131"},"modified":"2024-09-09T12:13:51","modified_gmt":"2024-09-09T10:13:51","slug":"schweizer-batterien","status":"publish","type":"page","link":"https:\/\/esmfoundation.org\/de\/what-we-do\/projekte\/schweizer-batterien\/","title":{"rendered":"Schweizer Batterien"},"content":{"rendered":"\n<h3 class=\"wp-block-heading\">F\u00f6rderung der Kreislaufwirtschaft f\u00fcr Batterien in der Schweiz<\/h3>\n\n\n\n<p>Die ESM Stiftung unterst\u00fctzt und tr\u00e4gt zu einer Kreislaufwirtschaft f\u00fcr Elektroauto-Batterien (EV) in der Schweiz bei. Wir haben verschiedene Workshops zu diesem Thema mit Wissenschaft, Industrie und Politik durchgef\u00fchrt. Wir sind Mitglied der <a href=\"https:\/\/ibat.swiss\/\" target=\"_blank\" rel=\"noreferrer noopener\">iBat Association<\/a> und engagieren uns aktiv im Projekt CircuBAT, wo wir das Teilprojekt 07 zu nachhaltigen Gesch\u00e4ftsmodellen mitentwickelt haben und mitgestalten.<\/p>\n\n\n\n<hr class=\"wp-block-separator has-text-color has-alpha-channel-opacity has-background is-style-wide\" style=\"background-color:#f2cea2;color:#f2cea2\"\/>\n\n\n\n<div class=\"wp-block-columns is-layout-flex wp-container-core-columns-is-layout-1 wp-block-columns-is-layout-flex\">\n<div class=\"wp-block-column is-vertically-aligned-center is-layout-flow wp-block-column-is-layout-flow\">\n<figure class=\"wp-block-image size-large is-resized\"><img loading=\"lazy\" decoding=\"async\" width=\"1024\" height=\"238\" src=\"https:\/\/esmfoundation.org\/wp-content\/uploads\/2024\/06\/220208_Logo_CircuBAT_BW_POS-1024x238.png\" alt=\"\" class=\"wp-image-4167\" style=\"width:516px;height:auto\"\/><\/figure>\n<\/div>\n\n\n\n<div class=\"wp-block-column is-layout-flow wp-block-column-is-layout-flow\">\n<h4 class=\"wp-block-heading\"><strong>Das CircuBAT Projekt<\/strong><\/h4>\n\n\n\n<p><strong>Laufzeit:<\/strong> 2022 \u2013 2026<\/p>\n\n\n\n<p>Die ESM Stiftung beteiligt sich an der Umsetzung eines zirkul\u00e4ren, nachhaltigen Gesch\u00e4ftsmodells f\u00fcr Batterien, die in der Elektromobilit\u00e4t eingesetzt werden. Dazu werden in enger Zusammenarbeit mit den Partnern aus den technischen Teilprojekten Gesch\u00e4ftsmodelle f\u00fcr die gesamte Wertsch\u00f6pfungskette entwickelt sowie Nachhaltigkeits-Hotspots und Hebelpunkte identifiziert. Dies f\u00f6rdert den gegenseitigen Austausch zwischen den verschiedenen Projektpartnern. Mit Blick auf die gesamte Wertsch\u00f6pfungskette sollen zudem geeignete, nachhaltige und wirtschaftlich vorteilhafte Gesch\u00e4ftsmodule f\u00fcr die Umsetzung dieser Innovationen identifiziert und mit Hilfe von empirisch gest\u00fctzten Simulationsmodellen bewertet und evaluiert werden.<\/p>\n\n\n\n<p>Weitere Informationen finden Sie auf der<a href=\"https:\/\/circubat.ch\" target=\"_blank\" rel=\"noreferrer noopener\"> CircuBAT-Homepage.<\/a><\/p>\n<\/div>\n<\/div>\n\n\n\n<p><\/p>\n","protected":false},"excerpt":{"rendered":"<p>F\u00f6rderung der Kreislaufwirtschaft f\u00fcr Batterien in der Schweiz Die ESM Stiftung unterst\u00fctzt und tr\u00e4gt zu einer Kreislaufwirtschaft f\u00fcr Elektroauto-Batterien (EV) in der Schweiz bei. Wir haben verschiedene Workshops zu diesem Thema mit Wissenschaft, Industrie und Politik durchgef\u00fchrt. Wir sind Mitglied der iBat Association und engagieren uns aktiv im Projekt CircuBAT, wo wir das Teilprojekt 07&#8230; <\/p>\n<div class=\"clear\"><\/div>\n<p><a href=\"https:\/\/esmfoundation.org\/de\/what-we-do\/projekte\/schweizer-batterien\/\" class=\"excerpt-read-more\">Read More<\/a><\/p>\n","protected":false},"author":395,"featured_media":4932,"parent":5114,"menu_order":6,"comment_status":"closed","ping_status":"closed","template":"","meta":{"_ti_tpc_template_sync":false,"_ti_tpc_template_id":"","footnotes":""},"class_list":["post-5131","page","type-page","status-publish","has-post-thumbnail","hentry"],"_links":{"self":[{"href":"https:\/\/esmfoundation.org\/de\/wp-json\/wp\/v2\/pages\/5131"}],"collection":[{"href":"https:\/\/esmfoundation.org\/de\/wp-json\/wp\/v2\/pages"}],"about":[{"href":"https:\/\/esmfoundation.org\/de\/wp-json\/wp\/v2\/types\/page"}],"author":[{"embeddable":true,"href":"https:\/\/esmfoundation.org\/de\/wp-json\/wp\/v2\/users\/395"}],"replies":[{"embeddable":true,"href":"https:\/\/esmfoundation.org\/de\/wp-json\/wp\/v2\/comments?post=5131"}],"version-history":[{"count":3,"href":"https:\/\/esmfoundation.org\/de\/wp-json\/wp\/v2\/pages\/5131\/revisions"}],"predecessor-version":[{"id":5363,"href":"https:\/\/esmfoundation.org\/de\/wp-json\/wp\/v2\/pages\/5131\/revisions\/5363"}],"up":[{"embeddable":true,"href":"https:\/\/esmfoundation.org\/de\/wp-json\/wp\/v2\/pages\/5114"}],"wp:featuredmedia":[{"embeddable":true,"href":"https:\/\/esmfoundation.org\/de\/wp-json\/wp\/v2\/media\/4932"}],"wp:attachment":[{"href":"https:\/\/esmfoundation.org\/de\/wp-json\/wp\/v2\/media?parent=5131"}],"curies":[{"name":"wp","href":"https:\/\/api.w.org\/{rel}","templated":true}]}}