{"id":5136,"date":"2024-04-18T21:20:01","date_gmt":"2024-04-18T19:20:01","guid":{"rendered":"https:\/\/esmfoundation.org\/?page_id=5136"},"modified":"2025-10-06T10:35:44","modified_gmt":"2025-10-06T08:35:44","slug":"suscritmat","status":"publish","type":"page","link":"https:\/\/esmfoundation.org\/de\/what-we-do\/projekte\/suscritmat\/","title":{"rendered":"SusCritMat"},"content":{"rendered":"\n<div class=\"wp-block-columns is-layout-flex wp-container-core-columns-is-layout-1 wp-block-columns-is-layout-flex\">\n<div class=\"wp-block-column is-layout-flow wp-block-column-is-layout-flow\" style=\"flex-basis:33.33%\"><div class=\"wp-block-image\">\n<figure class=\"aligncenter size-full is-resized\"><img loading=\"lazy\" decoding=\"async\" width=\"640\" height=\"640\" src=\"https:\/\/esmfoundation.org\/wp-content\/uploads\/2024\/06\/SusCritMat-logo-1435741279.jpg\" alt=\"\" class=\"wp-image-3822\" style=\"width:auto;height:260px\" srcset=\"https:\/\/esmfoundation.org\/wp-content\/uploads\/2024\/06\/SusCritMat-logo-1435741279.jpg 640w, https:\/\/esmfoundation.org\/wp-content\/uploads\/2024\/06\/SusCritMat-logo-1435741279-300x300.jpg 300w, https:\/\/esmfoundation.org\/wp-content\/uploads\/2024\/06\/SusCritMat-logo-1435741279-150x150.jpg 150w, https:\/\/esmfoundation.org\/wp-content\/uploads\/2024\/06\/SusCritMat-logo-1435741279-400x400.jpg 400w\" sizes=\"(max-width: 640px) 100vw, 640px\" \/><\/figure><\/div><\/div>\n\n\n\n<div class=\"wp-block-column is-layout-flow wp-block-column-is-layout-flow\" style=\"flex-basis:66.66%\">\n<h3 class=\"wp-block-heading\">Unterst\u00fctzung europ\u00e4ischer Bildung zu nachhaltigen kritischen Materialien<\/h3>\n\n\n\n<p>SusCritMat war ein von <a href=\"https:\/\/eitrawmaterials.eu\/\" target=\"_blank\" rel=\"noreferrer noopener\">EIT Raw Materials<\/a> finanziertes und von der ESM-Stiftung koordiniertes Projekt. Es war ein Projekt mit <a href=\"https:\/\/suscritmat.eu\/partners\/\">acht europ\u00e4ischen Partnern<\/a> und zielte darauf ab, Doktoranden, Masterstudenten, junge Ingenieure, Forscher und Manager auszubilden und eine Reihe von wichtigen Aspekten in Bezug auf kritische Rohstoffe abzudecken. In einem neuartigen Konzept wurden Kurse f\u00fcr Doktoranden, Masterstudenten, Fach- und F\u00fchrungskr\u00e4fte zu komplexen und interdisziplin\u00e4ren Themen eingef\u00fchrt, die durch einen modularen Aufbau an eine Vielzahl unterschiedlicher Formate angepasst werden konnten. In diesen Kursen wurden neue F\u00e4higkeiten entwickelt, die den Teilnehmern halfen, die Auswirkungen und die Rolle kritischer Rohstoffe in einer ganzheitlichen Betrachtung der Wertsch\u00f6pfungskette besser zu verstehen, was einen Mehrwert f\u00fcr die Unternehmen und die Industrie darstellte.<\/p>\n\n\n\n<p>Das Konsortium erstellte <a href=\"https:\/\/suscritmat.eu\/learning-content\/\">Lehrmaterial <\/a>und stellte es in einer Vielzahl von Modulen zusammen, die zu verschiedenen Kursformaten kombiniert werden konnten. Den Teilnehmern der Sommer- und Winterschulen wurde multimediales Lehrmaterial zur Verf\u00fcgung gestellt, damit sie mit modernsten Techniken und Daten arbeiten k\u00f6nnen.<\/p>\n<\/div>\n<\/div>\n","protected":false},"excerpt":{"rendered":"<p>Unterst\u00fctzung europ\u00e4ischer Bildung zu nachhaltigen kritischen Materialien SusCritMat war ein von EIT Raw Materials finanziertes und von der ESM-Stiftung koordiniertes Projekt. Es war ein Projekt mit acht europ\u00e4ischen Partnern und zielte darauf ab, Doktoranden, Masterstudenten, junge Ingenieure, Forscher und Manager auszubilden und eine Reihe von wichtigen Aspekten in Bezug auf kritische Rohstoffe abzudecken. In einem&#8230; <\/p>\n<div class=\"clear\"><\/div>\n<p><a href=\"https:\/\/esmfoundation.org\/de\/what-we-do\/projekte\/suscritmat\/\" class=\"excerpt-read-more\">Read More<\/a><\/p>\n","protected":false},"author":395,"featured_media":4887,"parent":5114,"menu_order":0,"comment_status":"closed","ping_status":"closed","template":"","meta":{"_ti_tpc_template_sync":false,"_ti_tpc_template_id":"","footnotes":""},"class_list":["post-5136","page","type-page","status-publish","has-post-thumbnail","hentry"],"_links":{"self":[{"href":"https:\/\/esmfoundation.org\/de\/wp-json\/wp\/v2\/pages\/5136"}],"collection":[{"href":"https:\/\/esmfoundation.org\/de\/wp-json\/wp\/v2\/pages"}],"about":[{"href":"https:\/\/esmfoundation.org\/de\/wp-json\/wp\/v2\/types\/page"}],"author":[{"embeddable":true,"href":"https:\/\/esmfoundation.org\/de\/wp-json\/wp\/v2\/users\/395"}],"replies":[{"embeddable":true,"href":"https:\/\/esmfoundation.org\/de\/wp-json\/wp\/v2\/comments?post=5136"}],"version-history":[{"count":3,"href":"https:\/\/esmfoundation.org\/de\/wp-json\/wp\/v2\/pages\/5136\/revisions"}],"predecessor-version":[{"id":5757,"href":"https:\/\/esmfoundation.org\/de\/wp-json\/wp\/v2\/pages\/5136\/revisions\/5757"}],"up":[{"embeddable":true,"href":"https:\/\/esmfoundation.org\/de\/wp-json\/wp\/v2\/pages\/5114"}],"wp:featuredmedia":[{"embeddable":true,"href":"https:\/\/esmfoundation.org\/de\/wp-json\/wp\/v2\/media\/4887"}],"wp:attachment":[{"href":"https:\/\/esmfoundation.org\/de\/wp-json\/wp\/v2\/media?parent=5136"}],"curies":[{"name":"wp","href":"https:\/\/api.w.org\/{rel}","templated":true}]}}