{"id":5139,"date":"2024-04-18T21:20:01","date_gmt":"2024-04-18T19:20:01","guid":{"rendered":"https:\/\/esmfoundation.org\/?page_id=5139"},"modified":"2024-08-25T16:17:18","modified_gmt":"2024-08-25T14:17:18","slug":"irtc-in-peking","status":"publish","type":"page","link":"https:\/\/esmfoundation.org\/de\/what-we-do\/projekte\/irtc-in-peking\/","title":{"rendered":"IRTC in Peking"},"content":{"rendered":"\n<div class=\"wp-block-columns is-layout-flex wp-container-core-columns-is-layout-1 wp-block-columns-is-layout-flex\">\n<div class=\"wp-block-column is-layout-flow wp-block-column-is-layout-flow\" style=\"flex-basis:33.33%\">\n<figure class=\"wp-block-image size-full is-resized\"><img loading=\"lazy\" decoding=\"async\" width=\"640\" height=\"480\" src=\"https:\/\/esmfoundation.org\/wp-content\/uploads\/2024\/06\/changcheng-300x225-2-3471390844.jpg\" alt=\"\" class=\"wp-image-3829\" style=\"width:369px;height:auto\" srcset=\"https:\/\/esmfoundation.org\/wp-content\/uploads\/2024\/06\/changcheng-300x225-2-3471390844.jpg 640w, https:\/\/esmfoundation.org\/wp-content\/uploads\/2024\/06\/changcheng-300x225-2-3471390844-300x225.jpg 300w, https:\/\/esmfoundation.org\/wp-content\/uploads\/2024\/06\/changcheng-300x225-2-3471390844-400x300.jpg 400w\" sizes=\"(max-width: 640px) 100vw, 640px\" \/><\/figure>\n<\/div>\n\n\n\n<div class=\"wp-block-column is-layout-flow wp-block-column-is-layout-flow\" style=\"flex-basis:66.66%\">\n<h3 class=\"wp-block-heading\">Reiseunterst\u00fctzung f\u00fcr den 4. IRTC in Peking<\/h3>\n\n\n\n<p>Sie forschen oder haben geforscht im Bereich Kritikalit\u00e4t &#8211; als Student, Akademiker, Fachmann oder aus pers\u00f6nlichem Interesse? Die ESM-Stiftung vergibt Reisekostenzusch\u00fcsse (bis zu 2000 EUR) f\u00fcr Nachwuchsforscher auf diesem Gebiet. Der Schwerpunkt der Forschung kann auf Themen liegen wie:<\/p>\n\n\n\n<ul class=\"wp-block-list\">\n<li>Bewertung der Kritikalit\u00e4t<\/li>\n\n\n\n<li>Lager und Str\u00f6me von REEs und anderen kritischen Rohstoffen<\/li>\n\n\n\n<li>R\u00fcckgewinnung, Urban Mining und andere sekund\u00e4re Quellen<\/li>\n\n\n\n<li>Innovative Ans\u00e4tze zur Verringerung der Verschwendung kritischer Rohstoffe<\/li>\n\n\n\n<li>Internationale Zusammenarbeit bez\u00fcglich kritischen Rohstoffen<\/li>\n<\/ul>\n<\/div>\n<\/div>\n\n\n\n<p>Die Gewinner erhalten eine Reisekostenerstattung f\u00fcr die Teilnahme an der IRTC-\u201eRoundtable\u201c-Sitzung auf der 10. Internationalen Konferenz der Internationalen Gesellschaft f\u00fcr Industrie\u00f6kologie (ICISIE 2019) in Peking am 7. Juli 2019 und werden zur Teilnahme an der Roundtable-Diskussion eingeladen. Das Roundtable-Gespr\u00e4ch wird von einer Gruppe von Criticality-Experten aus einschl\u00e4gigen Universit\u00e4ten und Instituten in Europa, Nordamerika, Asien und Australien geleitet.<\/p>\n\n\n\n<p>Interessiert? Reichen Sie einen einseitigen Vorschlag mit folgenden Angaben ein:<\/p>\n\n\n\n<ul class=\"wp-block-list\">\n<li>Inhalt Ihrer Forschungsarbeit<\/li>\n\n\n\n<li>Wie Ihre Teilnahme zum IRTC Round Table beitr\u00e4gt<\/li>\n\n\n\n<li>Wie Ihr Vorschlag zu den Zielen der ESM-Stiftung passt<\/li>\n<\/ul>\n","protected":false},"excerpt":{"rendered":"<p>Reiseunterst\u00fctzung f\u00fcr den 4. IRTC in Peking Sie forschen oder haben geforscht im Bereich Kritikalit\u00e4t &#8211; als Student, Akademiker, Fachmann oder aus pers\u00f6nlichem Interesse? Die ESM-Stiftung vergibt Reisekostenzusch\u00fcsse (bis zu 2000 EUR) f\u00fcr Nachwuchsforscher auf diesem Gebiet. Der Schwerpunkt der Forschung kann auf Themen liegen wie: Die Gewinner erhalten eine Reisekostenerstattung f\u00fcr die Teilnahme an&#8230; <\/p>\n<div class=\"clear\"><\/div>\n<p><a href=\"https:\/\/esmfoundation.org\/de\/what-we-do\/projekte\/irtc-in-peking\/\" class=\"excerpt-read-more\">Read More<\/a><\/p>\n","protected":false},"author":395,"featured_media":4889,"parent":5114,"menu_order":1,"comment_status":"closed","ping_status":"closed","template":"","meta":{"_ti_tpc_template_sync":false,"_ti_tpc_template_id":"","footnotes":""},"class_list":["post-5139","page","type-page","status-publish","has-post-thumbnail","hentry"],"_links":{"self":[{"href":"https:\/\/esmfoundation.org\/de\/wp-json\/wp\/v2\/pages\/5139"}],"collection":[{"href":"https:\/\/esmfoundation.org\/de\/wp-json\/wp\/v2\/pages"}],"about":[{"href":"https:\/\/esmfoundation.org\/de\/wp-json\/wp\/v2\/types\/page"}],"author":[{"embeddable":true,"href":"https:\/\/esmfoundation.org\/de\/wp-json\/wp\/v2\/users\/395"}],"replies":[{"embeddable":true,"href":"https:\/\/esmfoundation.org\/de\/wp-json\/wp\/v2\/comments?post=5139"}],"version-history":[{"count":2,"href":"https:\/\/esmfoundation.org\/de\/wp-json\/wp\/v2\/pages\/5139\/revisions"}],"predecessor-version":[{"id":5141,"href":"https:\/\/esmfoundation.org\/de\/wp-json\/wp\/v2\/pages\/5139\/revisions\/5141"}],"up":[{"embeddable":true,"href":"https:\/\/esmfoundation.org\/de\/wp-json\/wp\/v2\/pages\/5114"}],"wp:featuredmedia":[{"embeddable":true,"href":"https:\/\/esmfoundation.org\/de\/wp-json\/wp\/v2\/media\/4889"}],"wp:attachment":[{"href":"https:\/\/esmfoundation.org\/de\/wp-json\/wp\/v2\/media?parent=5139"}],"curies":[{"name":"wp","href":"https:\/\/api.w.org\/{rel}","templated":true}]}}