{"id":5142,"date":"2024-04-18T21:20:01","date_gmt":"2024-04-18T19:20:01","guid":{"rendered":"https:\/\/esmfoundation.org\/?page_id=5142"},"modified":"2024-08-25T16:24:34","modified_gmt":"2024-08-25T14:24:34","slug":"forschungsprojekte","status":"publish","type":"page","link":"https:\/\/esmfoundation.org\/de\/what-we-do\/projekte\/forschungsprojekte\/","title":{"rendered":"Forschungsprojekte"},"content":{"rendered":"\n<div class=\"wp-block-columns is-layout-flex wp-container-core-columns-is-layout-1 wp-block-columns-is-layout-flex\">\n<div class=\"wp-block-column is-layout-flow wp-block-column-is-layout-flow\" style=\"flex-basis:33.33%\"><div class=\"wp-block-image\">\n<figure class=\"aligncenter size-full is-resized\"><img loading=\"lazy\" decoding=\"async\" width=\"640\" height=\"428\" src=\"https:\/\/esmfoundation.org\/wp-content\/uploads\/2024\/06\/shutterstock_751548085-3157536868.jpg\" alt=\"\" class=\"wp-image-3824\" style=\"width:auto;height:260px\" srcset=\"https:\/\/esmfoundation.org\/wp-content\/uploads\/2024\/06\/shutterstock_751548085-3157536868.jpg 640w, https:\/\/esmfoundation.org\/wp-content\/uploads\/2024\/06\/shutterstock_751548085-3157536868-300x201.jpg 300w\" sizes=\"(max-width: 640px) 100vw, 640px\" \/><\/figure><\/div><\/div>\n\n\n\n<div class=\"wp-block-column is-layout-flow wp-block-column-is-layout-flow\" style=\"flex-basis:66.66%\">\n<h3 class=\"wp-block-heading\">Aufforderung zur Einreichung von Forschungsprojekten<\/h3>\n\n\n\n<p><strong>Duration:<\/strong>&nbsp;October 2019 \u2013 March 2020 (6 months)<br><strong>Maximum funding:<\/strong>&nbsp;45\u2019000 CHF<\/p>\n\n\n\n<p>Die Stiftung ESM sucht mit Unterst\u00fctzung von <a href=\"https:\/\/www.swissmem.ch\/en.html\" target=\"_blank\" rel=\"noreferrer noopener\">Swissmem <\/a>nach einer Einsch\u00e4tzung der politischen Entwicklungen im Bereich der seltenen und kritischen Metalle in der Schweiz und deren Auswirkungen auf die Schweizer Industrie.<\/p>\n<\/div>\n<\/div>\n\n\n\n<p>Hierf\u00fcr suchen wir einen Forscher*in oder ein Forschungsteam, das eine solche Bewertung in folgendem Kontext durchf\u00fchrt:<\/p>\n\n\n\n<ul class=\"wp-block-list\">\n<li>Identifizierung der relevanten institutionellen Gremien, die die Rohstoffpolitik und -vorschriften in der Schweiz gestalten und beeinflussen;<\/li>\n\n\n\n<li>Identifizierung und Bewertung der relevanten Schweizer Gesetze, Bestimmungen, Normen und Meldepflichten in Bezug auf den Import kritischer Rohstoffe, ihre Verwendung in Komponenten, Recycling und Substitution;<\/li>\n\n\n\n<li>\u00dcberblick \u00fcber relevante Instrumente, Methoden und Werkzeuge zum Umgang mit kritischen Rohstoffen aus Sicht der Industrie;<\/li>\n\n\n\n<li>\u00dcberblick \u00fcber relevante Entwicklungen in der EU und Beurteilung ihrer (zuk\u00fcnftigen) Relevanz f\u00fcr die Schweiz;<\/li>\n\n\n\n<li>Identifikation anstehender Strategien und Regulierungen; Bewertung der politischen Diskussion, Entwicklungstendenzen und Zukunftsszenarien;<\/li>\n\n\n\n<li>Absch\u00e4tzung der Auswirkungen der verschiedenen Szenarien auf die Schweizer Industriesektoren;<\/li>\n\n\n\n<li>Erarbeitung von Empfehlungen f\u00fcr industrielle Akteure<\/li>\n<\/ul>\n\n\n\n<p>Die Studie sollte in enger Abstimmung mit der ESM-Stiftung und Swissmem sowie in Zusammenarbeit mit laufenden Schweizer Forschungsaktivit\u00e4ten (z.B. dem NFP73-Programm OASES, Open Assessment of Swiss Economy and Society) durchgef\u00fchrt werden.<\/p>\n\n\n\n<p>Die ideale Forscherin oder der ideale Forscher bzw. die ideale Forschungsgruppe vereint Verst\u00e4ndnis der schweizerischen Politiklandschaft, Vertrautheit mit relevanten technischen Entwicklungen und Industrien sowie Kenntnisse der wirtschaftlichen Mechanismen der Rohstoffversorgung. Wir erwarten einen Forschungsvorschlag, der die Forschungsstrategie, die methodischen Entscheidungen und den Zeitplan darlegt (max. 10 Seiten).<\/p>\n","protected":false},"excerpt":{"rendered":"<p>Aufforderung zur Einreichung von Forschungsprojekten Duration:&nbsp;October 2019 \u2013 March 2020 (6 months)Maximum funding:&nbsp;45\u2019000 CHF Die Stiftung ESM sucht mit Unterst\u00fctzung von Swissmem nach einer Einsch\u00e4tzung der politischen Entwicklungen im Bereich der seltenen und kritischen Metalle in der Schweiz und deren Auswirkungen auf die Schweizer Industrie. Hierf\u00fcr suchen wir einen Forscher*in oder ein Forschungsteam, das eine&#8230; <\/p>\n<div class=\"clear\"><\/div>\n<p><a href=\"https:\/\/esmfoundation.org\/de\/what-we-do\/projekte\/forschungsprojekte\/\" class=\"excerpt-read-more\">Read More<\/a><\/p>\n","protected":false},"author":395,"featured_media":4888,"parent":5114,"menu_order":2,"comment_status":"closed","ping_status":"closed","template":"","meta":{"_ti_tpc_template_sync":false,"_ti_tpc_template_id":"","footnotes":""},"class_list":["post-5142","page","type-page","status-publish","has-post-thumbnail","hentry"],"_links":{"self":[{"href":"https:\/\/esmfoundation.org\/de\/wp-json\/wp\/v2\/pages\/5142"}],"collection":[{"href":"https:\/\/esmfoundation.org\/de\/wp-json\/wp\/v2\/pages"}],"about":[{"href":"https:\/\/esmfoundation.org\/de\/wp-json\/wp\/v2\/types\/page"}],"author":[{"embeddable":true,"href":"https:\/\/esmfoundation.org\/de\/wp-json\/wp\/v2\/users\/395"}],"replies":[{"embeddable":true,"href":"https:\/\/esmfoundation.org\/de\/wp-json\/wp\/v2\/comments?post=5142"}],"version-history":[{"count":2,"href":"https:\/\/esmfoundation.org\/de\/wp-json\/wp\/v2\/pages\/5142\/revisions"}],"predecessor-version":[{"id":5144,"href":"https:\/\/esmfoundation.org\/de\/wp-json\/wp\/v2\/pages\/5142\/revisions\/5144"}],"up":[{"embeddable":true,"href":"https:\/\/esmfoundation.org\/de\/wp-json\/wp\/v2\/pages\/5114"}],"wp:featuredmedia":[{"embeddable":true,"href":"https:\/\/esmfoundation.org\/de\/wp-json\/wp\/v2\/media\/4888"}],"wp:attachment":[{"href":"https:\/\/esmfoundation.org\/de\/wp-json\/wp\/v2\/media?parent=5142"}],"curies":[{"name":"wp","href":"https:\/\/api.w.org\/{rel}","templated":true}]}}