{"id":5160,"date":"2023-08-30T17:00:25","date_gmt":"2023-08-30T15:00:25","guid":{"rendered":"https:\/\/esmfoundation.org\/?page_id=5160"},"modified":"2024-08-26T18:38:27","modified_gmt":"2024-08-26T16:38:27","slug":"nach-dem-zweiten-weltkrieg-beschaeftigte-sich-der-schweizer-chemiker-gaston-f-dubois-der-zuvor-in-leitender-funktion-beim-agrochemieunternehmen-monsanto-in-den-usa-taetig-gewesen-war-mit-der-versor","status":"publish","type":"page","link":"https:\/\/esmfoundation.org\/de\/who-we-are\/nach-dem-zweiten-weltkrieg-beschaeftigte-sich-der-schweizer-chemiker-gaston-f-dubois-der-zuvor-in-leitender-funktion-beim-agrochemieunternehmen-monsanto-in-den-usa-taetig-gewesen-war-mit-der-versor\/","title":{"rendered":"Unsere Geschichte"},"content":{"rendered":"\n<h5 class=\"wp-block-heading\">Nach dem Zweiten Weltkrieg besch\u00e4ftigte sich der Schweizer Chemiker Gaston F. Dubois, der zuvor in leitender Funktion beim Agrochemieunternehmen Monsanto in den USA t\u00e4tig gewesen war, mit der Versorgung der Schweiz mit Rohstoffen aus dem Ausland. Am 15. Dezember 1951 gr\u00fcndete er in Z\u00fcrich den \u201eEntwicklungsfonds Seltene Metalle\u201c mit sich selbst, dem ETH-Professor E. Baumann und Dr. O. Zipfel, der damals als Delegierter des Bundesrates f\u00fcr Arbeitsbeschaffung t\u00e4tig war, als erste Stiftungsr\u00e4te und dem Industrieberater Dr. O.H. Messner als ersten Pr\u00e4sidenten des Stiftungsrates.<\/h5>\n\n\n\n<p>Auf der Grundlage ihrer vor mehr als 70 Jahren verfassten Stiftungsurkunde bezweckt die Stiftung die F\u00f6rderung und Durchf\u00fchrung von Forschungen und Untersuchungen auf dem Gebiet der seltenen Metalle im Hinblick auf deren industrielle Nutzung. Seitdem hat die ESM-Stiftung mehr als 30 Forschungsprojekte in Bereichen unterst\u00fctzt, in denen die seltenen Elemente eine entscheidende Rolle spielen.<br>Bei der Gr\u00fcndung der ESM hatten die Gr\u00fcnderv\u00e4ter den Ehrgeiz, neue Industrien auf dem Gebiet der \u201eseltenen Metalle\u201c und damit neue Arbeitspl\u00e4tze zu schaffen. Durch die Finanzierung von Forschung und Entwicklung sollte die Nutzung und Verwertung solcher Ergebnisse unterst\u00fctzt werden, um Innovationen und marktf\u00e4hige Produkte zu schaffen.<\/p>\n\n\n\n<p><a href=\"https:\/\/esmfoundation.org\/wp-content\/uploads\/2024\/07\/Stiftungsurkunde_beurkundet.pdf\" target=\"_blank\" rel=\"noreferrer noopener\">ESM- Stiftungsurkunde von 1951<\/a><\/p>\n\n\n\n<p>Heute setzt die ESM die Arbeit ihrer Gr\u00fcnder fort, indem sie neue Ideen im Zusammenhang mit seltenen und kritischen Elementen und ihrer strategischen Bedeutung f\u00fcr Wissenschaft und Technik zusammenbringt.<\/p>\n","protected":false},"excerpt":{"rendered":"<p>Nach dem Zweiten Weltkrieg besch\u00e4ftigte sich der Schweizer Chemiker Gaston F. Dubois, der zuvor in leitender Funktion beim Agrochemieunternehmen Monsanto in den USA t\u00e4tig gewesen war, mit der Versorgung der Schweiz mit Rohstoffen aus dem Ausland. Am 15. Dezember 1951 gr\u00fcndete er in Z\u00fcrich den \u201eEntwicklungsfonds Seltene Metalle\u201c mit sich selbst, dem ETH-Professor E. Baumann&#8230; <\/p>\n<div class=\"clear\"><\/div>\n<p><a href=\"https:\/\/esmfoundation.org\/de\/who-we-are\/nach-dem-zweiten-weltkrieg-beschaeftigte-sich-der-schweizer-chemiker-gaston-f-dubois-der-zuvor-in-leitender-funktion-beim-agrochemieunternehmen-monsanto-in-den-usa-taetig-gewesen-war-mit-der-versor\/\" class=\"excerpt-read-more\">Read More<\/a><\/p>\n","protected":false},"author":395,"featured_media":0,"parent":4609,"menu_order":2,"comment_status":"closed","ping_status":"closed","template":"","meta":{"_ti_tpc_template_sync":false,"_ti_tpc_template_id":"","footnotes":""},"class_list":["post-5160","page","type-page","status-publish","hentry"],"_links":{"self":[{"href":"https:\/\/esmfoundation.org\/de\/wp-json\/wp\/v2\/pages\/5160"}],"collection":[{"href":"https:\/\/esmfoundation.org\/de\/wp-json\/wp\/v2\/pages"}],"about":[{"href":"https:\/\/esmfoundation.org\/de\/wp-json\/wp\/v2\/types\/page"}],"author":[{"embeddable":true,"href":"https:\/\/esmfoundation.org\/de\/wp-json\/wp\/v2\/users\/395"}],"replies":[{"embeddable":true,"href":"https:\/\/esmfoundation.org\/de\/wp-json\/wp\/v2\/comments?post=5160"}],"version-history":[{"count":4,"href":"https:\/\/esmfoundation.org\/de\/wp-json\/wp\/v2\/pages\/5160\/revisions"}],"predecessor-version":[{"id":5164,"href":"https:\/\/esmfoundation.org\/de\/wp-json\/wp\/v2\/pages\/5160\/revisions\/5164"}],"up":[{"embeddable":true,"href":"https:\/\/esmfoundation.org\/de\/wp-json\/wp\/v2\/pages\/4609"}],"wp:attachment":[{"href":"https:\/\/esmfoundation.org\/de\/wp-json\/wp\/v2\/media?parent=5160"}],"curies":[{"name":"wp","href":"https:\/\/api.w.org\/{rel}","templated":true}]}}