{"id":5270,"date":"2023-08-30T17:00:25","date_gmt":"2023-08-30T15:00:25","guid":{"rendered":"https:\/\/esmfoundation.org\/?page_id=5270"},"modified":"2024-09-02T13:50:26","modified_gmt":"2024-09-02T11:50:26","slug":"our-vision","status":"publish","type":"page","link":"https:\/\/esmfoundation.org\/de\/who-we-are\/our-vision\/","title":{"rendered":"Unsere Vision"},"content":{"rendered":"\n<blockquote class=\"wp-block-quote is-layout-flow wp-block-quote-is-layout-flow\">\n<h4 class=\"wp-block-heading\">Die Stiftung Entwicklungsfonds Seltene Metalle (ESM) ist das f\u00fchrende Schweizer Netzwerk f\u00fcr Fragen zur verantwortungsvollen industriellen Nutzung von begrenzt verf\u00fcgbaren Metallen, die wesentlich sind f\u00fcr die Transformation zu einer nachhaltigen Gesellschaft.<\/h4>\n<\/blockquote>\n\n\n\n<h5 class=\"wp-block-heading\">Unsere Vision umfasst einen umfassenden Ansatz f\u00fcr den Umgang mit kritischen Ressourcen in einer Weise, die eine verantwortungsvolle Nutzung f\u00f6rdert, Innovationen vorantreibt und gesellschaftliche Ver\u00e4nderungen in Richtung Nachhaltigkeit vorantreibt. Es geht darum, mit gutem Beispiel voranzugehen, ethische \u00dcberlegungen einzubeziehen und praktische, wirksame L\u00f6sungen f\u00fcr die Zukunft zu entwickeln.<\/h5>\n\n\n\n<div style=\"height:25px\" aria-hidden=\"true\" class=\"wp-block-spacer\"><\/div>\n\n\n\n<div class=\"wp-block-columns is-layout-flex wp-container-core-columns-is-layout-1 wp-block-columns-is-layout-flex\">\n<div class=\"wp-block-column is-layout-flow wp-block-column-is-layout-flow\">\n<figure class=\"wp-block-image size-full is-resized\"><img decoding=\"async\" src=\"https:\/\/esmfoundation.org\/wp-content\/uploads\/2024\/07\/organic-search-icon.svg\" alt=\"\" class=\"wp-image-4356\" style=\"aspect-ratio:1;object-fit:contain;width:60px\"\/><\/figure>\n\n\n\n<div style=\"height:25px\" aria-hidden=\"true\" class=\"wp-block-spacer\"><\/div>\n\n\n\n<h4 class=\"wp-block-heading\">Wesentliche Ressourcen<\/h4>\n\n\n\n<p>Kritische Rohstoffe sind nicht im \u00dcberfluss vorhanden und h\u00e4ufig Gegenstand geopolitischer Konflikte. Sie spielen eine entscheidende Rolle in verschiedenen technologischen und industriellen Anwendungen, insbesondere in solchen, die f\u00fcr die F\u00f6rderung nachhaltiger Praktiken notwendig sind. Dies unterstreicht die Bedeutung einer sorgf\u00e4ltigen, effizienten und nachhaltigen Nutzung.<\/p>\n<\/div>\n\n\n\n<div class=\"wp-block-column is-layout-flow wp-block-column-is-layout-flow\">\n<figure class=\"wp-block-image size-full is-resized is-style-default\"><img decoding=\"async\" src=\"https:\/\/esmfoundation.org\/wp-content\/uploads\/2024\/06\/leaf-environment-care-icon.svg\" alt=\"\" class=\"wp-image-3862\" style=\"aspect-ratio:1;object-fit:contain;width:60px\"\/><\/figure>\n\n\n\n<div style=\"height:25px\" aria-hidden=\"true\" class=\"wp-block-spacer\"><\/div>\n\n\n\n<h4 class=\"wp-block-heading\">Nachhaltige Gesellschaft und Verantwortung<\/h4>\n\n\n\n<p>Im Mittelpunkt der Vision der Stiftung steht der Gedanke der Verantwortung, d. h. eine Verpflichtung zu ethischen Praktiken und Nachhaltigkeit. Unser Ziel ist es, zu einer Gesellschaft beizutragen, die Wirtschaftswachstum, Umweltschutz und soziales Wohlergehen in Einklang bringt. Dazu geh\u00f6rt auch die F\u00f6rderung von Praktiken wie dem Batterierecycling, um den \u00dcbergang zu einer Kreislaufwirtschaft zu erm\u00f6glichen.<\/p>\n<\/div>\n\n\n\n<div class=\"wp-block-column is-layout-flow wp-block-column-is-layout-flow\">\n<figure class=\"wp-block-image size-full is-resized\"><img decoding=\"async\" src=\"https:\/\/esmfoundation.org\/wp-content\/uploads\/2024\/07\/add-plus-icon.svg\" alt=\"\" class=\"wp-image-4353\" style=\"aspect-ratio:1;object-fit:contain;width:60px\"\/><\/figure>\n\n\n\n<div style=\"height:25px\" aria-hidden=\"true\" class=\"wp-block-spacer\"><\/div>\n\n\n\n<h4 class=\"wp-block-heading\">Schweizer Netzwerk<\/h4>\n\n\n\n<p>Mit dem Betonen ihrer Schweizer Herkunft zielt die ESM Stiftung darauf ab, das Bewusstsein f\u00fcr die nachhaltige Nutzung von Ressourcen und die Kritikalit\u00e4t von Rohstoffen in der Schweiz zu erh\u00f6hen. Dies ist mit einer starken lokalen Pr\u00e4senz und Einflussnahme in der Schweizer Industrie, Wissenschaft und Politik verbunden.<\/p>\n<\/div>\n<\/div>\n\n\n\n<div class=\"wp-block-columns is-layout-flex wp-container-core-columns-is-layout-2 wp-block-columns-is-layout-flex\">\n<div class=\"wp-block-column is-layout-flow wp-block-column-is-layout-flow\">\n<figure class=\"wp-block-image size-full is-resized\"><img decoding=\"async\" src=\"https:\/\/esmfoundation.org\/wp-content\/uploads\/2024\/07\/factory-icon.svg\" alt=\"\" class=\"wp-image-4354\" style=\"aspect-ratio:1;object-fit:contain;width:60px\"\/><\/figure>\n\n\n\n<div style=\"height:25px\" aria-hidden=\"true\" class=\"wp-block-spacer\"><\/div>\n\n\n\n<h4 class=\"wp-block-heading\">Industrielle Nutzung<\/h4>\n\n\n\n<p>Die praktische Anwendung in der Industrie steht im Mittelpunkt der Stiftung, was bedeutet, dass T\u00e4tigkeiten greifbare Auswirkungen auf Unternehmen und Produktionsprozesse haben sollte. Dazu geh\u00f6rt die aktive Zusammenarbeit mit der Industrie.<\/p>\n<\/div>\n\n\n\n<div class=\"wp-block-column is-layout-flow wp-block-column-is-layout-flow\">\n<figure class=\"wp-block-image size-full is-resized\"><img decoding=\"async\" src=\"https:\/\/esmfoundation.org\/wp-content\/uploads\/2024\/07\/handshake-icon.svg\" alt=\"\" class=\"wp-image-4397\" style=\"aspect-ratio:1;object-fit:cover;width:60px\"\/><\/figure>\n\n\n\n<div style=\"height:25px\" aria-hidden=\"true\" class=\"wp-block-spacer\"><\/div>\n\n\n\n<h4 class=\"wp-block-heading\">Zusammenarbeit<\/h4>\n\n\n\n<p>Wir arbeiten aktiv mit Partnern aus Wissenschaft und Industrie im In- und Ausland zusammen, z. B. im Rahmen unserer IRTC-Konferenzen, und nutzen dabei ein breites Spektrum an Fachwissen und Ressourcen. Durch diese Partnerschaften sind wir bestrebt, unser Wissen zu erweitern, eine nachhaltige Entwicklung zu f\u00f6rdern und positive Ergebnisse zu erzielen.<\/p>\n<\/div>\n\n\n\n<div class=\"wp-block-column is-layout-flow wp-block-column-is-layout-flow\">\n<figure class=\"wp-block-image size-full is-resized\"><img decoding=\"async\" src=\"https:\/\/esmfoundation.org\/wp-content\/uploads\/2024\/07\/right-arrow-icon.svg\" alt=\"\" class=\"wp-image-4352\" style=\"aspect-ratio:1;object-fit:contain;width:60px\"\/><\/figure>\n\n\n\n<div style=\"height:25px\" aria-hidden=\"true\" class=\"wp-block-spacer\"><\/div>\n\n\n\n<h4 class=\"wp-block-heading\">F\u00fchrung und Wandel<\/h4>\n\n\n\n<p>Die ESM Stiftung m\u00f6chte eine Vorreiterrolle bei der L\u00f6sung von Problemen im Zusammenhang mit kritischen Rohstoffen einnehmen und setzt dabei auf Innovation. Unsere zukunftsorientierte Vision verpflichtet uns, einen \u00dcbergang zu unterst\u00fctzen, der die Einf\u00fchrung neuer Praktiken und Technologien beinhaltet, die die Umweltbelastung verringern und die Nachhaltigkeit f\u00f6rdern.<\/p>\n<\/div>\n<\/div>\n","protected":false},"excerpt":{"rendered":"<p>Die Stiftung Entwicklungsfonds Seltene Metalle (ESM) ist das f\u00fchrende Schweizer Netzwerk f\u00fcr Fragen zur verantwortungsvollen industriellen Nutzung von begrenzt verf\u00fcgbaren Metallen, die wesentlich sind f\u00fcr die Transformation zu einer nachhaltigen Gesellschaft. Unsere Vision umfasst einen umfassenden Ansatz f\u00fcr den Umgang mit kritischen Ressourcen in einer Weise, die eine verantwortungsvolle Nutzung f\u00f6rdert, Innovationen vorantreibt und gesellschaftliche&#8230; <\/p>\n<div class=\"clear\"><\/div>\n<p><a href=\"https:\/\/esmfoundation.org\/de\/who-we-are\/our-vision\/\" class=\"excerpt-read-more\">Read More<\/a><\/p>\n","protected":false},"author":395,"featured_media":0,"parent":4609,"menu_order":0,"comment_status":"closed","ping_status":"closed","template":"","meta":{"_ti_tpc_template_sync":false,"_ti_tpc_template_id":"","footnotes":""},"class_list":["post-5270","page","type-page","status-publish","hentry"],"_links":{"self":[{"href":"https:\/\/esmfoundation.org\/de\/wp-json\/wp\/v2\/pages\/5270"}],"collection":[{"href":"https:\/\/esmfoundation.org\/de\/wp-json\/wp\/v2\/pages"}],"about":[{"href":"https:\/\/esmfoundation.org\/de\/wp-json\/wp\/v2\/types\/page"}],"author":[{"embeddable":true,"href":"https:\/\/esmfoundation.org\/de\/wp-json\/wp\/v2\/users\/395"}],"replies":[{"embeddable":true,"href":"https:\/\/esmfoundation.org\/de\/wp-json\/wp\/v2\/comments?post=5270"}],"version-history":[{"count":3,"href":"https:\/\/esmfoundation.org\/de\/wp-json\/wp\/v2\/pages\/5270\/revisions"}],"predecessor-version":[{"id":5273,"href":"https:\/\/esmfoundation.org\/de\/wp-json\/wp\/v2\/pages\/5270\/revisions\/5273"}],"up":[{"embeddable":true,"href":"https:\/\/esmfoundation.org\/de\/wp-json\/wp\/v2\/pages\/4609"}],"wp:attachment":[{"href":"https:\/\/esmfoundation.org\/de\/wp-json\/wp\/v2\/media?parent=5270"}],"curies":[{"name":"wp","href":"https:\/\/api.w.org\/{rel}","templated":true}]}}