{"id":6923,"date":"2026-04-23T16:13:58","date_gmt":"2026-04-23T14:13:58","guid":{"rendered":"https:\/\/esmfoundation.org\/?page_id=6923"},"modified":"2026-04-27T11:04:11","modified_gmt":"2026-04-27T09:04:11","slug":"csrms-und-die-schweiz","status":"publish","type":"page","link":"https:\/\/esmfoundation.org\/de\/csrms-und-die-schweiz\/","title":{"rendered":"CSRMs und die Schweiz"},"content":{"rendered":"\n<div class=\"wp-block-columns is-layout-flex wp-container-core-columns-is-layout-1 wp-block-columns-is-layout-flex\">\n<div class=\"wp-block-column is-layout-flow wp-block-column-is-layout-flow\" style=\"flex-basis:66.66%\">\n<h6 class=\"wp-block-heading\">Die Schweiz hat kaum eine Geschichte in der F\u00f6rderung oder Raffination von Rohstoffen, die von der EU und anderen gro\u00dfen Volkswirtschaften als kritisch oder strategisch eingestuft werden (CSRMs) \u2013 darunter Seltene Erden, Kobalt, Nickel, Lithium oder Kupfer. Diese Materialien gelangen \u00fcber Importe in die Schweiz, h\u00e4ufig bereits eingebettet in Halbfertigprodukte wie Kabel, Magnete, Batterien, Halbleiter oder Mikrochips. Infolgedessen ist die Schweiz indirekt Versorgungsunterbrechungen, Preisschwankungen, geopolitischen Schocks und regulatorischen Ver\u00e4nderungen in den Lieferl\u00e4ndern ausgesetzt. Ihre Abh\u00e4ngigkeit von der EU \u2013 sowie die Abh\u00e4ngigkeit der EU von stark konzentrierten externen Lieferanten wie China \u2013 verst\u00e4rkt diese Verwundbarkeiten zus\u00e4tzlich. Obwohl die Schweiz tief in europ\u00e4ische Wertsch\u00f6pfungsketten integriert ist, hat sie als Nicht-EU-Mitglied keinen garantierten Zugang zu gemeinsamen Krisenreaktionsinstrumenten der EU, wie etwa einer koordinierten Notfallbeschaffung.<\/h6>\n\n\n\n<p><\/p>\n\n\n\n<h5 class=\"wp-block-heading\">Die Schweiz verf\u00fcgt \u00fcber keine klare Strategie f\u00fcr kritische Rohstoffe <\/h5>\n\n\n\n<p>Im Gegensatz zu vielen vergleichbaren Volkswirtschaften fehlt der Schweiz derzeit eine systematische nationale Bewertung der Rohstoffabh\u00e4ngigkeiten sowie eine koh\u00e4rente Strategie zur Risikominderung. Gleichzeitig haben steigende geopolitische Spannungen \u2013 von sich versch\u00e4rfenden Handelskonflikten bis hin zu neuen Exportkontrollen in China \u2013 das Bewusstsein f\u00fcr Rohstoffrisiken in der Schweiz gesch\u00e4rft.<\/p>\n\n\n\n<p>In den letzten Jahren hat der Bundesrat betont, dass die Versorgungssicherheit in erster Linie in der Verantwortung der Privatwirtschaft liegt. Dies spiegelt den langj\u00e4hrigen und erfolgreichen marktwirtschaftlichen Ansatz der Schweiz wider. Diese Haltung wurde erneut im <a href=\"https:\/\/www.newsd.admin.ch\/newsd\/message\/attachments\/91165.pdf\" target=\"_blank\" rel=\"noreferrer noopener\">Bericht des Bundesrates<\/a>&nbsp;\u201eVersorgung der Schweizer Industrie mit mineralischen Rohstoffen f\u00fcr die Energiewende\u201c vom Dezember 2024 hervorgehoben, der als Antwort auf das <a href=\"https:\/\/www.parlament.ch\/de\/ratsbetrieb\/suche-curia-vista\/geschaeft?AffairId=20203950\" target=\"_blank\" rel=\"noreferrer noopener\">Postulat 20.3950<\/a> der Nationalr\u00e4tin Elisabeth Schneider-Schneiter (\u201eVersorgungssicherheit. Metalle der seltenen Erden. Ressourcenstrategie\u201c) erstellt wurde.<\/p>\n<\/div>\n\n\n\n<div class=\"wp-block-column is-layout-flow wp-block-column-is-layout-flow\" style=\"flex-basis:33.33%\">\n<figure class=\"wp-block-image size-large\"><img loading=\"lazy\" decoding=\"async\" width=\"683\" height=\"1024\" src=\"https:\/\/esmfoundation.org\/wp-content\/uploads\/2026\/04\/ivo-sousa-martins-LmweoCAoHWI-unsplash-683x1024.jpg\" alt=\"\" class=\"wp-image-6585\" srcset=\"https:\/\/esmfoundation.org\/wp-content\/uploads\/2026\/04\/ivo-sousa-martins-LmweoCAoHWI-unsplash-683x1024.jpg 683w, https:\/\/esmfoundation.org\/wp-content\/uploads\/2026\/04\/ivo-sousa-martins-LmweoCAoHWI-unsplash-200x300.jpg 200w, https:\/\/esmfoundation.org\/wp-content\/uploads\/2026\/04\/ivo-sousa-martins-LmweoCAoHWI-unsplash-768x1152.jpg 768w, https:\/\/esmfoundation.org\/wp-content\/uploads\/2026\/04\/ivo-sousa-martins-LmweoCAoHWI-unsplash-1024x1536.jpg 1024w, https:\/\/esmfoundation.org\/wp-content\/uploads\/2026\/04\/ivo-sousa-martins-LmweoCAoHWI-unsplash-1365x2048.jpg 1365w, https:\/\/esmfoundation.org\/wp-content\/uploads\/2026\/04\/ivo-sousa-martins-LmweoCAoHWI-unsplash-scaled.jpg 1707w\" sizes=\"(max-width: 683px) 100vw, 683px\" \/><\/figure>\n<\/div>\n<\/div>\n\n\n\n<div style=\"height:32px\" aria-hidden=\"true\" class=\"wp-block-spacer\"><\/div>\n\n\n\n<hr class=\"wp-block-separator has-text-color has-alpha-channel-opacity has-background\" style=\"background-color:#f2cea2;color:#f2cea2\"\/>\n\n\n\n<div style=\"height:32px\" aria-hidden=\"true\" class=\"wp-block-spacer\"><\/div>\n\n\n\n<div class=\"wp-block-columns is-layout-flex wp-container-core-columns-is-layout-2 wp-block-columns-is-layout-flex\">\n<div class=\"wp-block-column is-layout-flow wp-block-column-is-layout-flow\" style=\"flex-basis:33.33%\">\n<figure class=\"wp-block-image size-full is-resized\"><img loading=\"lazy\" decoding=\"async\" width=\"512\" height=\"512\" src=\"https:\/\/esmfoundation.org\/wp-content\/uploads\/2026\/04\/unknown-person-icon.png\" alt=\"\" class=\"wp-image-6869\" style=\"width:277px;height:auto\" srcset=\"https:\/\/esmfoundation.org\/wp-content\/uploads\/2026\/04\/unknown-person-icon.png 512w, https:\/\/esmfoundation.org\/wp-content\/uploads\/2026\/04\/unknown-person-icon-300x300.png 300w, https:\/\/esmfoundation.org\/wp-content\/uploads\/2026\/04\/unknown-person-icon-150x150.png 150w, https:\/\/esmfoundation.org\/wp-content\/uploads\/2026\/04\/unknown-person-icon-400x400.png 400w\" sizes=\"(max-width: 512px) 100vw, 512px\" \/><\/figure>\n<\/div>\n\n\n\n<div class=\"wp-block-column is-layout-flow wp-block-column-is-layout-flow\" style=\"flex-basis:66.66%\">\n<h5 class=\"wp-block-heading\">Wer ist verantwortlich?<\/h5>\n\n\n\n<p>Der Bundesrat betont, dass die Versorgungssicherheit in erster Linie eine Aufgabe der Privatwirtschaft ist. Von den Unternehmen wird erwartet, dass sie Risiken durch Diversifizierung, Lagerhaltung und Business-Continuity-Management steuern. Diese Haltung steht im Einklang mit dem marktwirtschaftlich gepr\u00e4gten Ansatz der Schweiz, f\u00fchrt jedoch zu mehreren strukturellen L\u00fccken: Unternehmen k\u00f6nnen firmenspezifische Risiken bew\u00e4ltigen, nicht jedoch systemische oder geopolitische. Zudem sind viele Schweizer Unternehmen kleine und mittlere Betriebe, denen oft die Transparenz \u00fcber vorgelagerte Konzentrationsrisiken fehlt. Private Akteure k\u00f6nnen ausserdem regulatorische Schocks (z. B. Exportkontrollen) nicht ausgleichen. Dieser \u201eMarket-first\u201c-Ansatz entfernt die Schweiz auch von internationalen Vergleichsl\u00e4ndern, die hybride Systeme verfolgen, in denen Marktverantwortung mit strategischer Koordination und staatlich gest\u00fctzter Vorausschau kombiniert wird.<\/p>\n\n\n\n<p>Die Steuerung kritischer Rohstoffrisiken (CSRMs) in der Schweiz ist durch eine fragmentierte institutionelle Landschaft, eine starke Abst\u00fctzung auf Marktakteure und das Fehlen einer klar zust\u00e4ndigen Leitbeh\u00f6rde gepr\u00e4gt. Zwar zeigt der <a href=\"https:\/\/www.newsd.admin.ch\/newsd\/message\/attachments\/91165.pdf\">Bericht des Bundesrates<\/a> zahlreiche Aktivit\u00e4ten in verschiedenen Bundesstellen auf, gleichzeitig macht er aber deutlich, dass es an systematischer Koordination, strategischen Instrumenten und klar geregelten Zust\u00e4ndigkeiten f\u00fcr die Krisenvorsorge fehlt. Das Ergebnis ist ein System, das unter normalen Marktbedingungen gut funktioniert, jedoch schlecht auf geopolitische Schocks, Lieferunterbr\u00fcche oder rasche technologische Ver\u00e4nderungen vorbereitet ist.<\/p>\n\n\n\n<p>Am ehesten kommt einer koordinierenden Stelle die <a href=\"https:\/\/www.seco.admin.ch\/seco\/de\/home\/Aussenwirtschaftspolitik_Wirtschaftliche_Zusammenarbeit\/Wirtschaftsbeziehungen\/Rohstoffe.html\" target=\"_blank\" rel=\"noreferrer noopener\">interdepartmentale Plattform Rohstoffe<\/a> nahe, die 2013 vom EDA, EFD und WBF eingerichtet wurde. Ihr Auftrag besteht darin, durch F\u00f6rderung von Informationsaustausch und Dialog eine integrierte, koh\u00e4rente und zukunftsgerichtete Rohstoffpolitik sicherzustellen. Allerdings ist die Plattform kein operatives Organ und verf\u00fcgt \u00fcber kein Mandat f\u00fcr Risikobewertung, Marktbeobachtung, Krisenkoordination oder strategische Planung.<\/p>\n<\/div>\n<\/div>\n\n\n\n<div style=\"height:32px\" aria-hidden=\"true\" class=\"wp-block-spacer\"><\/div>\n\n\n\n<hr class=\"wp-block-separator has-text-color has-alpha-channel-opacity has-background\" style=\"background-color:#f2cea2;color:#f2cea2\"\/>\n\n\n\n<div style=\"height:32px\" aria-hidden=\"true\" class=\"wp-block-spacer\"><\/div>\n\n\n\n<h5 class=\"wp-block-heading\">Ein Wandel im Parlament: Wachsende Besorgnis \u00fcber die Rohstoffsicherheit<\/h5>\n\n\n\n<div class=\"wp-block-columns is-layout-flex wp-container-core-columns-is-layout-3 wp-block-columns-is-layout-flex\">\n<div class=\"wp-block-column is-layout-flow wp-block-column-is-layout-flow\">\n<figure class=\"wp-block-image size-large\"><img loading=\"lazy\" decoding=\"async\" width=\"1024\" height=\"1024\" src=\"https:\/\/esmfoundation.org\/wp-content\/uploads\/2026\/04\/jonas-zurcher-Uh8WsJJnrpU-unsplash-1-1024x1024.jpg\" alt=\"\" class=\"wp-image-6632\" srcset=\"https:\/\/esmfoundation.org\/wp-content\/uploads\/2026\/04\/jonas-zurcher-Uh8WsJJnrpU-unsplash-1-1024x1024.jpg 1024w, https:\/\/esmfoundation.org\/wp-content\/uploads\/2026\/04\/jonas-zurcher-Uh8WsJJnrpU-unsplash-1-300x300.jpg 300w, https:\/\/esmfoundation.org\/wp-content\/uploads\/2026\/04\/jonas-zurcher-Uh8WsJJnrpU-unsplash-1-150x150.jpg 150w, https:\/\/esmfoundation.org\/wp-content\/uploads\/2026\/04\/jonas-zurcher-Uh8WsJJnrpU-unsplash-1-768x768.jpg 768w, https:\/\/esmfoundation.org\/wp-content\/uploads\/2026\/04\/jonas-zurcher-Uh8WsJJnrpU-unsplash-1-1536x1536.jpg 1536w, https:\/\/esmfoundation.org\/wp-content\/uploads\/2026\/04\/jonas-zurcher-Uh8WsJJnrpU-unsplash-1-2048x2048.jpg 2048w, https:\/\/esmfoundation.org\/wp-content\/uploads\/2026\/04\/jonas-zurcher-Uh8WsJJnrpU-unsplash-1-400x400.jpg 400w\" sizes=\"(max-width: 1024px) 100vw, 1024px\" \/><\/figure>\n<\/div>\n\n\n\n<div class=\"wp-block-column is-layout-flow wp-block-column-is-layout-flow\">\n<p>Im Jahr 2025 hat die parlamentarische Aktivit\u00e4t im Bereich kritischer Rohstoffrisiken (CSRMs) deutlich zugenommen und Themen wie nationale Sicherheit, Handelspolitik, Verwundbarkeit von Lieferketten, Forschung sowie geologische Bewertungen ber\u00fchrt. Zu den j\u00fcngsten parlamentarischen Initiativen geh\u00f6ren:<\/p>\n\n\n\n<ul class=\"wp-block-list\">\n<li><a href=\"https:\/\/www.parlament.ch\/de\/ratsbetrieb\/suche-curia-vista\/geschaeft?AffairId=20253188\" target=\"_blank\" rel=\"noreferrer noopener\">Interpellation 25.3188<\/a>&nbsp;\u2013&nbsp;<em>Kritische Rohstoffe f\u00fcr die nationale Sicherheit und Verteidigung<\/em><\/li>\n\n\n\n<li><a href=\"https:\/\/www.parlament.ch\/de\/ratsbetrieb\/suche-curia-vista\/geschaeft?AffairId=20253947\" target=\"_blank\" rel=\"noreferrer noopener\">Motion 25.3947<\/a> \u2013&nbsp;<em>Versorgungssicherheit mit strategischen Rohstoffen und Halbfabrikaten in Freihandelsabkommen<\/em><\/li>\n\n\n\n<li><a href=\"https:\/\/www.parlament.ch\/en\/ratsbetrieb\/suche-curia-vista\/geschaeft?AffairId=20254059\" target=\"_blank\" rel=\"noreferrer noopener\">Interpellation 25.4059<\/a> \u2013&nbsp;<em>Les terres rares. Un risque strat\u00e9gique ?<\/em><\/li>\n\n\n\n<li><a href=\"https:\/\/www.parlament.ch\/de\/ratsbetrieb\/suche-curia-vista\/geschaeft?AffairId=20254420\" target=\"_blank\" rel=\"noreferrer noopener\">Interpellation 25.4420<\/a>&nbsp;\u2013 <em>Verankerung des Themas kritische Rohstoffe in Politik, Wissenschaft und Ausbildung<\/em><\/li>\n\n\n\n<li><a href=\"https:\/\/www.parlament.ch\/de\/ratsbetrieb\/suche-curia-vista\/geschaeft?AffairId=20254419\">Postulat 25.4419<\/a>&nbsp;\u2013 <em>St\u00e4rkung der Versorgungssicherheit durch Identifikation kritischer Rohstoffe und Halbfabrikate<\/em><\/li>\n\n\n\n<li><a href=\"https:\/\/www.parlament.ch\/de\/ratsbetrieb\/suche-curia-vista\/geschaeft?AffairId=20254421\">Interpellation 25.4421<\/a>&nbsp;\u2013 <em>Charakterisierung von Rohstoff-Lagerst\u00e4tten von nationalem Interesse<\/em><\/li>\n<\/ul>\n\n\n\n<p>W\u00e4hrend die meisten dieser Initiativen letztlich vom Bundesrat abgelehnt wurden, zeigt schon ihr Zustandekommen \u2013 und die Breite der behandelten Themen \u2013 einen klaren Anstieg der politischen Aufmerksamkeit. Die verst\u00e4rkte parlamentarische Aktivit\u00e4t spiegelt ein wachsendes Bewusstsein daf\u00fcr wider, dass die Schweiz in Bezug auf Rohstoffrisiken zunehmend st\u00e4rker exponiert ist und dass diese Risiken strategischer und dringlicher werden.<\/p>\n\n\n\n<p>Auch ohne unmittelbare gesetzliche \u00c4nderungen verdeutlichen die Debatten, dass die Sicherheit bei kritischen Rohstoffen fest auf der politischen Agenda verankert wird und in den kommenden Jahren voraussichtlich ein Thema von nationaler Bedeutung bleiben wird.<\/p>\n<\/div>\n<\/div>\n\n\n\n<div style=\"height:32px\" aria-hidden=\"true\" class=\"wp-block-spacer\"><\/div>\n\n\n\n<hr class=\"wp-block-separator has-text-color has-alpha-channel-opacity has-background\" style=\"background-color:#f2cea2;color:#f2cea2\"\/>\n\n\n\n<div style=\"height:32px\" aria-hidden=\"true\" class=\"wp-block-spacer\"><\/div>\n\n\n\n<h5 class=\"wp-block-heading\">Sektoren mit erh\u00f6htem Risiko<\/h5>\n\n\n\n<p>Die Schweiz verf\u00fcgt derzeit nicht \u00fcber umfassende, landesspezifische Daten, die eine Quantifizierung der Exposition der inl\u00e4ndischen Industrien erm\u00f6glichen w\u00fcrden. Gest\u00fctzt auf internationale Erkenntnisse und die industrielle Struktur der Schweiz lassen sich jedoch folgende Sektoren identifizieren, die am ehesten CSRM-Risiken ausgesetzt sind:<\/p>\n\n\n\n<div class=\"wp-block-columns is-layout-flex wp-container-core-columns-is-layout-4 wp-block-columns-is-layout-flex\">\n<div class=\"wp-block-column is-layout-flow wp-block-column-is-layout-flow\"><div class=\"wp-block-image\">\n<figure class=\"aligncenter size-full is-resized\"><img loading=\"lazy\" decoding=\"async\" width=\"512\" height=\"512\" src=\"https:\/\/esmfoundation.org\/wp-content\/uploads\/2026\/04\/settings-line-icon.png\" alt=\"\" class=\"wp-image-6602\" style=\"aspect-ratio:1;object-fit:cover;width:100px\" srcset=\"https:\/\/esmfoundation.org\/wp-content\/uploads\/2026\/04\/settings-line-icon.png 512w, https:\/\/esmfoundation.org\/wp-content\/uploads\/2026\/04\/settings-line-icon-300x300.png 300w, https:\/\/esmfoundation.org\/wp-content\/uploads\/2026\/04\/settings-line-icon-150x150.png 150w, https:\/\/esmfoundation.org\/wp-content\/uploads\/2026\/04\/settings-line-icon-400x400.png 400w\" sizes=\"(max-width: 512px) 100vw, 512px\" \/><\/figure><\/div>\n\n\n<p class=\"has-text-align-center\">Maschinenbau-, Elektro- und Metallverarbeitungsindustrie<\/p>\n<\/div>\n\n\n\n<div class=\"wp-block-column is-layout-flow wp-block-column-is-layout-flow\"><div class=\"wp-block-image\">\n<figure class=\"aligncenter size-full is-resized\"><img loading=\"lazy\" decoding=\"async\" width=\"512\" height=\"512\" src=\"https:\/\/esmfoundation.org\/wp-content\/uploads\/2026\/04\/robot-line-icon.png\" alt=\"\" class=\"wp-image-6605\" style=\"aspect-ratio:1;object-fit:cover;width:100px\" srcset=\"https:\/\/esmfoundation.org\/wp-content\/uploads\/2026\/04\/robot-line-icon.png 512w, https:\/\/esmfoundation.org\/wp-content\/uploads\/2026\/04\/robot-line-icon-300x300.png 300w, https:\/\/esmfoundation.org\/wp-content\/uploads\/2026\/04\/robot-line-icon-150x150.png 150w, https:\/\/esmfoundation.org\/wp-content\/uploads\/2026\/04\/robot-line-icon-400x400.png 400w\" sizes=\"(max-width: 512px) 100vw, 512px\" \/><\/figure><\/div>\n\n\n<p class=\"has-text-align-center\">Robotik, Automatisierung und Sensortechnologie<\/p>\n<\/div>\n\n\n\n<div class=\"wp-block-column is-layout-flow wp-block-column-is-layout-flow\"><div class=\"wp-block-image\">\n<figure class=\"aligncenter size-full is-resized\"><img loading=\"lazy\" decoding=\"async\" width=\"512\" height=\"512\" src=\"https:\/\/esmfoundation.org\/wp-content\/uploads\/2026\/04\/energy-green-icon1.png\" alt=\"\" class=\"wp-image-6611\" style=\"aspect-ratio:1;object-fit:cover;width:100px\" srcset=\"https:\/\/esmfoundation.org\/wp-content\/uploads\/2026\/04\/energy-green-icon1.png 512w, https:\/\/esmfoundation.org\/wp-content\/uploads\/2026\/04\/energy-green-icon1-300x300.png 300w, https:\/\/esmfoundation.org\/wp-content\/uploads\/2026\/04\/energy-green-icon1-150x150.png 150w, https:\/\/esmfoundation.org\/wp-content\/uploads\/2026\/04\/energy-green-icon1-400x400.png 400w\" sizes=\"(max-width: 512px) 100vw, 512px\" \/><\/figure><\/div>\n\n\n<p class=\"has-text-align-center\">Energie- und Mobilit\u00e4tssektor<\/p>\n<\/div>\n<\/div>\n\n\n\n<div class=\"wp-block-columns is-layout-flex wp-container-core-columns-is-layout-5 wp-block-columns-is-layout-flex\">\n<div class=\"wp-block-column is-layout-flow wp-block-column-is-layout-flow\"><div class=\"wp-block-image\">\n<figure class=\"aligncenter size-full is-resized\"><img loading=\"lazy\" decoding=\"async\" width=\"512\" height=\"512\" src=\"https:\/\/esmfoundation.org\/wp-content\/uploads\/2026\/04\/shield-lock-line-icon.png\" alt=\"\" class=\"wp-image-6614\" style=\"aspect-ratio:1;object-fit:cover;width:100px\" srcset=\"https:\/\/esmfoundation.org\/wp-content\/uploads\/2026\/04\/shield-lock-line-icon.png 512w, https:\/\/esmfoundation.org\/wp-content\/uploads\/2026\/04\/shield-lock-line-icon-300x300.png 300w, https:\/\/esmfoundation.org\/wp-content\/uploads\/2026\/04\/shield-lock-line-icon-150x150.png 150w, https:\/\/esmfoundation.org\/wp-content\/uploads\/2026\/04\/shield-lock-line-icon-400x400.png 400w\" sizes=\"(max-width: 512px) 100vw, 512px\" \/><\/figure><\/div>\n\n\n<p class=\"has-text-align-center\">Sicherheitsrelevante Bereiche wie Verteidigung und kritische Infrastruktur<\/p>\n<\/div>\n\n\n\n<div class=\"wp-block-column is-layout-flow wp-block-column-is-layout-flow\"><div class=\"wp-block-image\">\n<figure class=\"aligncenter size-full is-resized\"><img loading=\"lazy\" decoding=\"async\" width=\"512\" height=\"512\" src=\"https:\/\/esmfoundation.org\/wp-content\/uploads\/2026\/04\/syringe-icon.png\" alt=\"\" class=\"wp-image-6617\" style=\"aspect-ratio:1;object-fit:cover;width:100px\" srcset=\"https:\/\/esmfoundation.org\/wp-content\/uploads\/2026\/04\/syringe-icon.png 512w, https:\/\/esmfoundation.org\/wp-content\/uploads\/2026\/04\/syringe-icon-300x300.png 300w, https:\/\/esmfoundation.org\/wp-content\/uploads\/2026\/04\/syringe-icon-150x150.png 150w, https:\/\/esmfoundation.org\/wp-content\/uploads\/2026\/04\/syringe-icon-400x400.png 400w\" sizes=\"(max-width: 512px) 100vw, 512px\" \/><\/figure><\/div>\n\n\n<p class=\"has-text-align-center\">Pharmasektor<\/p>\n<\/div>\n\n\n\n<div class=\"wp-block-column is-layout-flow wp-block-column-is-layout-flow\">\n<p><\/p>\n<\/div>\n<\/div>\n\n\n\n<p>In all diesen Sektoren ergeben sich die Risiken oft weniger aus der direkten Einfuhr von Rohstoffen selbst, sondern vielmehr aus der Beschaffung von&nbsp;<strong>hochentwickelten Komponenten<\/strong>, die kritische Metalle enthalten. Dazu geh\u00f6ren beispielsweise Permanentmagnete mit Neodym und Dysprosium, Batteriezellen, die auf Graphit sowie Kobalt- oder Lithium-Vorprodukte angewiesen sind, Halbleiterbauelemente mit Gallium, Germanium oder Hafnium sowie hochpr\u00e4zise mechanische Komponenten, die Nickel, Titan oder Speziallegierungen enthalten.<\/p>\n\n\n\n<p>Die Abh\u00e4ngigkeit der Schweiz ist somit in der internationalen Produktion technologisch anspruchsvoller Unterkomponenten \u201eeingebettet\u201c, deren Lieferketten stark geografisch konzentriert sind.<\/p>\n\n\n\n<div style=\"height:32px\" aria-hidden=\"true\" class=\"wp-block-spacer\"><\/div>\n\n\n\n<hr class=\"wp-block-separator has-text-color has-alpha-channel-opacity has-background\" style=\"background-color:#f2cea2;color:#f2cea2\"\/>\n\n\n\n<div style=\"height:32px\" aria-hidden=\"true\" class=\"wp-block-spacer\"><\/div>\n\n\n\n<h5 class=\"wp-block-heading\">Die Vorteile der Schweiz<\/h5>\n\n\n\n<p>Trotz ihrer Verwundbarkeiten verf\u00fcgt die Schweiz \u00fcber mehrere strukturelle St\u00e4rken, die die Auswirkungen von Versorgungsschocks abfedern k\u00f6nnen:<\/p>\n\n\n\n<h6 class=\"wp-block-heading\"><mark style=\"background-color:#c4ffc0\" class=\"has-inline-color\"><strong>Industriestruktur mit geringem Volumen und hoher Wertsch\u00f6pfung:<\/strong>\u00a0insgesamt geringer Materialverbrauch in der Industrie, konzentriert auf spezialisierte, hochwertige Nischen;<\/mark><br><br><mark style=\"background-color:#c4ffc0\" class=\"has-inline-color\"><strong>starke Kaufkraft und ausgezeichnete Kreditw\u00fcrdigkeit<\/strong>, was den Zugang zu knappen Rohstoffen auch in angespannten M\u00e4rkten erleichtert;<\/mark><br><br><mark style=\"background-color:#c4ffc0\" class=\"has-inline-color\"><strong>ein erstklassiges Forschungs- und Innovations\u00f6kosystem<\/strong>, das Fortschritte in der Materialwissenschaft, Substitutionsforschung und in hocheffizienten Technologien erm\u00f6glicht.<\/mark><\/h6>\n\n\n\n<p>Diese Vorteile k\u00f6nnen Risiken nicht beseitigen, verschaffen der Schweiz jedoch im Vergleich zu L\u00e4ndern mit gro\u00dfen, ressourcenintensiven Industrien eine gr\u00f6\u00dfere strategische Flexibilit\u00e4t.<\/p>\n\n\n\n<p><\/p>\n\n\n\n<p><\/p>\n\n\n\n<p><\/p>\n\n\n\n<p><\/p>\n","protected":false},"excerpt":{"rendered":"<p>Die Schweiz hat kaum eine Geschichte in der F\u00f6rderung oder Raffination von Rohstoffen, die von der EU und anderen gro\u00dfen Volkswirtschaften als kritisch oder strategisch eingestuft werden (CSRMs) \u2013 darunter Seltene Erden, Kobalt, Nickel, Lithium oder Kupfer. Diese Materialien gelangen \u00fcber Importe in die Schweiz, h\u00e4ufig bereits eingebettet in Halbfertigprodukte wie Kabel, Magnete, Batterien, Halbleiter&#8230; <\/p>\n<div class=\"clear\"><\/div>\n<p><a href=\"https:\/\/esmfoundation.org\/de\/csrms-und-die-schweiz\/\" class=\"excerpt-read-more\">Read More<\/a><\/p>\n","protected":false},"author":395,"featured_media":0,"parent":0,"menu_order":0,"comment_status":"closed","ping_status":"closed","template":"","meta":{"_ti_tpc_template_sync":false,"_ti_tpc_template_id":"","footnotes":""},"class_list":["post-6923","page","type-page","status-publish","hentry"],"_links":{"self":[{"href":"https:\/\/esmfoundation.org\/de\/wp-json\/wp\/v2\/pages\/6923"}],"collection":[{"href":"https:\/\/esmfoundation.org\/de\/wp-json\/wp\/v2\/pages"}],"about":[{"href":"https:\/\/esmfoundation.org\/de\/wp-json\/wp\/v2\/types\/page"}],"author":[{"embeddable":true,"href":"https:\/\/esmfoundation.org\/de\/wp-json\/wp\/v2\/users\/395"}],"replies":[{"embeddable":true,"href":"https:\/\/esmfoundation.org\/de\/wp-json\/wp\/v2\/comments?post=6923"}],"version-history":[{"count":10,"href":"https:\/\/esmfoundation.org\/de\/wp-json\/wp\/v2\/pages\/6923\/revisions"}],"predecessor-version":[{"id":6988,"href":"https:\/\/esmfoundation.org\/de\/wp-json\/wp\/v2\/pages\/6923\/revisions\/6988"}],"wp:attachment":[{"href":"https:\/\/esmfoundation.org\/de\/wp-json\/wp\/v2\/media?parent=6923"}],"curies":[{"name":"wp","href":"https:\/\/api.w.org\/{rel}","templated":true}]}}