{"id":6928,"date":"2026-04-23T16:13:23","date_gmt":"2026-04-23T14:13:23","guid":{"rendered":"https:\/\/esmfoundation.org\/what-are-csrms\/"},"modified":"2026-04-27T09:25:25","modified_gmt":"2026-04-27T07:25:25","slug":"what-are-csrms","status":"publish","type":"page","link":"https:\/\/esmfoundation.org\/de\/what-are-csrms\/","title":{"rendered":"Was sind CSRMs?"},"content":{"rendered":"\n<blockquote class=\"wp-block-quote is-layout-flow wp-block-quote-is-layout-flow\">\n<p class=\"has-text-align-center\">Lithium und Seltene Erden werden bald wichtiger sein als \u00d6l und Gas.<\/p>\n\n\n\n<p class=\"has-text-align-center\">Ursula von der Leyen, September 2022<\/p>\n<\/blockquote>\n\n\n\n<div class=\"wp-block-columns is-layout-flex wp-container-core-columns-is-layout-1 wp-block-columns-is-layout-flex\">\n<div class=\"wp-block-column is-layout-flow wp-block-column-is-layout-flow\" style=\"flex-basis:50%\">\n<figure class=\"wp-block-image size-full is-resized\"><img loading=\"lazy\" decoding=\"async\" width=\"2560\" height=\"1707\" src=\"https:\/\/esmfoundation.org\/wp-content\/uploads\/2026\/04\/doctor-tinieblas-4J93e22rs9k-unsplash-scaled.jpg\" alt=\"\" class=\"wp-image-6666\" style=\"width:584px;height:auto\" srcset=\"https:\/\/esmfoundation.org\/wp-content\/uploads\/2026\/04\/doctor-tinieblas-4J93e22rs9k-unsplash-scaled.jpg 2560w, https:\/\/esmfoundation.org\/wp-content\/uploads\/2026\/04\/doctor-tinieblas-4J93e22rs9k-unsplash-300x200.jpg 300w, https:\/\/esmfoundation.org\/wp-content\/uploads\/2026\/04\/doctor-tinieblas-4J93e22rs9k-unsplash-1024x683.jpg 1024w, https:\/\/esmfoundation.org\/wp-content\/uploads\/2026\/04\/doctor-tinieblas-4J93e22rs9k-unsplash-768x512.jpg 768w, https:\/\/esmfoundation.org\/wp-content\/uploads\/2026\/04\/doctor-tinieblas-4J93e22rs9k-unsplash-1536x1024.jpg 1536w, https:\/\/esmfoundation.org\/wp-content\/uploads\/2026\/04\/doctor-tinieblas-4J93e22rs9k-unsplash-2048x1366.jpg 2048w\" sizes=\"(max-width: 2560px) 100vw, 2560px\" \/><\/figure>\n<\/div>\n\n\n\n<div class=\"wp-block-column is-layout-flow wp-block-column-is-layout-flow\" style=\"flex-basis:50%\">\n<h4 class=\"wp-block-heading\">CSRMs: Das Fundament moderner Systeme<\/h4>\n\n\n\n<h6 class=\"wp-block-heading\">Die Aussage von Frau von der Leyen bringt einen grundlegenden Wandel auf den Punkt: Rohstoffe, die fr\u00fcher als unbedeutend galten, bilden heute das Fundament der globalen Wirtschaft \u2013 und ver\u00e4ndern Industriepolitik, Sicherheitsstrategien und geopolitische Beziehungen.<\/h6>\n\n\n\n<p>Kritische und strategische Rohstoffe (CSRMs) sind unverzichtbar f\u00fcr eine moderne, hochtechnologische und dekarbonisierende Wirtschaft. Ohne einen sicheren und bezahlbaren Zugang zu diesen Materialien k\u00f6nnen Technologien f\u00fcr Digitalisierung, saubere Energie, Mobilit\u00e4t und moderne Verteidigung nicht funktionieren. Mit der zunehmenden Elektrifizierung und digitalen Transformation steigt die weltweite Nachfrage nach vielen CSRMs rasch an. Gleichzeitig haben ver\u00e4nderte geopolitische Rahmenbedingungen und stark konzentrierte Lieferketten die Frage der Versorgungssicherheit ganz nach oben auf die politische Agenda gebracht.<\/p>\n<\/div>\n<\/div>\n\n\n\n<hr class=\"wp-block-separator has-text-color has-alpha-channel-opacity has-background\" style=\"background-color:#f2cea2;color:#f2cea2\"\/>\n\n\n\n<h4 class=\"wp-block-heading\">Wie \u201eKritikalit\u00e4t\u201c bestimmt wird<\/h4>\n\n\n\n<p>Es gibt keine allgemein anerkannte Definition daf\u00fcr, was \u201ekritische\u201c oder \u201estrategische\u201c Rohstoffe sind. L\u00e4nder bewerten Materialien unterschiedlich, abh\u00e4ngig von ihren Priorit\u00e4ten, ihrer Industriestruktur und ihren strategischen Zielen. Je nach Perspektive \u2013 ob Endnutzer, Hersteller oder Lieferanten \u2013 k\u00f6nnen diese Kriterien sehr unterschiedlich gewichtet werden.<\/p>\n\n\n\n<p>Viele L\u00e4nder f\u00fchren zudem Kriterien ein, die die Bedeutung eines Rohstoffs f\u00fcr priorit\u00e4re Sektoren ber\u00fccksichtigen. So gilt in der EU ein Rohstoff nicht nur als kritisch, sondern auch als \u201estrategisch\u201c, wenn er f\u00fcr einen der folgenden Bereiche relevant ist: <a href=\"https:\/\/op.europa.eu\/en\/publication-detail\/-\/publication\/57318397-fdd4-11ed-a05c-01aa75ed71a1\" target=\"_blank\" rel=\"noreferrer noopener\">EU strategic sectors including renewable energy, digital, aerospace and defence technologies<\/a>.<\/p>\n\n\n\n<h6 class=\"wp-block-heading\">Die meisten Kritikalit\u00e4tsbewertungen kombinieren zwei zentrale Dimensionen:<\/h6>\n\n\n\n<div class=\"wp-block-columns is-layout-flex wp-container-core-columns-is-layout-2 wp-block-columns-is-layout-flex\">\n<div class=\"wp-block-column is-vertically-aligned-center is-layout-flow wp-block-column-is-layout-flow\" style=\"flex-basis:20%\">\n<h6 class=\"wp-block-heading has-text-align-center\">Wie verwundbar ist der Zugang aufgrund von Importabh\u00e4ngigkeit, Produktionskonzentration oder geopolitischer Exponiertheit?<\/h6>\n<\/div>\n\n\n\n<div class=\"wp-block-column is-layout-flow wp-block-column-is-layout-flow\" style=\"flex-basis:80%\">\n<figure class=\"wp-block-image size-full is-resized\"><img loading=\"lazy\" decoding=\"async\" width=\"2568\" height=\"1936\" src=\"https:\/\/esmfoundation.org\/wp-content\/uploads\/2026\/04\/Economic-Importance-Supply-Risk-Graph-DE.png\" alt=\"\" class=\"wp-image-6990\" style=\"width:665px;height:auto\" srcset=\"https:\/\/esmfoundation.org\/wp-content\/uploads\/2026\/04\/Economic-Importance-Supply-Risk-Graph-DE.png 2568w, https:\/\/esmfoundation.org\/wp-content\/uploads\/2026\/04\/Economic-Importance-Supply-Risk-Graph-DE-300x226.png 300w, https:\/\/esmfoundation.org\/wp-content\/uploads\/2026\/04\/Economic-Importance-Supply-Risk-Graph-DE-1024x772.png 1024w, https:\/\/esmfoundation.org\/wp-content\/uploads\/2026\/04\/Economic-Importance-Supply-Risk-Graph-DE-768x579.png 768w, https:\/\/esmfoundation.org\/wp-content\/uploads\/2026\/04\/Economic-Importance-Supply-Risk-Graph-DE-1536x1158.png 1536w, https:\/\/esmfoundation.org\/wp-content\/uploads\/2026\/04\/Economic-Importance-Supply-Risk-Graph-DE-2048x1544.png 2048w\" sizes=\"(max-width: 2568px) 100vw, 2568px\" \/><\/figure>\n\n\n\n<div style=\"height:9px\" aria-hidden=\"true\" class=\"wp-block-spacer\"><\/div>\n\n\n\n<h6 class=\"wp-block-heading has-text-align-center\">Wie wesentlich ist ein Material f\u00fcr Schl\u00fcsseltechnologien oder strategische Sektoren?<\/h6>\n<\/div>\n<\/div>\n\n\n\n<p><em>F\u00fcr eine umfassende Bewertung von 10 internationalen CSRM-Strategien siehe: <a href=\"https:\/\/irtc.info\/wp-content\/uploads\/2026\/01\/IRTC-White-Paper-January-2026.pdf\">IRTC (2025), Global Assessments and Strategies for Critical and Strategic Raw Materials: The State of Play in 2025.<\/a><\/em><\/p>\n\n\n\n<hr class=\"wp-block-separator has-text-color has-alpha-channel-opacity has-background\" style=\"background-color:#f2cea2;color:#f2cea2\"\/>\n\n\n\n<h4 class=\"wp-block-heading\">Die Rolle der Kreislaufwirtschaft<\/h4>\n\n\n\n<p>Kreislaufwirtschaft ist nicht nur eine \u00f6kologische, sondern auch eine Resilienzstrategie, da sie die Abh\u00e4ngigkeit von stark konzentrierten Prim\u00e4rlieferketten reduziert. Eine gut gestaltete Strategie der Kreislaufwirtschaft (Circular Economy, CE) kann an beide Seiten, Angebots- und Nachfrageseite, bei kritischen Rohstoffen (CSRMs) adressiert sein.<\/p>\n\n\n<div class=\"wp-block-image\">\n<figure class=\"aligncenter is-resized\"><img loading=\"lazy\" decoding=\"async\" width=\"929\" height=\"465\" src=\"https:\/\/esmfoundation.org\/wp-content\/uploads\/2026\/04\/image-1.gif\" alt=\"\" class=\"wp-image-6564\" style=\"width:840px;height:auto\"\/><\/figure><\/div>\n\n\n<p><em>Abbildung 3: Eine Darstellung der Lebensdauer eines Rohstoffs, die entweder mit der Entsorgung bzw. der Diffusion endet oder in einer der \u201eRe-Phasen\u201c m\u00fcndet, wodurch der Rohstoff im Wirtschaftssystem gehalten wird. [Quelle: <a href=\"https:\/\/www.stmuv.bayern.de\/themen\/ressourcenschutz\/forschung_entwicklung\/doc\/abschlussberichte\/tp1.pdf\" target=\"_blank\" rel=\"noreferrer noopener\">ForCYCLE<\/a>].<\/em><\/p>\n\n\n\n<h5 class=\"wp-block-heading\">Erh\u00f6hung des Angebots durch sekund\u00e4re Quellen<\/h5>\n\n\n\n<p>Sekund\u00e4rbeschaffung \u2013 also die R\u00fcckgewinnung von Materialien aus Produkten am Ende ihres Lebenszyklus, industriellen R\u00fcckst\u00e4nden oder Produktionsabf\u00e4llen \u2013 kann das verf\u00fcgbare Angebot an kritischen Rohstoffen (CSRMs) erheblich erh\u00f6hen. Metalle wie Kupfer, Aluminium, Nickel, Kobalt, Platingruppenmetalle und Seltene Erden k\u00f6nnen dabei mit hoher Qualit\u00e4t zur\u00fcckgewonnen werden. Da immer mehr Produkte das Ende ihrer Nutzungsdauer erreichen (insbesondere Batterien, Elektronik, Permanentmagnete und Komponenten der erneuerbaren Energien), wird das Volumen sekund\u00e4rer Materialien stetig wachsen.\nDerzeit k\u00f6nnen sekund\u00e4re Quellen die steigende Nachfrage noch nicht decken, was vor allem an langen Produktlebenszyklen und dem langsamen Austausch von Technologien wie Fahrzeugen oder Energieinfrastruktur liegt. Ab den 2030er-Jahren werden sie jedoch voraussichtlich zu einem zunehmend wichtigen Bestandteil der globalen Versorgung werden.<\/p>\n\n\n\n<h5 class=\"wp-block-heading\">Reduzierung der Nachfrage durch zirkul\u00e4re Kreisl\u00e4ufe<\/h5>\n\n\n\n<p>\u00dcber das Recycling hinaus gibt es weitere Strategien der Kreislaufwirtschaft, die den Bedarf an Prim\u00e4rrohstoffen direkt senken:<\/p>\n\n\n\n<div class=\"wp-block-columns is-layout-flex wp-container-core-columns-is-layout-3 wp-block-columns-is-layout-flex\">\n<div class=\"wp-block-column is-layout-flow wp-block-column-is-layout-flow\"><div class=\"wp-block-image\">\n<figure class=\"aligncenter size-full is-resized\"><img loading=\"lazy\" decoding=\"async\" width=\"512\" height=\"512\" src=\"https:\/\/esmfoundation.org\/wp-content\/uploads\/2026\/04\/thickness-icon.png\" alt=\"\" class=\"wp-image-6795\" style=\"aspect-ratio:1;object-fit:cover;width:100px\" srcset=\"https:\/\/esmfoundation.org\/wp-content\/uploads\/2026\/04\/thickness-icon.png 512w, https:\/\/esmfoundation.org\/wp-content\/uploads\/2026\/04\/thickness-icon-300x300.png 300w, https:\/\/esmfoundation.org\/wp-content\/uploads\/2026\/04\/thickness-icon-150x150.png 150w, https:\/\/esmfoundation.org\/wp-content\/uploads\/2026\/04\/thickness-icon-400x400.png 400w\" sizes=\"(max-width: 512px) 100vw, 512px\" \/><\/figure><\/div>\n\n\n<div style=\"height:12px\" aria-hidden=\"true\" class=\"wp-block-spacer\"><\/div>\n\n\n\n<h6 class=\"wp-block-heading has-text-align-center\"><strong>Materialeffizienz<\/strong><\/h6>\n\n\n\n<p class=\"has-text-align-center\">Produkte so zu gestalten, dass sie weniger oder weniger kritische Materialien verwenden (z. B. kleinere Elektrofahrzeuge statt SUVs; geringerer Einsatz seltener Erden in Motoren).<\/p>\n<\/div>\n\n\n\n<div class=\"wp-block-column is-layout-flow wp-block-column-is-layout-flow\"><div class=\"wp-block-image\">\n<figure class=\"aligncenter size-full is-resized\"><img loading=\"lazy\" decoding=\"async\" width=\"512\" height=\"512\" src=\"https:\/\/esmfoundation.org\/wp-content\/uploads\/2026\/04\/number-two-icon.png\" alt=\"\" class=\"wp-image-6801\" style=\"aspect-ratio:1;object-fit:cover;width:100px\" srcset=\"https:\/\/esmfoundation.org\/wp-content\/uploads\/2026\/04\/number-two-icon.png 512w, https:\/\/esmfoundation.org\/wp-content\/uploads\/2026\/04\/number-two-icon-300x300.png 300w, https:\/\/esmfoundation.org\/wp-content\/uploads\/2026\/04\/number-two-icon-150x150.png 150w, https:\/\/esmfoundation.org\/wp-content\/uploads\/2026\/04\/number-two-icon-400x400.png 400w\" sizes=\"(max-width: 512px) 100vw, 512px\" \/><\/figure><\/div>\n\n\n<div style=\"height:12px\" aria-hidden=\"true\" class=\"wp-block-spacer\"><\/div>\n\n\n\n<h6 class=\"wp-block-heading has-text-align-center\"><strong>Wiederverwendung &amp; Umnutzung<\/strong><\/h6>\n\n\n\n<p class=\"has-text-align-center\">Verl\u00e4ngerung der Produktlebensdauer oder \u201ezweite Nutzung\u201c von Komponenten (z. B. Wiederverwendung von Elektrofahrzeugbatterien f\u00fcr station\u00e4re Energiespeicherung).<\/p>\n<\/div>\n\n\n\n<div class=\"wp-block-column is-layout-flow wp-block-column-is-layout-flow\"><div class=\"wp-block-image\">\n<figure class=\"aligncenter size-full is-resized\"><img loading=\"lazy\" decoding=\"async\" width=\"512\" height=\"512\" src=\"https:\/\/esmfoundation.org\/wp-content\/uploads\/2026\/04\/maintenance-icon.png\" alt=\"\" class=\"wp-image-6798\" style=\"aspect-ratio:1;object-fit:cover;width:100px\" srcset=\"https:\/\/esmfoundation.org\/wp-content\/uploads\/2026\/04\/maintenance-icon.png 512w, https:\/\/esmfoundation.org\/wp-content\/uploads\/2026\/04\/maintenance-icon-300x300.png 300w, https:\/\/esmfoundation.org\/wp-content\/uploads\/2026\/04\/maintenance-icon-150x150.png 150w, https:\/\/esmfoundation.org\/wp-content\/uploads\/2026\/04\/maintenance-icon-400x400.png 400w\" sizes=\"(max-width: 512px) 100vw, 512px\" \/><\/figure><\/div>\n\n\n<div style=\"height:12px\" aria-hidden=\"true\" class=\"wp-block-spacer\"><\/div>\n\n\n\n<h6 class=\"wp-block-heading has-text-align-center\"><strong>Reparatur &amp; Aufarbeitung<\/strong><\/h6>\n\n\n\n<p class=\"has-text-align-center\">Produkte l\u00e4nger im Umlauf zu halten und den Bedarf an neuen Materialeins\u00e4tzen hinauszuz\u00f6gern (z. B. durch Reparierbarkeit oder langlebiges Design).<\/p>\n<\/div>\n<\/div>\n\n\n\n<div class=\"wp-block-columns is-layout-flex wp-container-core-columns-is-layout-4 wp-block-columns-is-layout-flex\">\n<div class=\"wp-block-column is-layout-flow wp-block-column-is-layout-flow\"><div class=\"wp-block-image\">\n<figure class=\"aligncenter size-full is-resized\"><img loading=\"lazy\" decoding=\"async\" width=\"512\" height=\"512\" src=\"https:\/\/esmfoundation.org\/wp-content\/uploads\/2026\/04\/mechanical-arm-icon.png\" alt=\"\" class=\"wp-image-6804\" style=\"aspect-ratio:1;object-fit:cover;width:100px\" srcset=\"https:\/\/esmfoundation.org\/wp-content\/uploads\/2026\/04\/mechanical-arm-icon.png 512w, https:\/\/esmfoundation.org\/wp-content\/uploads\/2026\/04\/mechanical-arm-icon-300x300.png 300w, https:\/\/esmfoundation.org\/wp-content\/uploads\/2026\/04\/mechanical-arm-icon-150x150.png 150w, https:\/\/esmfoundation.org\/wp-content\/uploads\/2026\/04\/mechanical-arm-icon-400x400.png 400w\" sizes=\"(max-width: 512px) 100vw, 512px\" \/><\/figure><\/div>\n\n\n<div style=\"height:12px\" aria-hidden=\"true\" class=\"wp-block-spacer\"><\/div>\n\n\n\n<h6 class=\"wp-block-heading has-text-align-center\"><strong>Wiederaufbereitung<\/strong><\/h6>\n\n\n\n<p class=\"has-text-align-center\">Wiederaufbau von Produkten unter Verwendung bestehender Komponenten (z. B. Motoren, Getriebe und Starter in der Automobilproduktion).<\/p>\n<\/div>\n\n\n\n<div class=\"wp-block-column is-layout-flow wp-block-column-is-layout-flow\"><div class=\"wp-block-image\">\n<figure class=\"aligncenter size-full is-resized\"><img loading=\"lazy\" decoding=\"async\" width=\"512\" height=\"512\" src=\"https:\/\/esmfoundation.org\/wp-content\/uploads\/2026\/04\/car-sharing-icon.png\" alt=\"\" class=\"wp-image-6807\" style=\"aspect-ratio:1;object-fit:cover;width:100px\" srcset=\"https:\/\/esmfoundation.org\/wp-content\/uploads\/2026\/04\/car-sharing-icon.png 512w, https:\/\/esmfoundation.org\/wp-content\/uploads\/2026\/04\/car-sharing-icon-300x300.png 300w, https:\/\/esmfoundation.org\/wp-content\/uploads\/2026\/04\/car-sharing-icon-150x150.png 150w, https:\/\/esmfoundation.org\/wp-content\/uploads\/2026\/04\/car-sharing-icon-400x400.png 400w\" sizes=\"(max-width: 512px) 100vw, 512px\" \/><\/figure><\/div>\n\n\n<div style=\"height:12px\" aria-hidden=\"true\" class=\"wp-block-spacer\"><\/div>\n\n\n\n<h6 class=\"wp-block-heading has-text-align-center\"><strong>Neue Gesch\u00e4ftsmodelle<\/strong><\/h6>\n\n\n\n<p class=\"has-text-align-center\">Produkt-Sharing oder \u201eProduct-as-a-Service\u201c, wodurch die insgesamt ben\u00f6tigte Anzahl an Einheiten reduziert wird (z. B. gemeinsam genutzte Waschmaschinen oder Werkzeug-Abonnements).<\/p>\n<\/div>\n\n\n\n<div class=\"wp-block-column is-layout-flow wp-block-column-is-layout-flow\">\n<div style=\"height:12px\" aria-hidden=\"true\" class=\"wp-block-spacer\"><\/div>\n\n\n\n<h5 class=\"wp-block-heading has-text-align-center\"><\/h5>\n\n\n\n<p class=\"has-text-align-center\"><\/p>\n<\/div>\n<\/div>\n\n\n\n<p>Zusammen k\u00f6nnen diese Ans\u00e4tze den Druck auf Prim\u00e4rressourcen verringern, Emissionen und Abf\u00e4lle reduzieren sowie die Widerstandsf\u00e4higkeit gegen\u00fcber Lieferunterbrechungen erh\u00f6hen.<\/p>\n\n\n\n<hr class=\"wp-block-separator has-text-color has-alpha-channel-opacity has-background\" style=\"background-color:#f2cea2;color:#f2cea2\"\/>\n\n\n\n<h4 class=\"wp-block-heading\"><a><\/a>CSRMs und Verteidigung: Eine wachsende Verkn\u00fcpfung<\/h4>\n\n\n\n<h5 class=\"wp-block-heading\"><a><\/a>Verteidigung als wachsender Gro\u00dfverbraucher<\/h5>\n\n\n\n<p>In den letzten Jahren \u2013 insbesondere seit Beginn des russischen Krieges in der Ukraine \u2013 hat sich der Verteidigungssektor rasch von einem eher nachrangigen Nachfragesektor f\u00fcr kritische Rohstoffe (CSRMs) zu einem Treiber von Nachfrage und Aufmerksamkeit entwickelt. Die NATO-Bewertung von 2024 zu verteidigungsrelevanten kritischen Rohstoffen veranschaulicht diesen Trend:<\/p>\n\n\n\n<figure class=\"wp-block-image size-full\"><img loading=\"lazy\" decoding=\"async\" width=\"903\" height=\"590\" src=\"https:\/\/esmfoundation.org\/wp-content\/uploads\/2026\/04\/image-3.gif\" alt=\"\" class=\"wp-image-6567\"\/><\/figure>\n\n\n\n<p><em>Figure 6:&nbsp;Versorgungsrisiko bei kritischen Rohstoffen (CSRM) f\u00fcr milit\u00e4rische Anwendungen gem\u00e4\u00df<\/em> <em><a href=\"https:\/\/www.nato.int\/en\/news-and-events\/articles\/news\/2024\/12\/11\/nato-releases-list-of-12-defence-critical-raw-materials\" target=\"_blank\" rel=\"noreferrer noopener\">NATO (2024)<\/a><\/em>. <em>Hinweis: Die Analyse konzentriert sich ausschlie\u00dflich auf Waffensysteme und schlie\u00dft digitale Werkzeuge, Basistechnologien sowie andere nicht-waffenbezogene Bereiche aus..<\/em><\/p>\n\n\n\n<h5 class=\"wp-block-heading\"><a><\/a>Hoher Materialverbrauch in Konflikten<\/h5>\n\n\n\n<p>Moderne Waffensysteme sind auf Materialien wie Graphit, Wolfram, Antimon, Tantal, Silber und Seltene Erden angewiesen. In Konfliktsituationen werden diese Materialien jedoch zerst\u00f6rt bzw. verstreut und damit faktisch unzug\u00e4nglich: Einmal in Raketen, Drohnen oder Munition verwendet, k\u00f6nnen sie nicht wieder in die Lieferkette zur\u00fcckgef\u00fchrt werden.<\/p>\n\n\n\n<h5 class=\"wp-block-heading\"><a><\/a>Auswirkungen auf zivile Lieferketten<\/h5>\n\n\n\n<p>Milit\u00e4rische und zivile Technologien greifen zunehmend auf dieselben kritischen Materialien zur\u00fcck \u2013 nicht nur f\u00fcr Waffensysteme, sondern auch f\u00fcr Batterietechnologien, digitale Werkzeuge und Dateninfrastrukturen, die wiederum aus einer kleinen Anzahl globaler Lieferanten stammen. Diese \u201eDual-Use\u201c-Verwendung von Materialien erh\u00f6ht den Druck auf ohnehin angespannte Lieferketten und erschwert langfristige Planungen f\u00fcr industrielle Transformation, Dekarbonisierung, den Einsatz ziviler Technologien sowie die Verteidigungsbereitschaft.\nDas Ergebnis ist eine engere Verkn\u00fcpfung zwischen Sicherheitspolitik und den materiellen Grundlagen der Energiewende und der digitalen Transformation.<\/p>\n","protected":false},"excerpt":{"rendered":"<p>Lithium und Seltene Erden werden bald wichtiger sein als \u00d6l und Gas. Ursula von der Leyen, September 2022 CSRMs: Das Fundament moderner Systeme Die Aussage von Frau von der Leyen bringt einen grundlegenden Wandel auf den Punkt: Rohstoffe, die fr\u00fcher als unbedeutend galten, bilden heute das Fundament der globalen Wirtschaft \u2013 und ver\u00e4ndern Industriepolitik, Sicherheitsstrategien&#8230; <\/p>\n<div class=\"clear\"><\/div>\n<p><a href=\"https:\/\/esmfoundation.org\/de\/what-are-csrms\/\" class=\"excerpt-read-more\">Read More<\/a><\/p>\n","protected":false},"author":395,"featured_media":0,"parent":0,"menu_order":0,"comment_status":"closed","ping_status":"closed","template":"","meta":{"_ti_tpc_template_sync":false,"_ti_tpc_template_id":"","footnotes":""},"class_list":["post-6928","page","type-page","status-publish","hentry"],"_links":{"self":[{"href":"https:\/\/esmfoundation.org\/de\/wp-json\/wp\/v2\/pages\/6928"}],"collection":[{"href":"https:\/\/esmfoundation.org\/de\/wp-json\/wp\/v2\/pages"}],"about":[{"href":"https:\/\/esmfoundation.org\/de\/wp-json\/wp\/v2\/types\/page"}],"author":[{"embeddable":true,"href":"https:\/\/esmfoundation.org\/de\/wp-json\/wp\/v2\/users\/395"}],"replies":[{"embeddable":true,"href":"https:\/\/esmfoundation.org\/de\/wp-json\/wp\/v2\/comments?post=6928"}],"version-history":[{"count":10,"href":"https:\/\/esmfoundation.org\/de\/wp-json\/wp\/v2\/pages\/6928\/revisions"}],"predecessor-version":[{"id":6994,"href":"https:\/\/esmfoundation.org\/de\/wp-json\/wp\/v2\/pages\/6928\/revisions\/6994"}],"wp:attachment":[{"href":"https:\/\/esmfoundation.org\/de\/wp-json\/wp\/v2\/media?parent=6928"}],"curies":[{"name":"wp","href":"https:\/\/api.w.org\/{rel}","templated":true}]}}