{"id":5826,"date":"2023-08-30T17:00:25","date_gmt":"2023-08-30T15:00:25","guid":{"rendered":"https:\/\/esmfoundation.org\/?page_id=5826"},"modified":"2026-03-02T10:35:59","modified_gmt":"2026-03-02T09:35:59","slug":"qui-sommes-nous","status":"publish","type":"page","link":"https:\/\/esmfoundation.org\/fr\/qui-sommes-nous\/","title":{"rendered":"Qui sommes-nous"},"content":{"rendered":"\n<h5 class=\"wp-block-heading\">La&nbsp;Fondation ESM (ESM Foundation), cr\u00e9\u00e9e en 1951, est une organisation suisse \u00e0 but non lucratif d\u00e9di\u00e9e au soutien des activit\u00e9s de recherche et de d\u00e9veloppement concernant les m\u00e9taux rares et critiques, avec un accent particulier sur leurs applications industrielles.<br><\/h5>\n\n\n\n<p>Dans la poursuite de cet objectif, la fondation soutient activement un large \u00e9ventail d\u2019initiatives : du parrainage en passant par&nbsp; l\u2019organisation de conf\u00e9rences et d\u2019ateliers, jusqu\u2019\u00e0 la publication d\u2019\u00e9tudes et d\u2019enqu\u00eates. En outre, la fondation coordonne des projets dans le domaine des m\u00e9taux rares et critiques, et attribue des&nbsp;bourses et subventions \u00e9ducatives dans son domaine th\u00e9mathique. Par ailleurs, la Fondation ESM agit comme une&nbsp;plateforme d\u2019information et d\u2019\u00e9change&nbsp;pour l\u2019industrie, les universit\u00e9s, le monde politique et le grand public. L\u2019ESM est une fondation d\u2019utilit\u00e9 publique r\u00e9gie par le droit suisse. Son statut de fondation est soumis \u00e0 la&nbsp;surveillance du D\u00e9partement F\u00e9d\u00e9ral de l\u2019Int\u00e9rieur. Toutefois, sa port\u00e9e d\u00e9passe les fronti\u00e8res nationales, puisque la Fondation ESM collabore avec un&nbsp;r\u00e9seau international d\u2019experts, d\u2019instituts partenaires et d\u2019organisations.<\/p>\n\n\n\n<p>\u00c0 l\u2019occasion de son&nbsp;70e anniversaire, le Bureau d\u2019Histoire a r\u00e9examin\u00e9 les d\u00e9buts de la Fondation ESM. Le document complet est disponible ici :<\/p>\n\n\n\n<div class=\"wp-block-buttons is-layout-flex wp-block-buttons-is-layout-flex\">\n<div class=\"wp-block-button is-style-outline is-style-outline--973fbba9819aafcc0181e647edafa50d\"><a class=\"wp-block-button__link wp-element-button\" href=\"https:\/\/esmfoundation.org\/wp-content\/uploads\/2026\/03\/Notre-Histoire.pdf\" target=\"_blank\" rel=\"noreferrer noopener\">L&rsquo;histoire de la Fondation ESM<\/a><\/div>\n<\/div>\n\n\n\n<p><\/p>\n","protected":false},"excerpt":{"rendered":"<p>La&nbsp;Fondation ESM (ESM Foundation), cr\u00e9\u00e9e en 1951, est une organisation suisse \u00e0 but non lucratif d\u00e9di\u00e9e au soutien des activit\u00e9s de recherche et de d\u00e9veloppement concernant les m\u00e9taux rares et critiques, avec un accent particulier sur leurs applications industrielles. Dans la poursuite de cet objectif, la fondation soutient activement un large \u00e9ventail d\u2019initiatives : du&#8230; <\/p>\n<div class=\"clear\"><\/div>\n<p><a href=\"https:\/\/esmfoundation.org\/fr\/qui-sommes-nous\/\" class=\"excerpt-read-more\">Read More<\/a><\/p>\n","protected":false},"author":395,"featured_media":0,"parent":0,"menu_order":1,"comment_status":"closed","ping_status":"closed","template":"","meta":{"_ti_tpc_template_sync":false,"_ti_tpc_template_id":"","footnotes":""},"class_list":["post-5826","page","type-page","status-publish","hentry"],"_links":{"self":[{"href":"https:\/\/esmfoundation.org\/fr\/wp-json\/wp\/v2\/pages\/5826"}],"collection":[{"href":"https:\/\/esmfoundation.org\/fr\/wp-json\/wp\/v2\/pages"}],"about":[{"href":"https:\/\/esmfoundation.org\/fr\/wp-json\/wp\/v2\/types\/page"}],"author":[{"embeddable":true,"href":"https:\/\/esmfoundation.org\/fr\/wp-json\/wp\/v2\/users\/395"}],"replies":[{"embeddable":true,"href":"https:\/\/esmfoundation.org\/fr\/wp-json\/wp\/v2\/comments?post=5826"}],"version-history":[{"count":4,"href":"https:\/\/esmfoundation.org\/fr\/wp-json\/wp\/v2\/pages\/5826\/revisions"}],"predecessor-version":[{"id":6199,"href":"https:\/\/esmfoundation.org\/fr\/wp-json\/wp\/v2\/pages\/5826\/revisions\/6199"}],"wp:attachment":[{"href":"https:\/\/esmfoundation.org\/fr\/wp-json\/wp\/v2\/media?parent=5826"}],"curies":[{"name":"wp","href":"https:\/\/api.w.org\/{rel}","templated":true}]}}