{"id":5846,"date":"2023-08-30T17:00:25","date_gmt":"2023-08-30T15:00:25","guid":{"rendered":"https:\/\/esmfoundation.org\/?page_id=5846"},"modified":"2026-03-02T10:35:53","modified_gmt":"2026-03-02T09:35:53","slug":"notre-vision","status":"publish","type":"page","link":"https:\/\/esmfoundation.org\/fr\/qui-sommes-nous\/notre-vision\/","title":{"rendered":"Notre vision"},"content":{"rendered":"\n<blockquote class=\"wp-block-quote is-layout-flow wp-block-quote-is-layout-flow\">\n<h4 class=\"wp-block-heading\">La Fondation ESM est le r\u00e9seau suisse de r\u00e9f\u00e9rence pour les questions relatives \u00e0 l\u2019utilisation industrielle responsable des ressources critiques, essentielles \u00e0 la transformation vers une soci\u00e9t\u00e9 durable.<br><\/h4>\n<\/blockquote>\n\n\n\n<h5 class=\"wp-block-heading\">Notre vision incarne une approche globale de la gestion des ressources critiques \u2014 encourageant un usage responsable, stimulant l\u2019innovation et impulsant des changements soci\u00e9taux vers la durabilit\u00e9. L\u2019essentiel est de donner l\u2019exemple, d\u2019int\u00e9grer des consid\u00e9rations \u00e9thiques et de concevoir des solutions pratiques et percutantes pour l\u2019avenir.<br><\/h5>\n\n\n\n<div style=\"height:25px\" aria-hidden=\"true\" class=\"wp-block-spacer\"><\/div>\n\n\n\n<div class=\"wp-block-columns is-layout-flex wp-container-core-columns-is-layout-1 wp-block-columns-is-layout-flex\">\n<div class=\"wp-block-column is-layout-flow wp-block-column-is-layout-flow\">\n<figure class=\"wp-block-image size-full is-resized\"><img decoding=\"async\" src=\"https:\/\/esmfoundation.org\/wp-content\/uploads\/2024\/07\/organic-search-icon.svg\" alt=\"\" class=\"wp-image-4356\" style=\"aspect-ratio:1;object-fit:contain;width:60px\"\/><\/figure>\n\n\n\n<div style=\"height:25px\" aria-hidden=\"true\" class=\"wp-block-spacer\"><\/div>\n\n\n\n<h4 class=\"wp-block-heading\"><strong>Ressources critiques<\/strong><br><\/h4>\n\n\n\n<p>Les mati\u00e8res premi\u00e8res critiques ne sont pas abondantes et sont souvent au c\u0153ur de conflits g\u00e9opolitiques. Elles jouent un r\u00f4le vital dans diverses applications technologiques et industrielles, particuli\u00e8rement celles n\u00e9cessaires \u00e0 l\u2019adoption de pratiques durables. Cela renforce l\u2019importance d\u2019une utilisation r\u00e9fl\u00e9chie, efficiente et durable.<br><\/p>\n<\/div>\n\n\n\n<div class=\"wp-block-column is-layout-flow wp-block-column-is-layout-flow\">\n<figure class=\"wp-block-image size-full is-resized is-style-default\"><img decoding=\"async\" src=\"https:\/\/esmfoundation.org\/wp-content\/uploads\/2024\/06\/leaf-environment-care-icon.svg\" alt=\"\" class=\"wp-image-3862\" style=\"aspect-ratio:1;object-fit:contain;width:60px\"\/><\/figure>\n\n\n\n<div style=\"height:25px\" aria-hidden=\"true\" class=\"wp-block-spacer\"><\/div>\n\n\n\n<h4 class=\"wp-block-heading\"><strong>Soci\u00e9t\u00e9 durable et responsabilit\u00e9<\/strong><br><\/h4>\n\n\n\n<p>L&rsquo;engagement envers des pratiques \u00e9thiques et la durabilit\u00e9 constitue le c\u0153ur de la vision de la fondation. Notre objectif est de contribuer \u00e0 une soci\u00e9t\u00e9 qui \u00e9quilibre croissance \u00e9conomique, protection de l\u2019environnement et bien-\u00eatre social. Cela implique de promouvoir des pratiques comme le recyclage des batteries, dans le but de tendre vers une \u00e9conomie circulaire.<br><\/p>\n<\/div>\n\n\n\n<div class=\"wp-block-column is-layout-flow wp-block-column-is-layout-flow\">\n<figure class=\"wp-block-image size-full is-resized\"><img decoding=\"async\" src=\"https:\/\/esmfoundation.org\/wp-content\/uploads\/2024\/07\/add-plus-icon.svg\" alt=\"\" class=\"wp-image-4353\" style=\"aspect-ratio:1;object-fit:contain;width:60px\"\/><\/figure>\n\n\n\n<div style=\"height:25px\" aria-hidden=\"true\" class=\"wp-block-spacer\"><\/div>\n\n\n\n<h4 class=\"wp-block-heading\"><strong>R\u00e9seau suisse<\/strong><br><\/h4>\n\n\n\n<p>Affirmant ses racines suisses, la Fondation ESM vise \u00e0 sensibiliser \u00e0 l\u2019usage durable des ressources critiques en Suisse. Cela s\u2019accompagne d\u2019une forte pr\u00e9sence locale et d\u2019une influence dans les secteurs industriels, universitaires et politiques helv\u00e9tiques.<br><\/p>\n<\/div>\n<\/div>\n\n\n\n<div class=\"wp-block-columns is-layout-flex wp-container-core-columns-is-layout-2 wp-block-columns-is-layout-flex\">\n<div class=\"wp-block-column is-layout-flow wp-block-column-is-layout-flow\">\n<figure class=\"wp-block-image size-full is-resized\"><img decoding=\"async\" src=\"https:\/\/esmfoundation.org\/wp-content\/uploads\/2024\/07\/factory-icon.svg\" alt=\"\" class=\"wp-image-4354\" style=\"aspect-ratio:1;object-fit:contain;width:60px\"\/><\/figure>\n\n\n\n<div style=\"height:25px\" aria-hidden=\"true\" class=\"wp-block-spacer\"><\/div>\n\n\n\n<h4 class=\"wp-block-heading\"><strong>Usage industriel<\/strong><br><\/h4>\n\n\n\n<p>L\u2019application pratique dans l\u2019industrie constitue un point central de la fondation, refl\u00e9tant l\u2019id\u00e9e que le travail doit avoir des implications tangibles pour les entreprises et les processus de fabrication. Cela passe par une collaboration active avec l\u2019industrie.<br><\/p>\n<\/div>\n\n\n\n<div class=\"wp-block-column is-layout-flow wp-block-column-is-layout-flow\">\n<figure class=\"wp-block-image size-full is-resized\"><img decoding=\"async\" src=\"https:\/\/esmfoundation.org\/wp-content\/uploads\/2024\/07\/handshake-icon.svg\" alt=\"\" class=\"wp-image-4397\" style=\"aspect-ratio:1;object-fit:cover;width:60px\"\/><\/figure>\n\n\n\n<div style=\"height:25px\" aria-hidden=\"true\" class=\"wp-block-spacer\"><\/div>\n\n\n\n<h4 class=\"wp-block-heading\"><strong>Collaboration<\/strong><br><\/h4>\n\n\n\n<p>Nous collaborons activement avec des partenaires scientifiques et industriels, tant au niveau national qu\u2019international \u2014 par exemple \u00e0 travers les conf\u00e9rences IRTC \u2014 mobilisant une diversit\u00e9 de comp\u00e9tences et de ressources. Par ces partenariats, nous nous engageons \u00e0 faire progresser les connaissances, encourager le d\u00e9veloppement durable et g\u00e9n\u00e9rer des r\u00e9sultats concrets.<\/p>\n<\/div>\n\n\n\n<div class=\"wp-block-column is-layout-flow wp-block-column-is-layout-flow\">\n<figure class=\"wp-block-image size-full is-resized\"><img decoding=\"async\" src=\"https:\/\/esmfoundation.org\/wp-content\/uploads\/2024\/07\/right-arrow-icon.svg\" alt=\"\" class=\"wp-image-4352\" style=\"aspect-ratio:1;object-fit:contain;width:60px\"\/><\/figure>\n\n\n\n<div style=\"height:25px\" aria-hidden=\"true\" class=\"wp-block-spacer\"><\/div>\n\n\n\n<h4 class=\"wp-block-heading\"><strong>Leadership et transformation<\/strong><br><\/h4>\n\n\n\n<p>La Fondation ESM aspire \u00e0 jouer un r\u00f4le pionnier dans le traitement des enjeux li\u00e9s aux mati\u00e8res premi\u00e8res critiques, avec un engagement envers l\u2019innovation. Notre vision tourn\u00e9e vers l\u2019avenir s\u2019engage \u00e0 soutenir une transformation impliquant l\u2019adoption de nouvelles pratiques et technologies r\u00e9duisant l\u2019impact environnemental et favorisant la durabilit\u00e9.<br><\/p>\n<\/div>\n<\/div>\n","protected":false},"excerpt":{"rendered":"<p>La Fondation ESM est le r\u00e9seau suisse de r\u00e9f\u00e9rence pour les questions relatives \u00e0 l\u2019utilisation industrielle responsable des ressources critiques, essentielles \u00e0 la transformation vers une soci\u00e9t\u00e9 durable. Notre vision incarne une approche globale de la gestion des ressources critiques \u2014 encourageant un usage responsable, stimulant l\u2019innovation et impulsant des changements soci\u00e9taux vers la durabilit\u00e9&#8230;. <\/p>\n<div class=\"clear\"><\/div>\n<p><a href=\"https:\/\/esmfoundation.org\/fr\/qui-sommes-nous\/notre-vision\/\" class=\"excerpt-read-more\">Read More<\/a><\/p>\n","protected":false},"author":395,"featured_media":0,"parent":5826,"menu_order":0,"comment_status":"closed","ping_status":"closed","template":"","meta":{"_ti_tpc_template_sync":false,"_ti_tpc_template_id":"","footnotes":""},"class_list":["post-5846","page","type-page","status-publish","hentry"],"_links":{"self":[{"href":"https:\/\/esmfoundation.org\/fr\/wp-json\/wp\/v2\/pages\/5846"}],"collection":[{"href":"https:\/\/esmfoundation.org\/fr\/wp-json\/wp\/v2\/pages"}],"about":[{"href":"https:\/\/esmfoundation.org\/fr\/wp-json\/wp\/v2\/types\/page"}],"author":[{"embeddable":true,"href":"https:\/\/esmfoundation.org\/fr\/wp-json\/wp\/v2\/users\/395"}],"replies":[{"embeddable":true,"href":"https:\/\/esmfoundation.org\/fr\/wp-json\/wp\/v2\/comments?post=5846"}],"version-history":[{"count":1,"href":"https:\/\/esmfoundation.org\/fr\/wp-json\/wp\/v2\/pages\/5846\/revisions"}],"predecessor-version":[{"id":5847,"href":"https:\/\/esmfoundation.org\/fr\/wp-json\/wp\/v2\/pages\/5846\/revisions\/5847"}],"up":[{"embeddable":true,"href":"https:\/\/esmfoundation.org\/fr\/wp-json\/wp\/v2\/pages\/5826"}],"wp:attachment":[{"href":"https:\/\/esmfoundation.org\/fr\/wp-json\/wp\/v2\/media?parent=5846"}],"curies":[{"name":"wp","href":"https:\/\/api.w.org\/{rel}","templated":true}]}}