{"id":5867,"date":"2023-08-30T17:00:25","date_gmt":"2023-08-30T15:00:25","guid":{"rendered":"https:\/\/esmfoundation.org\/?page_id=5867"},"modified":"2026-03-02T10:35:47","modified_gmt":"2026-03-02T09:35:47","slug":"notre-mission","status":"publish","type":"page","link":"https:\/\/esmfoundation.org\/fr\/qui-sommes-nous\/notre-mission\/","title":{"rendered":"Notre mission"},"content":{"rendered":"\n<h5 class=\"wp-block-heading\">La Fondation ESM initie, soutient et coordonne des projets de recherche et d\u2019\u00e9ducation, organise des \u00e9v\u00e9nements et favorise le dialogue professionnel et social autour des m\u00e9taux critiques.<br><\/h5>\n\n\n\n<p>\u00c0 la Fondation ESM, nous accordons la priorit\u00e9 \u00e0 la&nbsp;s\u00e9curit\u00e9 d\u2019approvisionnement&nbsp;et d\u00e9fendons l\u2019utilisation durable des m\u00e9taux critiques essentiels aux technologies modernes et \u00e0 la transition \u00e9nerg\u00e9tique. La fondation incarne l\u2019ind\u00e9pendance politique et financi\u00e8re, rendue possible par un capital de fondation g\u00e9r\u00e9 de mani\u00e8re durable depuis 1951. La Fondation ESM s\u2019efforce d\u2019atteindre le plus haut niveau de qualit\u00e9 scientifique.<\/p>\n\n\n\n<p>Dans notre travail, nous collaborons \u00e9troitement avec la recherche et l\u2019industrie, tant en Suisse qu\u2019\u00e0 l\u2019\u00e9tranger, et nous nous impliquons dans des projets financ\u00e9s publiquement.<\/p>\n\n\n\n<hr class=\"wp-block-separator has-text-color has-alpha-channel-opacity has-background is-style-wide\" style=\"background-color:#f2cea2;color:#f2cea2\"\/>\n\n\n\n<div class=\"wp-block-columns is-layout-flex wp-container-core-columns-is-layout-1 wp-block-columns-is-layout-flex\">\n<div class=\"wp-block-column is-layout-flow wp-block-column-is-layout-flow\">\n<figure class=\"wp-block-image size-large is-resized is-style-rounded\"><img loading=\"lazy\" decoding=\"async\" width=\"1024\" height=\"683\" src=\"https:\/\/esmfoundation.org\/wp-content\/uploads\/2024\/07\/zach-reiner-hW11fwjzVfA-unsplash-1024x683.jpg\" alt=\"\" class=\"wp-image-4344\" style=\"aspect-ratio:1;object-fit:cover;width:200px\" srcset=\"https:\/\/esmfoundation.org\/wp-content\/uploads\/2024\/07\/zach-reiner-hW11fwjzVfA-unsplash-1024x683.jpg 1024w, https:\/\/esmfoundation.org\/wp-content\/uploads\/2024\/07\/zach-reiner-hW11fwjzVfA-unsplash-300x200.jpg 300w, https:\/\/esmfoundation.org\/wp-content\/uploads\/2024\/07\/zach-reiner-hW11fwjzVfA-unsplash-768x512.jpg 768w, https:\/\/esmfoundation.org\/wp-content\/uploads\/2024\/07\/zach-reiner-hW11fwjzVfA-unsplash-1536x1024.jpg 1536w, https:\/\/esmfoundation.org\/wp-content\/uploads\/2024\/07\/zach-reiner-hW11fwjzVfA-unsplash-2048x1365.jpg 2048w\" sizes=\"(max-width: 1024px) 100vw, 1024px\" \/><\/figure>\n\n\n\n<div style=\"height:25px\" aria-hidden=\"true\" class=\"wp-block-spacer\"><\/div>\n\n\n\n<h4 class=\"wp-block-heading\"><strong>Ind\u00e9pendance et durabilit\u00e9<\/strong><br><\/h4>\n\n\n\n<p>La fondation met en avant son ind\u00e9pendance politique et financi\u00e8re, \u00e9l\u00e9ment essentiel pour garantir une recherche impartiale et une repr\u00e9sentation cr\u00e9dible des int\u00e9r\u00eats. Cette ind\u00e9pendance est rendue possible par notre capital de fondation, g\u00e9r\u00e9 de mani\u00e8re durable depuis 1951. Notre longue tradition de gestion financi\u00e8re prudente nous permet de soutenir des projets et initiatives sans d\u00e9pendre de pressions politiques ou commerciales externes.<br><\/p>\n<\/div>\n\n\n\n<div class=\"wp-block-column is-layout-flow wp-block-column-is-layout-flow\">\n<figure class=\"wp-block-image size-large is-resized is-style-rounded\"><img loading=\"lazy\" decoding=\"async\" width=\"1024\" height=\"576\" src=\"https:\/\/esmfoundation.org\/wp-content\/uploads\/2024\/07\/dan-dimmock-3mt71MKGjQ0-unsplash-1024x576.jpg\" alt=\"\" class=\"wp-image-4345\" style=\"aspect-ratio:1;object-fit:cover;width:200px\" srcset=\"https:\/\/esmfoundation.org\/wp-content\/uploads\/2024\/07\/dan-dimmock-3mt71MKGjQ0-unsplash-1024x576.jpg 1024w, https:\/\/esmfoundation.org\/wp-content\/uploads\/2024\/07\/dan-dimmock-3mt71MKGjQ0-unsplash-300x169.jpg 300w, https:\/\/esmfoundation.org\/wp-content\/uploads\/2024\/07\/dan-dimmock-3mt71MKGjQ0-unsplash-768x432.jpg 768w, https:\/\/esmfoundation.org\/wp-content\/uploads\/2024\/07\/dan-dimmock-3mt71MKGjQ0-unsplash-1536x864.jpg 1536w, https:\/\/esmfoundation.org\/wp-content\/uploads\/2024\/07\/dan-dimmock-3mt71MKGjQ0-unsplash-2048x1152.jpg 2048w\" sizes=\"(max-width: 1024px) 100vw, 1024px\" \/><\/figure>\n\n\n\n<div style=\"height:25px\" aria-hidden=\"true\" class=\"wp-block-spacer\"><\/div>\n\n\n\n<h4 class=\"wp-block-heading\"><strong>Engagement pour l\u2019excellence scientifique<\/strong><br><\/h4>\n\n\n\n<p>La Fondation ESM vise le plus haut standard de qualit\u00e9 scientifique dans ses projets et activit\u00e9s. Nous nous engageons \u00e0 pratiquer une recherche rigoureuse et privil\u00e9gions l\u2019int\u00e9grit\u00e9 scientifique et l\u2019excellence. Nos projets sont con\u00e7us pour apporter des connaissances pr\u00e9cieuses et des avanc\u00e9es dans le\u00a0<\/p>\n<\/div>\n<\/div>\n\n\n\n<div class=\"wp-block-columns is-layout-flex wp-container-core-columns-is-layout-2 wp-block-columns-is-layout-flex\">\n<div class=\"wp-block-column is-layout-flow wp-block-column-is-layout-flow\">\n<figure class=\"wp-block-image size-large is-resized is-style-rounded\"><img loading=\"lazy\" decoding=\"async\" width=\"1024\" height=\"683\" src=\"https:\/\/esmfoundation.org\/wp-content\/uploads\/2024\/07\/vardan-papikyan-JzE1dHEaAew-unsplash-1024x683.jpg\" alt=\"\" class=\"wp-image-4346\" style=\"aspect-ratio:1;object-fit:cover;width:200px\" srcset=\"https:\/\/esmfoundation.org\/wp-content\/uploads\/2024\/07\/vardan-papikyan-JzE1dHEaAew-unsplash-1024x683.jpg 1024w, https:\/\/esmfoundation.org\/wp-content\/uploads\/2024\/07\/vardan-papikyan-JzE1dHEaAew-unsplash-300x200.jpg 300w, https:\/\/esmfoundation.org\/wp-content\/uploads\/2024\/07\/vardan-papikyan-JzE1dHEaAew-unsplash-768x512.jpg 768w, https:\/\/esmfoundation.org\/wp-content\/uploads\/2024\/07\/vardan-papikyan-JzE1dHEaAew-unsplash-1536x1024.jpg 1536w, https:\/\/esmfoundation.org\/wp-content\/uploads\/2024\/07\/vardan-papikyan-JzE1dHEaAew-unsplash-2048x1365.jpg 2048w\" sizes=\"(max-width: 1024px) 100vw, 1024px\" \/><\/figure>\n\n\n\n<div style=\"height:25px\" aria-hidden=\"true\" class=\"wp-block-spacer\"><\/div>\n\n\n\n<h4 class=\"wp-block-heading\"><strong>Efforts de collaboration<\/strong><\/h4>\n\n\n\n<p>Dans nos activit\u00e9s, nous travaillons en \u00e9troite collaboration avec le monde acad\u00e9mique et industriel, au niveau national et international. Nous \u00e9tablissons des partenariats avec des institutions universitaires, des acteurs industriels et d&rsquo;autres organisations afin de combiner une diversit\u00e9 d\u2019expertises et de ressources. Cette approche collaborative nous permet de stimuler l\u2019innovation, de relever des d\u00e9fis complexes et de promouvoir des solutions concr\u00e8tes.<br><\/p>\n<\/div>\n\n\n\n<div class=\"wp-block-column is-layout-flow wp-block-column-is-layout-flow\">\n<figure class=\"wp-block-image size-large is-resized is-style-rounded\"><img loading=\"lazy\" decoding=\"async\" width=\"1024\" height=\"682\" src=\"https:\/\/esmfoundation.org\/wp-content\/uploads\/2024\/07\/jacek-dylag-PMxT0XtQ-A-unsplash-1024x682.jpg\" alt=\"\" class=\"wp-image-4347\" style=\"aspect-ratio:1;object-fit:cover;width:200px\" srcset=\"https:\/\/esmfoundation.org\/wp-content\/uploads\/2024\/07\/jacek-dylag-PMxT0XtQ-A-unsplash-1024x682.jpg 1024w, https:\/\/esmfoundation.org\/wp-content\/uploads\/2024\/07\/jacek-dylag-PMxT0XtQ-A-unsplash-300x200.jpg 300w, https:\/\/esmfoundation.org\/wp-content\/uploads\/2024\/07\/jacek-dylag-PMxT0XtQ-A-unsplash-768x511.jpg 768w, https:\/\/esmfoundation.org\/wp-content\/uploads\/2024\/07\/jacek-dylag-PMxT0XtQ-A-unsplash-1536x1022.jpg 1536w, https:\/\/esmfoundation.org\/wp-content\/uploads\/2024\/07\/jacek-dylag-PMxT0XtQ-A-unsplash-2048x1363.jpg 2048w\" sizes=\"(max-width: 1024px) 100vw, 1024px\" \/><\/figure>\n\n\n\n<div style=\"height:26px\" aria-hidden=\"true\" class=\"wp-block-spacer\"><\/div>\n\n\n\n<h4 class=\"wp-block-heading\"><strong>Projets financ\u00e9s par des fonds publics<\/strong><br><\/h4>\n\n\n\n<p>La Fondation ESM participe \u00e9galement activement \u00e0 des projets financ\u00e9s par des fonds publics. En s\u2019impliquant dans ces initiatives, nous alignons nos efforts sur les priorit\u00e9s nationales et internationales, assurant que notre travail contribue \u00e0 des objectifs soci\u00e9taux plus vastes. Ces projets nous permettent d\u2019\u00e9tendre notre impact et de travailler vers des solutions durables \u00e0 long terme dans le secteur des m\u00e9taux critiques.<br><\/p>\n<\/div>\n<\/div>\n","protected":false},"excerpt":{"rendered":"<p>La Fondation ESM initie, soutient et coordonne des projets de recherche et d\u2019\u00e9ducation, organise des \u00e9v\u00e9nements et favorise le dialogue professionnel et social autour des m\u00e9taux critiques. \u00c0 la Fondation ESM, nous accordons la priorit\u00e9 \u00e0 la&nbsp;s\u00e9curit\u00e9 d\u2019approvisionnement&nbsp;et d\u00e9fendons l\u2019utilisation durable des m\u00e9taux critiques essentiels aux technologies modernes et \u00e0 la transition \u00e9nerg\u00e9tique. La fondation&#8230; <\/p>\n<div class=\"clear\"><\/div>\n<p><a href=\"https:\/\/esmfoundation.org\/fr\/qui-sommes-nous\/notre-mission\/\" class=\"excerpt-read-more\">Read More<\/a><\/p>\n","protected":false},"author":395,"featured_media":0,"parent":5826,"menu_order":1,"comment_status":"closed","ping_status":"closed","template":"","meta":{"_ti_tpc_template_sync":false,"_ti_tpc_template_id":"","footnotes":""},"class_list":["post-5867","page","type-page","status-publish","hentry"],"_links":{"self":[{"href":"https:\/\/esmfoundation.org\/fr\/wp-json\/wp\/v2\/pages\/5867"}],"collection":[{"href":"https:\/\/esmfoundation.org\/fr\/wp-json\/wp\/v2\/pages"}],"about":[{"href":"https:\/\/esmfoundation.org\/fr\/wp-json\/wp\/v2\/types\/page"}],"author":[{"embeddable":true,"href":"https:\/\/esmfoundation.org\/fr\/wp-json\/wp\/v2\/users\/395"}],"replies":[{"embeddable":true,"href":"https:\/\/esmfoundation.org\/fr\/wp-json\/wp\/v2\/comments?post=5867"}],"version-history":[{"count":2,"href":"https:\/\/esmfoundation.org\/fr\/wp-json\/wp\/v2\/pages\/5867\/revisions"}],"predecessor-version":[{"id":5873,"href":"https:\/\/esmfoundation.org\/fr\/wp-json\/wp\/v2\/pages\/5867\/revisions\/5873"}],"up":[{"embeddable":true,"href":"https:\/\/esmfoundation.org\/fr\/wp-json\/wp\/v2\/pages\/5826"}],"wp:attachment":[{"href":"https:\/\/esmfoundation.org\/fr\/wp-json\/wp\/v2\/media?parent=5867"}],"curies":[{"name":"wp","href":"https:\/\/api.w.org\/{rel}","templated":true}]}}