{"id":5875,"date":"2023-08-30T17:00:25","date_gmt":"2023-08-30T15:00:25","guid":{"rendered":"https:\/\/esmfoundation.org\/?page_id=5875"},"modified":"2026-03-02T10:35:40","modified_gmt":"2026-03-02T09:35:40","slug":"notre-histoire","status":"publish","type":"page","link":"https:\/\/esmfoundation.org\/fr\/qui-sommes-nous\/notre-histoire\/","title":{"rendered":"Notre histoire"},"content":{"rendered":"\n<h5 class=\"wp-block-heading\">Apr\u00e8s la Seconde Guerre mondiale,\u00a0Gaston F. Dubois, un chimiste suisse qui avait auparavant exerc\u00e9 des fonctions dirigeantes au sein de la soci\u00e9t\u00e9 agrochimique Monsanto aux \u00c9tats-Unis, s\u2019est inqui\u00e9t\u00e9 de la d\u00e9pendance de la Suisse aux approvisionnements \u00e9trangers en mat\u00e9riaux. Le 15 d\u00e9cembre 1951, il fonde la\u00a0ESM Foundation\u00a0(\u00ab\u00a0<em>Entwicklungsfonds Seltene Metalle<\/em>\u00a0\u00bb en allemand) \u00e0 Zurich, avec lui-m\u00eame, le professeur E. Baumann de l\u2019ETH Zurich, et le Dr O. Zipfel \u2014 \u00e0 l\u2019\u00e9poque d\u00e9l\u00e9gu\u00e9 du Conseil F\u00e9d\u00e9ral pour la cr\u00e9ation d\u2019emplois \u2014 comme premiers membres du conseil, et le Dr O.H. Messner, consultant industriel, comme premier pr\u00e9sident du conseil de fondation.\u00a0<br><\/h5>\n\n\n\n<p>Selon ses statuts r\u00e9dig\u00e9s il y a plus de 70 ans, la fondation a pour objectif de&nbsp;soutenir et de conduire des recherches et investigations&nbsp;dans le domaine des m\u00e9taux rares, en vue de leur utilisation industrielle. Depuis sa cr\u00e9ation, la Fondation ESM a soutenu plus de&nbsp;30 projets de recherche&nbsp;dans des domaines o\u00f9 des m\u00e9taux rares jouent un r\u00f4le crucial.&nbsp;&nbsp;<\/p>\n\n\n\n<p>Lors de la cr\u00e9ation de l\u2019ESM, les p\u00e8res fondateurs avaient pour ambition de cr\u00e9er de nouvelles industries dans le domaine des \u00ab m\u00e9taux rares \u00bb et, ce faisant, de&nbsp;g\u00e9n\u00e9rer de nouveaux emplois. En finan\u00e7ant la recherche et le d\u00e9veloppement, il \u00e9tait envisag\u00e9 de favoriser l\u2019exploitation et la valorisation des r\u00e9sultats obtenus, conduisant \u00e0 des innovations et \u00e0 des produits commercialisables.&nbsp;<\/p>\n\n\n\n<p>Aujourd\u2019hui, l\u2019ESM poursuit le travail de ses fondateurs, en r\u00e9unissant des id\u00e9es nouvelles concernant les m\u00e9taux rares et critiques et leur port\u00e9e strat\u00e9gique dans les domaines de la science et de l\u2019ing\u00e9nierie.&nbsp;<\/p>\n","protected":false},"excerpt":{"rendered":"<p>Apr\u00e8s la Seconde Guerre mondiale,\u00a0Gaston F. Dubois, un chimiste suisse qui avait auparavant exerc\u00e9 des fonctions dirigeantes au sein de la soci\u00e9t\u00e9 agrochimique Monsanto aux \u00c9tats-Unis, s\u2019est inqui\u00e9t\u00e9 de la d\u00e9pendance de la Suisse aux approvisionnements \u00e9trangers en mat\u00e9riaux. Le 15 d\u00e9cembre 1951, il fonde la\u00a0ESM Foundation\u00a0(\u00ab\u00a0Entwicklungsfonds Seltene Metalle\u00a0\u00bb en allemand) \u00e0 Zurich, avec lui-m\u00eame,&#8230; <\/p>\n<div class=\"clear\"><\/div>\n<p><a href=\"https:\/\/esmfoundation.org\/fr\/qui-sommes-nous\/notre-histoire\/\" class=\"excerpt-read-more\">Read More<\/a><\/p>\n","protected":false},"author":395,"featured_media":0,"parent":5826,"menu_order":2,"comment_status":"closed","ping_status":"closed","template":"","meta":{"_ti_tpc_template_sync":false,"_ti_tpc_template_id":"","footnotes":""},"class_list":["post-5875","page","type-page","status-publish","hentry"],"_links":{"self":[{"href":"https:\/\/esmfoundation.org\/fr\/wp-json\/wp\/v2\/pages\/5875"}],"collection":[{"href":"https:\/\/esmfoundation.org\/fr\/wp-json\/wp\/v2\/pages"}],"about":[{"href":"https:\/\/esmfoundation.org\/fr\/wp-json\/wp\/v2\/types\/page"}],"author":[{"embeddable":true,"href":"https:\/\/esmfoundation.org\/fr\/wp-json\/wp\/v2\/users\/395"}],"replies":[{"embeddable":true,"href":"https:\/\/esmfoundation.org\/fr\/wp-json\/wp\/v2\/comments?post=5875"}],"version-history":[{"count":1,"href":"https:\/\/esmfoundation.org\/fr\/wp-json\/wp\/v2\/pages\/5875\/revisions"}],"predecessor-version":[{"id":5876,"href":"https:\/\/esmfoundation.org\/fr\/wp-json\/wp\/v2\/pages\/5875\/revisions\/5876"}],"up":[{"embeddable":true,"href":"https:\/\/esmfoundation.org\/fr\/wp-json\/wp\/v2\/pages\/5826"}],"wp:attachment":[{"href":"https:\/\/esmfoundation.org\/fr\/wp-json\/wp\/v2\/media?parent=5875"}],"curies":[{"name":"wp","href":"https:\/\/api.w.org\/{rel}","templated":true}]}}