{"id":5898,"date":"2024-04-15T08:54:59","date_gmt":"2024-04-15T06:54:59","guid":{"rendered":"https:\/\/esmfoundation.org\/?page_id=5898"},"modified":"2026-03-02T10:35:33","modified_gmt":"2026-03-02T09:35:33","slug":"ce-que-nous-faisons","status":"publish","type":"page","link":"https:\/\/esmfoundation.org\/fr\/ce-que-nous-faisons\/","title":{"rendered":"Ce que nous faisons"},"content":{"rendered":"\n<p>Ces derni\u00e8res ann\u00e9es, la demande industrielle croissante, combin\u00e9e aux \u00e9volutions g\u00e9opolitiques, a conduit \u00e0 une attention accrue envers les m\u00e9taux rares et critiques.<br>Ces \u00e9l\u00e9ments sont essentiels pour les mat\u00e9riaux et technologies de pointe tels que la communication, les \u00e9nergies renouvelables et les transports. La cha\u00eene d\u2019approvisionnement et la r\u00e9utilisation des m\u00e9taux rares et critiques sont d\u2019une importance fondamentale pour l\u2019\u00e9conomie actuelle et future.<\/p>\n\n\n\n<p>La Fondation ESM fournit des informations et facilite le dialogue entre les parties prenantes pertinentes issues de l\u2019industrie et du monde acad\u00e9mique.<\/p>\n\n\n\n<p>Nos principales activit\u00e9s comprennent:<\/p>\n\n\n\n<ul class=\"wp-block-list\">\n<li>Mandater, financer et coordonner\u00a0des projets de recherche pertinents, r\u00e9unissant des partenaires issus d\u2019organisations de recherche, d\u2019universit\u00e9s, d\u2019industries, ainsi que d\u2019organisations non gouvernementales et gouvernementales.<\/li>\n\n\n\n<li>Initier et organiser des \u00e9v\u00e9nements et des enqu\u00eates, abordant les questions cl\u00e9s pour l\u2019industrie et le monde acad\u00e9mique li\u00e9es aux m\u00e9taux rares et critiques, couvrant l\u2019ensemble de la cha\u00eene de valeur des mat\u00e9riaux (de la mati\u00e8re premi\u00e8re au recyclage), mais \u00e9galement les aspects g\u00e9opolitiques, politiques, \u00e9conomiques, environnementaux et juridiques.<\/li>\n\n\n\n<li>Fournir et coordonner des formations continues, mettant en \u00e9vidence la complexit\u00e9 et l\u2019importance du sujet pour divers secteurs industriels et disciplines scientifiques concern\u00e9es.<\/li>\n\n\n\n<li>\u00c9tablir des partenariats\u00a0avec des organisations actives dans des domaines similaires, en offrant des connaissances et des exp\u00e9riences compl\u00e9mentaires et \u00e9largies.<\/li>\n<\/ul>\n\n\n\n<p><strong>Demander un soutien<\/strong><\/p>\n\n\n\n<p>La Fondation ESM apporte son soutien \u00e0 des projets de recherche \u00e0 diff\u00e9rents niveaux.<br>Conform\u00e9ment \u00e0 ses statuts, elle vise \u00e0 promouvoir la recherche sur les&nbsp;mati\u00e8res premi\u00e8res critiques (MPC), en particulier leur application industrielle.<\/p>\n\n\n\n<p>Face aux d\u00e9fis actuels li\u00e9s aux MPC, ces projets de recherche peuvent porter sur :<\/p>\n\n\n\n<ul class=\"wp-block-list\">\n<li>La consommation suisse de m\u00e9taux pr\u00e9cieux et rares pour les technologies modernes dans des domaines tels que l\u2019\u00e9lectromobilit\u00e9, la production et le stockage d\u2019\u00e9nergie, ou encore les technologies de l\u2019information et de la communication, ainsi que les d\u00e9fis qu\u2019ils repr\u00e9sentent pour notre \u00e9conomie.<\/li>\n\n\n\n<li>Le r\u00f4le des stocks et des flux de MPC dans des questions \u00e9conomiques comme les march\u00e9s suisses concern\u00e9s et les sc\u00e9narios de prix futurs.<\/li>\n\n\n\n<li>Les consid\u00e9rations environnementales li\u00e9es \u00e0 l\u2019utilisation des MPC en Suisse \u00e0 l\u2019aide d\u2019analyses du cycle de vie ou d\u2019autres m\u00e9thodes ; les aspects sociaux et juridiques concernant les r\u00e9glementations et normes.<\/li>\n\n\n\n<li>Les potentiels du\u00a0recyclage des m\u00e9taux en Suisse, du point de vue technologique, logistique et \u00e9conomique.<\/li>\n\n\n\n<li>D\u2019autres solutions durables pour l\u2019approvisionnement futur de la Suisse en MPC, telles que les potentiels de substitution, les mod\u00e8les circulaires, etc.<\/li>\n<\/ul>\n\n\n\n<p>Les projets doivent \u00e9galement \u00eatre conformes \u00e0 l\u2019objectif global de la Fondation ESM, qui est&nbsp;d\u2019ouvrir de nouveaux domaines \u00e9conomiques en Suisse.<\/p>\n","protected":false},"excerpt":{"rendered":"<p>Ces derni\u00e8res ann\u00e9es, la demande industrielle croissante, combin\u00e9e aux \u00e9volutions g\u00e9opolitiques, a conduit \u00e0 une attention accrue envers les m\u00e9taux rares et critiques.Ces \u00e9l\u00e9ments sont essentiels pour les mat\u00e9riaux et technologies de pointe tels que la communication, les \u00e9nergies renouvelables et les transports. La cha\u00eene d\u2019approvisionnement et la r\u00e9utilisation des m\u00e9taux rares et critiques sont&#8230; <\/p>\n<div class=\"clear\"><\/div>\n<p><a href=\"https:\/\/esmfoundation.org\/fr\/ce-que-nous-faisons\/\" class=\"excerpt-read-more\">Read More<\/a><\/p>\n","protected":false},"author":395,"featured_media":0,"parent":0,"menu_order":2,"comment_status":"closed","ping_status":"closed","template":"","meta":{"_ti_tpc_template_sync":false,"_ti_tpc_template_id":"","footnotes":""},"class_list":["post-5898","page","type-page","status-publish","hentry"],"_links":{"self":[{"href":"https:\/\/esmfoundation.org\/fr\/wp-json\/wp\/v2\/pages\/5898"}],"collection":[{"href":"https:\/\/esmfoundation.org\/fr\/wp-json\/wp\/v2\/pages"}],"about":[{"href":"https:\/\/esmfoundation.org\/fr\/wp-json\/wp\/v2\/types\/page"}],"author":[{"embeddable":true,"href":"https:\/\/esmfoundation.org\/fr\/wp-json\/wp\/v2\/users\/395"}],"replies":[{"embeddable":true,"href":"https:\/\/esmfoundation.org\/fr\/wp-json\/wp\/v2\/comments?post=5898"}],"version-history":[{"count":1,"href":"https:\/\/esmfoundation.org\/fr\/wp-json\/wp\/v2\/pages\/5898\/revisions"}],"predecessor-version":[{"id":5899,"href":"https:\/\/esmfoundation.org\/fr\/wp-json\/wp\/v2\/pages\/5898\/revisions\/5899"}],"wp:attachment":[{"href":"https:\/\/esmfoundation.org\/fr\/wp-json\/wp\/v2\/media?parent=5898"}],"curies":[{"name":"wp","href":"https:\/\/api.w.org\/{rel}","templated":true}]}}