{"id":5908,"date":"2024-04-18T21:20:01","date_gmt":"2024-04-18T19:20:01","guid":{"rendered":"https:\/\/esmfoundation.org\/?page_id=5908"},"modified":"2026-03-02T10:35:21","modified_gmt":"2026-03-02T09:35:21","slug":"suscritmat","status":"publish","type":"page","link":"https:\/\/esmfoundation.org\/fr\/ce-que-nous-faisons\/projets\/suscritmat\/","title":{"rendered":"SusCritMat"},"content":{"rendered":"\n<div class=\"wp-block-columns is-layout-flex wp-container-core-columns-is-layout-1 wp-block-columns-is-layout-flex\">\n<div class=\"wp-block-column is-layout-flow wp-block-column-is-layout-flow\" style=\"flex-basis:33.33%\"><div class=\"wp-block-image\">\n<figure class=\"aligncenter size-full is-resized\"><img loading=\"lazy\" decoding=\"async\" width=\"640\" height=\"640\" src=\"https:\/\/esmfoundation.org\/wp-content\/uploads\/2024\/06\/SusCritMat-logo-1435741279.jpg\" alt=\"\" class=\"wp-image-3822\" style=\"width:auto;height:260px\" srcset=\"https:\/\/esmfoundation.org\/wp-content\/uploads\/2024\/06\/SusCritMat-logo-1435741279.jpg 640w, https:\/\/esmfoundation.org\/wp-content\/uploads\/2024\/06\/SusCritMat-logo-1435741279-300x300.jpg 300w, https:\/\/esmfoundation.org\/wp-content\/uploads\/2024\/06\/SusCritMat-logo-1435741279-150x150.jpg 150w, https:\/\/esmfoundation.org\/wp-content\/uploads\/2024\/06\/SusCritMat-logo-1435741279-400x400.jpg 400w\" sizes=\"(max-width: 640px) 100vw, 640px\" \/><\/figure><\/div><\/div>\n\n\n\n<div class=\"wp-block-column is-layout-flow wp-block-column-is-layout-flow\" style=\"flex-basis:66.66%\">\n<h3 class=\"wp-block-heading\"><strong>Soutenir l\u2019\u00e9ducation europ\u00e9enne sur les mati\u00e8res premi\u00e8res critiques durables<\/strong><\/h3>\n\n\n\n<p>SusCritMat \u00e9tait un projet financ\u00e9 par&nbsp;<strong>EIT Raw Materials<\/strong>&nbsp;et coordonn\u00e9 par la fondation&nbsp;<strong>ESM<\/strong>. Il regroupait&nbsp;<strong>huit partenaires europ\u00e9ens<\/strong>&nbsp;et visait \u00e0 former des doctorants, des \u00e9tudiants de master, de jeunes ing\u00e9nieurs, des chercheurs et des managers, en couvrant une s\u00e9rie d\u2019aspects importants relatifs aux mati\u00e8res premi\u00e8res critiques.<\/p>\n\n\n\n<p>Dans un concept novateur, le projet a introduit des cours destin\u00e9s aux doctorants, aux \u00e9tudiants de master, aux professionnels et aux cadres sur des sujets complexes et interdisciplinaires, et a rendu ces cours adaptables \u00e0 diff\u00e9rents formats gr\u00e2ce \u00e0 une structure modulaire. Ces cours permettent de d\u00e9velopper de nouvelles comp\u00e9tences, aidant les participants \u00e0 mieux comprendre l\u2019impact et le r\u00f4le des mati\u00e8res premi\u00e8res critiques dans une vision holistique de la cha\u00eene de valeur, apportant ainsi une valeur ajout\u00e9e aux entreprises et \u00e0 l\u2019industrie.<\/p>\n\n\n\n<p>Le consortium a cr\u00e9\u00e9&nbsp;<strong>des supports p\u00e9dagogiques<\/strong>&nbsp;regroup\u00e9s en diff\u00e9rents modules pouvant \u00eatre combin\u00e9s pour former divers formats de cours. Des mat\u00e9riaux p\u00e9dagogiques multim\u00e9dias ont \u00e9t\u00e9 mis \u00e0 la disposition des participants aux \u00e9coles d\u2019\u00e9t\u00e9 et d\u2019hiver afin qu\u2019ils puissent travailler avec des techniques et des donn\u00e9es \u00e0 la pointe de l\u2019\u00e9tat de l\u2019art.<\/p>\n<\/div>\n<\/div>\n","protected":false},"excerpt":{"rendered":"<p>Soutenir l\u2019\u00e9ducation europ\u00e9enne sur les mati\u00e8res premi\u00e8res critiques durables SusCritMat \u00e9tait un projet financ\u00e9 par&nbsp;EIT Raw Materials&nbsp;et coordonn\u00e9 par la fondation&nbsp;ESM. Il regroupait&nbsp;huit partenaires europ\u00e9ens&nbsp;et visait \u00e0 former des doctorants, des \u00e9tudiants de master, de jeunes ing\u00e9nieurs, des chercheurs et des managers, en couvrant une s\u00e9rie d\u2019aspects importants relatifs aux mati\u00e8res premi\u00e8res critiques. Dans un&#8230; <\/p>\n<div class=\"clear\"><\/div>\n<p><a href=\"https:\/\/esmfoundation.org\/fr\/ce-que-nous-faisons\/projets\/suscritmat\/\" class=\"excerpt-read-more\">Read More<\/a><\/p>\n","protected":false},"author":395,"featured_media":5905,"parent":5903,"menu_order":0,"comment_status":"closed","ping_status":"closed","template":"","meta":{"_ti_tpc_template_sync":false,"_ti_tpc_template_id":"","footnotes":""},"class_list":["post-5908","page","type-page","status-publish","has-post-thumbnail","hentry"],"_links":{"self":[{"href":"https:\/\/esmfoundation.org\/fr\/wp-json\/wp\/v2\/pages\/5908"}],"collection":[{"href":"https:\/\/esmfoundation.org\/fr\/wp-json\/wp\/v2\/pages"}],"about":[{"href":"https:\/\/esmfoundation.org\/fr\/wp-json\/wp\/v2\/types\/page"}],"author":[{"embeddable":true,"href":"https:\/\/esmfoundation.org\/fr\/wp-json\/wp\/v2\/users\/395"}],"replies":[{"embeddable":true,"href":"https:\/\/esmfoundation.org\/fr\/wp-json\/wp\/v2\/comments?post=5908"}],"version-history":[{"count":1,"href":"https:\/\/esmfoundation.org\/fr\/wp-json\/wp\/v2\/pages\/5908\/revisions"}],"predecessor-version":[{"id":5909,"href":"https:\/\/esmfoundation.org\/fr\/wp-json\/wp\/v2\/pages\/5908\/revisions\/5909"}],"up":[{"embeddable":true,"href":"https:\/\/esmfoundation.org\/fr\/wp-json\/wp\/v2\/pages\/5903"}],"wp:featuredmedia":[{"embeddable":true,"href":"https:\/\/esmfoundation.org\/fr\/wp-json\/wp\/v2\/media\/5905"}],"wp:attachment":[{"href":"https:\/\/esmfoundation.org\/fr\/wp-json\/wp\/v2\/media?parent=5908"}],"curies":[{"name":"wp","href":"https:\/\/api.w.org\/{rel}","templated":true}]}}