{"id":5910,"date":"2024-04-07T18:56:36","date_gmt":"2024-04-07T16:56:36","guid":{"rendered":"https:\/\/esmfoundation.org\/?page_id=5910"},"modified":"2026-03-02T10:35:01","modified_gmt":"2026-03-02T09:35:01","slug":"irtc","status":"publish","type":"page","link":"https:\/\/esmfoundation.org\/fr\/ce-que-nous-faisons\/projets\/irtc\/","title":{"rendered":"IRTC"},"content":{"rendered":"\n<div class=\"wp-block-columns is-layout-flex wp-container-core-columns-is-layout-1 wp-block-columns-is-layout-flex\">\n<div class=\"wp-block-column is-layout-flow wp-block-column-is-layout-flow\" style=\"flex-basis:33.33%\">\n<figure class=\"wp-block-image size-full is-resized\"><img loading=\"lazy\" decoding=\"async\" width=\"401\" height=\"301\" src=\"https:\/\/esmfoundation.org\/wp-content\/uploads\/2024\/06\/Logo-IRTC2.jpg\" alt=\"\" class=\"wp-image-4164\" style=\"width:313px;height:auto\" srcset=\"https:\/\/esmfoundation.org\/wp-content\/uploads\/2024\/06\/Logo-IRTC2.jpg 401w, https:\/\/esmfoundation.org\/wp-content\/uploads\/2024\/06\/Logo-IRTC2-300x225.jpg 300w\" sizes=\"(max-width: 401px) 100vw, 401px\" \/><\/figure>\n<\/div>\n\n\n\n<div class=\"wp-block-column is-layout-flow wp-block-column-is-layout-flow\" style=\"flex-basis:66.66%\">\n<h3 class=\"wp-block-heading\">Table ronde internationale sur la criticit\u00e9 des mat\u00e9riaux (IRTC)<\/h3>\n\n\n\n<p>Lanc\u00e9e par la&nbsp;Fondation ESM en 2017, avec le soutien de&nbsp;EIT RawMaterials, la&nbsp;table ronde internationale sur la criticit\u00e9 des mat\u00e9riaux (IRTC)&nbsp;avait pour objectif principal de cr\u00e9er une plateforme d\u2019\u00e9change sur les m\u00e9thodes d\u2019\u00e9valuation de la criticit\u00e9 des mati\u00e8res premi\u00e8res, en tenant compte des approches issues de divers pays et perspectives.<br>Elle visait \u00e0 rassembler les concepteurs des principales m\u00e9thodologies afin d\u2019explorer les caract\u00e9ristiques distinctives, les objectifs et les port\u00e9es des diff\u00e9rentes approches li\u00e9es \u00e0 la criticit\u00e9 des mat\u00e9riaux.<\/p>\n\n\n\n<p>Aujourd\u2019hui, l\u2019IRTC&nbsp;s\u2019impose comme le&nbsp;premier r\u00e9seau mondial et la principale s\u00e9rie d\u2019\u00e9v\u00e9nements consacr\u00e9s \u00e0 la criticit\u00e9 des mati\u00e8res premi\u00e8res. Elle constitue un point de convergence pour toutes les parties prenantes int\u00e9ress\u00e9es \u00e0 travers le monde.<\/p>\n\n\n\n<p>Chaque ann\u00e9e, elle organise une&nbsp;conf\u00e9rence internationale&nbsp;permettant d\u2019interagir avec les experts mondiaux de la criticit\u00e9, issus des milieux acad\u00e9miques, industriels et politiques.<\/p>\n\n\n\n<p>De plus, l\u2019initiative IRTC a d\u00e9velopp\u00e9 des&nbsp;formations certifi\u00e9es ISO, con\u00e7ues pour transmettre aux futurs responsables de la gestion des risques li\u00e9s aux mati\u00e8res premi\u00e8res les connaissances n\u00e9cessaires \u00e0 la d\u00e9termination et \u00e0 l\u2019att\u00e9nuation de la criticit\u00e9.<\/p>\n\n\n\n<p>Pour en savoir plus, consultez le site officiel de l\u2019IRTC.<\/p>\n<\/div>\n<\/div>\n","protected":false},"excerpt":{"rendered":"<p>Table ronde internationale sur la criticit\u00e9 des mat\u00e9riaux (IRTC) Lanc\u00e9e par la&nbsp;Fondation ESM en 2017, avec le soutien de&nbsp;EIT RawMaterials, la&nbsp;table ronde internationale sur la criticit\u00e9 des mat\u00e9riaux (IRTC)&nbsp;avait pour objectif principal de cr\u00e9er une plateforme d\u2019\u00e9change sur les m\u00e9thodes d\u2019\u00e9valuation de la criticit\u00e9 des mati\u00e8res premi\u00e8res, en tenant compte des approches issues de divers&#8230; <\/p>\n<div class=\"clear\"><\/div>\n<p><a href=\"https:\/\/esmfoundation.org\/fr\/ce-que-nous-faisons\/projets\/irtc\/\" class=\"excerpt-read-more\">Read More<\/a><\/p>\n","protected":false},"author":395,"featured_media":5918,"parent":5903,"menu_order":5,"comment_status":"closed","ping_status":"closed","template":"","meta":{"_ti_tpc_template_sync":false,"_ti_tpc_template_id":"","footnotes":""},"class_list":["post-5910","page","type-page","status-publish","has-post-thumbnail","hentry"],"_links":{"self":[{"href":"https:\/\/esmfoundation.org\/fr\/wp-json\/wp\/v2\/pages\/5910"}],"collection":[{"href":"https:\/\/esmfoundation.org\/fr\/wp-json\/wp\/v2\/pages"}],"about":[{"href":"https:\/\/esmfoundation.org\/fr\/wp-json\/wp\/v2\/types\/page"}],"author":[{"embeddable":true,"href":"https:\/\/esmfoundation.org\/fr\/wp-json\/wp\/v2\/users\/395"}],"replies":[{"embeddable":true,"href":"https:\/\/esmfoundation.org\/fr\/wp-json\/wp\/v2\/comments?post=5910"}],"version-history":[{"count":1,"href":"https:\/\/esmfoundation.org\/fr\/wp-json\/wp\/v2\/pages\/5910\/revisions"}],"predecessor-version":[{"id":5911,"href":"https:\/\/esmfoundation.org\/fr\/wp-json\/wp\/v2\/pages\/5910\/revisions\/5911"}],"up":[{"embeddable":true,"href":"https:\/\/esmfoundation.org\/fr\/wp-json\/wp\/v2\/pages\/5903"}],"wp:featuredmedia":[{"embeddable":true,"href":"https:\/\/esmfoundation.org\/fr\/wp-json\/wp\/v2\/media\/5918"}],"wp:attachment":[{"href":"https:\/\/esmfoundation.org\/fr\/wp-json\/wp\/v2\/media?parent=5910"}],"curies":[{"name":"wp","href":"https:\/\/api.w.org\/{rel}","templated":true}]}}