{"id":5919,"date":"2024-04-07T18:56:35","date_gmt":"2024-04-07T16:56:35","guid":{"rendered":"https:\/\/esmfoundation.org\/?page_id=5919"},"modified":"2026-03-02T10:35:14","modified_gmt":"2026-03-02T09:35:14","slug":"suscritmooc","status":"publish","type":"page","link":"https:\/\/esmfoundation.org\/fr\/ce-que-nous-faisons\/projets\/suscritmooc\/","title":{"rendered":"SuscritMOOC"},"content":{"rendered":"\n<div class=\"wp-block-columns is-layout-flex wp-container-core-columns-is-layout-1 wp-block-columns-is-layout-flex\">\n<div class=\"wp-block-column is-layout-flow wp-block-column-is-layout-flow\" style=\"flex-basis:33.33%\"><div class=\"wp-block-image\">\n<figure class=\"alignleft size-full is-resized\"><img decoding=\"async\" src=\"https:\/\/esmfoundation.org\/wp-content\/uploads\/2024\/06\/SusCritMOOC-1.png\" alt=\"\" class=\"wp-image-4003\" style=\"width:412px;height:auto\"\/><\/figure><\/div><\/div>\n\n\n\n<div class=\"wp-block-column is-layout-flow wp-block-column-is-layout-flow\" style=\"flex-basis:66.66%\"><div class=\"wp-block-image\">\n<figure class=\"aligncenter size-full is-resized\"><img loading=\"lazy\" decoding=\"async\" width=\"639\" height=\"207\" src=\"https:\/\/esmfoundation.org\/wp-content\/uploads\/2024\/06\/image.jpeg\" alt=\"\" class=\"wp-image-4150\" style=\"width:809px;height:auto\" srcset=\"https:\/\/esmfoundation.org\/wp-content\/uploads\/2024\/06\/image.jpeg 639w, https:\/\/esmfoundation.org\/wp-content\/uploads\/2024\/06\/image-300x97.jpeg 300w\" sizes=\"(max-width: 639px) 100vw, 639px\" \/><\/figure><\/div><\/div>\n<\/div>\n\n\n\n<h3 class=\"wp-block-heading\">Cours en ligne ouvert \u00e0 tous (MOOC) sur la gestion durable des mati\u00e8res premi\u00e8res critiques<\/h3>\n\n\n\n<p>Le projet&nbsp;SusCritMOOC, financ\u00e9 par&nbsp;EIT RawMaterials, est le successeur de&nbsp;SusCritMat&nbsp;et a \u00e9t\u00e9 lanc\u00e9 sous la forme d\u2019un&nbsp;MOOC complet&nbsp;(Massive Open Online Course) consacr\u00e9 \u00e0 la gestion durable des mati\u00e8res premi\u00e8res critiques.<\/p>\n\n\n\n<p>Le MOOC est anim\u00e9 par plus de&nbsp;20 experts issus du milieu acad\u00e9mique, des politiques publiques, de l\u2019industrie et des start-ups, offrant ainsi une compr\u00e9hension diversifi\u00e9e et approfondie de la gestion des mati\u00e8res premi\u00e8res critiques.<\/p>\n\n\n\n<p>En raison de son large succ\u00e8s et de la demande continue, le MOOC est toujours en cours et en est actuellement \u00e0 sa&nbsp;4\u1d49 \u00e9dition.<\/p>\n\n\n\n<p>Ce cours est h\u00e9berg\u00e9 sur&nbsp;edX.org&nbsp;et s\u2019\u00e9tend sur&nbsp;7 semaines d\u2019apprentissage approfondi(voir illustration ci-dessus).<\/p>\n\n\n\n<div class=\"wp-block-buttons is-layout-flex wp-block-buttons-is-layout-flex\">\n<div class=\"wp-block-button is-style-outline is-style-outline--cb56a337109e2bce6307e6e049999f54\"><a class=\"wp-block-button__link wp-element-button\" href=\"https:\/\/www.edx.org\/learn\/sustainability\/delft-university-of-technology-critical-raw-materials-managing-resources-for-a-sustainable-future\" target=\"_blank\" rel=\"noreferrer noopener\">Inscrivez-vous d\u00e8s maintenant au cours\u00a0<\/a><\/div>\n<\/div>\n\n\n\n<p><\/p>\n\n\n\n<p><\/p>\n\n\n\n<p><\/p>\n\n\n\n<p><\/p>\n\n\n\n<p><\/p>\n\n\n\n<p><\/p>\n","protected":false},"excerpt":{"rendered":"<p>Cours en ligne ouvert \u00e0 tous (MOOC) sur la gestion durable des mati\u00e8res premi\u00e8res critiques Le projet&nbsp;SusCritMOOC, financ\u00e9 par&nbsp;EIT RawMaterials, est le successeur de&nbsp;SusCritMat&nbsp;et a \u00e9t\u00e9 lanc\u00e9 sous la forme d\u2019un&nbsp;MOOC complet&nbsp;(Massive Open Online Course) consacr\u00e9 \u00e0 la gestion durable des mati\u00e8res premi\u00e8res critiques. Le MOOC est anim\u00e9 par plus de&nbsp;20 experts issus du milieu&#8230; <\/p>\n<div class=\"clear\"><\/div>\n<p><a href=\"https:\/\/esmfoundation.org\/fr\/ce-que-nous-faisons\/projets\/suscritmooc\/\" class=\"excerpt-read-more\">Read More<\/a><\/p>\n","protected":false},"author":395,"featured_media":5922,"parent":5903,"menu_order":3,"comment_status":"closed","ping_status":"closed","template":"","meta":{"_ti_tpc_template_sync":false,"_ti_tpc_template_id":"","footnotes":""},"class_list":["post-5919","page","type-page","status-publish","has-post-thumbnail","hentry"],"_links":{"self":[{"href":"https:\/\/esmfoundation.org\/fr\/wp-json\/wp\/v2\/pages\/5919"}],"collection":[{"href":"https:\/\/esmfoundation.org\/fr\/wp-json\/wp\/v2\/pages"}],"about":[{"href":"https:\/\/esmfoundation.org\/fr\/wp-json\/wp\/v2\/types\/page"}],"author":[{"embeddable":true,"href":"https:\/\/esmfoundation.org\/fr\/wp-json\/wp\/v2\/users\/395"}],"replies":[{"embeddable":true,"href":"https:\/\/esmfoundation.org\/fr\/wp-json\/wp\/v2\/comments?post=5919"}],"version-history":[{"count":1,"href":"https:\/\/esmfoundation.org\/fr\/wp-json\/wp\/v2\/pages\/5919\/revisions"}],"predecessor-version":[{"id":5920,"href":"https:\/\/esmfoundation.org\/fr\/wp-json\/wp\/v2\/pages\/5919\/revisions\/5920"}],"up":[{"embeddable":true,"href":"https:\/\/esmfoundation.org\/fr\/wp-json\/wp\/v2\/pages\/5903"}],"wp:featuredmedia":[{"embeddable":true,"href":"https:\/\/esmfoundation.org\/fr\/wp-json\/wp\/v2\/media\/5922"}],"wp:attachment":[{"href":"https:\/\/esmfoundation.org\/fr\/wp-json\/wp\/v2\/media?parent=5919"}],"curies":[{"name":"wp","href":"https:\/\/api.w.org\/{rel}","templated":true}]}}