{"id":5925,"date":"2024-04-07T18:56:36","date_gmt":"2024-04-07T16:56:36","guid":{"rendered":"https:\/\/esmfoundation.org\/?page_id=5925"},"modified":"2026-03-02T10:35:08","modified_gmt":"2026-03-02T09:35:08","slug":"scrreen3","status":"publish","type":"page","link":"https:\/\/esmfoundation.org\/fr\/ce-que-nous-faisons\/projets\/scrreen3\/","title":{"rendered":"SCRREEN3"},"content":{"rendered":"\n<div class=\"wp-block-columns is-layout-flex wp-container-core-columns-is-layout-1 wp-block-columns-is-layout-flex\">\n<div class=\"wp-block-column is-layout-flow wp-block-column-is-layout-flow\" style=\"flex-basis:33.33%\">\n<figure class=\"wp-block-image size-large is-resized\"><img loading=\"lazy\" decoding=\"async\" width=\"1024\" height=\"332\" src=\"https:\/\/esmfoundation.org\/wp-content\/uploads\/2024\/06\/SCRREEN-1024x332.png\" alt=\"\" class=\"wp-image-4005\" style=\"width:497px;height:auto\"\/><\/figure>\n<\/div>\n\n\n\n<div class=\"wp-block-column is-layout-flow wp-block-column-is-layout-flow\">\n<h3 class=\"wp-block-heading\">Solutions pour les mati\u00e8res premi\u00e8res critiques<\/h3>\n\n\n\n<p>Le r\u00e9seau&nbsp;SCRREEN&nbsp;a pour mission de soutenir la Commission Europ\u00e9enne dans son \u00e9valuation de la criticit\u00e9 et dans l\u2019\u00e9laboration de politiques relatives aux mati\u00e8res premi\u00e8res critiques.<\/p>\n<\/div>\n<\/div>\n\n\n\n<p>Le projet&nbsp;Horizon Europe SCRREEN3&nbsp;est le successeur des initiatives SCRREEN et SCRREEN2, en coh\u00e9rence avec les objectifs plus larges du cadre strat\u00e9gique de l\u2019UE, notamment l\u2019Acte sur les Mati\u00e8res Premi\u00e8res Critiques (Critical Raw Materials Act)<strong>.<br><\/strong>SCRREEN3 vise \u00e9galement \u00e0 am\u00e9liorer la compr\u00e9hension et l\u2019analyse de l\u2019ensemble des mat\u00e9riaux \u00e9tudi\u00e9s dans le cadre de l\u2019\u00e9valuation CRM 2023, enrichissant ainsi la base de donn\u00e9es et de connaissances disponible pour des processus d\u00e9cisionnels \u00e9clair\u00e9s.<\/p>\n\n\n\n<p>Le r\u00f4le de la&nbsp;Fondation ESM&nbsp;dans le r\u00e9seau SCRREEN3 consiste \u00e0 contribuer de mani\u00e8re continue aux rapports de prospective et aux notes de politique publique concernant les mati\u00e8res premi\u00e8res critiques pour la Commission europ\u00e9enne.<br>Depuis de nombreuses ann\u00e9es, nous co-organisons en outre le&nbsp;Critical Raw Materials Day, en collaboration entre les projets IRTC et SCRREEN.<\/p>\n","protected":false},"excerpt":{"rendered":"<p>Solutions pour les mati\u00e8res premi\u00e8res critiques Le r\u00e9seau&nbsp;SCRREEN&nbsp;a pour mission de soutenir la Commission Europ\u00e9enne dans son \u00e9valuation de la criticit\u00e9 et dans l\u2019\u00e9laboration de politiques relatives aux mati\u00e8res premi\u00e8res critiques. Le projet&nbsp;Horizon Europe SCRREEN3&nbsp;est le successeur des initiatives SCRREEN et SCRREEN2, en coh\u00e9rence avec les objectifs plus larges du cadre strat\u00e9gique de l\u2019UE, notamment&#8230; <\/p>\n<div class=\"clear\"><\/div>\n<p><a href=\"https:\/\/esmfoundation.org\/fr\/ce-que-nous-faisons\/projets\/scrreen3\/\" class=\"excerpt-read-more\">Read More<\/a><\/p>\n","protected":false},"author":395,"featured_media":5927,"parent":5903,"menu_order":4,"comment_status":"closed","ping_status":"closed","template":"","meta":{"_ti_tpc_template_sync":false,"_ti_tpc_template_id":"","footnotes":""},"class_list":["post-5925","page","type-page","status-publish","has-post-thumbnail","hentry"],"_links":{"self":[{"href":"https:\/\/esmfoundation.org\/fr\/wp-json\/wp\/v2\/pages\/5925"}],"collection":[{"href":"https:\/\/esmfoundation.org\/fr\/wp-json\/wp\/v2\/pages"}],"about":[{"href":"https:\/\/esmfoundation.org\/fr\/wp-json\/wp\/v2\/types\/page"}],"author":[{"embeddable":true,"href":"https:\/\/esmfoundation.org\/fr\/wp-json\/wp\/v2\/users\/395"}],"replies":[{"embeddable":true,"href":"https:\/\/esmfoundation.org\/fr\/wp-json\/wp\/v2\/comments?post=5925"}],"version-history":[{"count":1,"href":"https:\/\/esmfoundation.org\/fr\/wp-json\/wp\/v2\/pages\/5925\/revisions"}],"predecessor-version":[{"id":5926,"href":"https:\/\/esmfoundation.org\/fr\/wp-json\/wp\/v2\/pages\/5925\/revisions\/5926"}],"up":[{"embeddable":true,"href":"https:\/\/esmfoundation.org\/fr\/wp-json\/wp\/v2\/pages\/5903"}],"wp:featuredmedia":[{"embeddable":true,"href":"https:\/\/esmfoundation.org\/fr\/wp-json\/wp\/v2\/media\/5927"}],"wp:attachment":[{"href":"https:\/\/esmfoundation.org\/fr\/wp-json\/wp\/v2\/media?parent=5925"}],"curies":[{"name":"wp","href":"https:\/\/api.w.org\/{rel}","templated":true}]}}