{"id":5928,"date":"2024-04-07T18:56:36","date_gmt":"2024-04-07T16:56:36","guid":{"rendered":"https:\/\/esmfoundation.org\/?page_id=5928"},"modified":"2026-03-02T10:34:55","modified_gmt":"2026-03-02T09:34:55","slug":"swiss-batteries","status":"publish","type":"page","link":"https:\/\/esmfoundation.org\/fr\/ce-que-nous-faisons\/projets\/swiss-batteries\/","title":{"rendered":"Swiss Batteries"},"content":{"rendered":"\n<h3 class=\"wp-block-heading\">Promouvoir l\u2019\u00e9conomie circulaire des batteries en Suisse<\/h3>\n\n\n\n<p>La&nbsp;Fondation ESM&nbsp;soutient et contribue activement au d\u00e9veloppement d\u2019une&nbsp;\u00e9conomie circulaire pour les batteries de v\u00e9hicules \u00e9lectriques (VE)en Suisse.<br>Nous avons organis\u00e9 divers ateliers sur ce th\u00e8me en collaboration avec le milieu acad\u00e9mique, l\u2019industrie et les d\u00e9cideurs politiques.<br>Nous sommes \u00e9galement membre de l\u2019association iBatet participons activement au projet&nbsp;CircuBAT, dans lequel nous avons contribu\u00e9 au d\u00e9veloppement et sommes engag\u00e9s dans le&nbsp;sous-projet 07&nbsp;portant sur les mod\u00e8les d\u2019affaires durables.<\/p>\n\n\n\n<p><\/p>\n\n\n\n<hr class=\"wp-block-separator has-text-color has-alpha-channel-opacity has-background is-style-wide\" style=\"background-color:#f2cea2;color:#f2cea2\"\/>\n\n\n\n<div class=\"wp-block-columns is-layout-flex wp-container-core-columns-is-layout-1 wp-block-columns-is-layout-flex\">\n<div class=\"wp-block-column is-vertically-aligned-center is-layout-flow wp-block-column-is-layout-flow\">\n<figure class=\"wp-block-image size-large is-resized\"><img loading=\"lazy\" decoding=\"async\" width=\"1024\" height=\"238\" src=\"https:\/\/esmfoundation.org\/wp-content\/uploads\/2024\/06\/220208_Logo_CircuBAT_BW_POS-1024x238.png\" alt=\"\" class=\"wp-image-4167\" style=\"width:516px;height:auto\"\/><\/figure>\n<\/div>\n\n\n\n<div class=\"wp-block-column is-layout-flow wp-block-column-is-layout-flow\">\n<h4 class=\"wp-block-heading\">Le projet CircuBAT<\/h4>\n\n\n\n<ul class=\"wp-block-list\">\n<li>Dur\u00e9e : 2022 \u2013 2026<\/li>\n<\/ul>\n\n\n\n<p>La&nbsp;Fondation ESM&nbsp;est impliqu\u00e9e dans la mise en \u0153uvre d\u2019un&nbsp;mod\u00e8le d\u2019affaires circulaire et durable&nbsp;pour les batteries utilis\u00e9es dans l\u2019e-mobilit\u00e9.<\/p>\n\n\n\n<p>\u00c0 cette fin :<\/p>\n\n\n\n<ul class=\"wp-block-list\">\n<li>Des mod\u00e8les d\u2019affaires couvrant l\u2019ensemble de la cha\u00eene de valeur sont d\u00e9velopp\u00e9s en \u00e9troite collaboration avec les partenaires des sous-projets techniques.<\/li>\n\n\n\n<li>Les\u00a0points critiques de durabilit\u00e9\u00a0et les\u00a0leviers d\u2019action\u00a0sont identifi\u00e9s.<\/li>\n\n\n\n<li>Un \u00e9change mutuel est encourag\u00e9 entre les diff\u00e9rents partenaires du projet.<\/li>\n<\/ul>\n\n\n\n<p>En consid\u00e9rant la cha\u00eene de valeur dans son ensemble, le projet vise \u00e9galement \u00e0&nbsp;identifier des modules d\u2019affaires durables et \u00e9conomiquement avantageuxpour la mise en \u0153uvre de ces innovations. Ceux-ci sont ensuite analys\u00e9s et \u00e9valu\u00e9s \u00e0 l\u2019aide de&nbsp;mod\u00e8les de simulation empiriquement valid\u00e9s.<\/p>\n\n\n\n<p>\u00a0Plus d\u2019informations sont disponibles sur la\u00a0page officielle de CircuBAT. <\/p>\n<\/div>\n<\/div>\n\n\n\n<p><\/p>\n","protected":false},"excerpt":{"rendered":"<p>Promouvoir l\u2019\u00e9conomie circulaire des batteries en Suisse La&nbsp;Fondation ESM&nbsp;soutient et contribue activement au d\u00e9veloppement d\u2019une&nbsp;\u00e9conomie circulaire pour les batteries de v\u00e9hicules \u00e9lectriques (VE)en Suisse.Nous avons organis\u00e9 divers ateliers sur ce th\u00e8me en collaboration avec le milieu acad\u00e9mique, l\u2019industrie et les d\u00e9cideurs politiques.Nous sommes \u00e9galement membre de l\u2019association iBatet participons activement au projet&nbsp;CircuBAT, dans lequel nous&#8230; <\/p>\n<div class=\"clear\"><\/div>\n<p><a href=\"https:\/\/esmfoundation.org\/fr\/ce-que-nous-faisons\/projets\/swiss-batteries\/\" class=\"excerpt-read-more\">Read More<\/a><\/p>\n","protected":false},"author":395,"featured_media":5930,"parent":5903,"menu_order":6,"comment_status":"closed","ping_status":"closed","template":"","meta":{"_ti_tpc_template_sync":false,"_ti_tpc_template_id":"","footnotes":""},"class_list":["post-5928","page","type-page","status-publish","has-post-thumbnail","hentry"],"_links":{"self":[{"href":"https:\/\/esmfoundation.org\/fr\/wp-json\/wp\/v2\/pages\/5928"}],"collection":[{"href":"https:\/\/esmfoundation.org\/fr\/wp-json\/wp\/v2\/pages"}],"about":[{"href":"https:\/\/esmfoundation.org\/fr\/wp-json\/wp\/v2\/types\/page"}],"author":[{"embeddable":true,"href":"https:\/\/esmfoundation.org\/fr\/wp-json\/wp\/v2\/users\/395"}],"replies":[{"embeddable":true,"href":"https:\/\/esmfoundation.org\/fr\/wp-json\/wp\/v2\/comments?post=5928"}],"version-history":[{"count":1,"href":"https:\/\/esmfoundation.org\/fr\/wp-json\/wp\/v2\/pages\/5928\/revisions"}],"predecessor-version":[{"id":5929,"href":"https:\/\/esmfoundation.org\/fr\/wp-json\/wp\/v2\/pages\/5928\/revisions\/5929"}],"up":[{"embeddable":true,"href":"https:\/\/esmfoundation.org\/fr\/wp-json\/wp\/v2\/pages\/5903"}],"wp:featuredmedia":[{"embeddable":true,"href":"https:\/\/esmfoundation.org\/fr\/wp-json\/wp\/v2\/media\/5930"}],"wp:attachment":[{"href":"https:\/\/esmfoundation.org\/fr\/wp-json\/wp\/v2\/media?parent=5928"}],"curies":[{"name":"wp","href":"https:\/\/api.w.org\/{rel}","templated":true}]}}