{"id":5969,"date":"2023-08-30T17:00:25","date_gmt":"2023-08-30T15:00:25","guid":{"rendered":"https:\/\/esmfoundation.org\/?page_id=5969"},"modified":"2026-03-02T10:31:58","modified_gmt":"2026-03-02T09:31:58","slug":"partenariats","status":"publish","type":"page","link":"https:\/\/esmfoundation.org\/fr\/ce-que-nous-faisons\/partenariats\/","title":{"rendered":"Partenariats"},"content":{"rendered":"\n<p>Nous sommes convaincus que les grands d\u00e9fis de notre \u00e9poque ne peuvent \u00eatre relev\u00e9s de mani\u00e8re ad\u00e9quate que si&nbsp;toutes les parties prenantes travaillent main dans la main et poursuivent un objectif commun.<\/p>\n\n\n\n<p>Les&nbsp;partenariats public-priv\u00e9 (PPP)&nbsp;constituent un moyen efficace de concr\u00e9tiser cette collaboration.<br>C\u2019est pour cette raison que la&nbsp;Fondation ESM&nbsp;coordonne des projets qui s\u2019appuient sur divers partenariats public-priv\u00e9.<\/p>\n\n\n\n<div class=\"wp-block-columns is-layout-flex wp-container-core-columns-is-layout-6 wp-block-columns-is-layout-flex\">\n<div class=\"wp-block-column is-layout-flow wp-block-column-is-layout-flow\">\n<div style=\"height:25px\" aria-hidden=\"true\" class=\"wp-block-spacer\"><\/div>\n\n\n\n<div class=\"wp-block-columns is-layout-flex wp-container-core-columns-is-layout-1 wp-block-columns-is-layout-flex\">\n<div class=\"wp-block-column is-vertically-aligned-top is-layout-flow wp-block-column-is-layout-flow\" style=\"flex-basis:33.33%\"><div class=\"wp-block-image is-style-default\">\n<figure class=\"aligncenter size-full is-resized\"><img loading=\"lazy\" decoding=\"async\" width=\"1280\" height=\"392\" src=\"https:\/\/esmfoundation.org\/wp-content\/uploads\/2024\/07\/UNECE.png\" alt=\"\" class=\"wp-image-4471\" style=\"width:250px\" srcset=\"https:\/\/esmfoundation.org\/wp-content\/uploads\/2024\/07\/UNECE.png 1280w, https:\/\/esmfoundation.org\/wp-content\/uploads\/2024\/07\/UNECE-300x92.png 300w, https:\/\/esmfoundation.org\/wp-content\/uploads\/2024\/07\/UNECE-1024x314.png 1024w, https:\/\/esmfoundation.org\/wp-content\/uploads\/2024\/07\/UNECE-768x235.png 768w\" sizes=\"(max-width: 1280px) 100vw, 1280px\" \/><\/figure><\/div><\/div>\n\n\n\n<div class=\"wp-block-column is-vertically-aligned-center is-layout-flow wp-block-column-is-layout-flow\" style=\"flex-basis:66.66%\">\n<h3 class=\"wp-block-heading\">UNECE<\/h3>\n\n\n\n<p>Groupe d\u2019experts de la CEE-ONU sur la gestion des ressources<\/p>\n\n\n\n<p>La&nbsp;Fondation ESM&nbsp;est membre du&nbsp;Groupe d\u2019experts de la CEE-ONU sur la gestion des ressourcesainsi que de son&nbsp;Sustainable Development Goals Delivery Group<strong>.<\/strong><\/p>\n\n\n\n<p>En collaboration avec la CEE-ONU, nous organisons r\u00e9guli\u00e8rement des sessions sur le th\u00e8me de la&nbsp;gestion durable des ressources, dans le cadre de la&nbsp;semaine de la gestion des ressources des Nations Unies (UN Resource Management Week)et d\u2019autres forums multilat\u00e9raux.<\/p>\n\n\n\n<div class=\"wp-block-buttons is-content-justification-left is-layout-flex wp-container-core-buttons-is-layout-1 wp-block-buttons-is-layout-flex\">\n<div class=\"wp-block-button is-style-outline is-style-outline--25a7aa5901bc95c2dff5fa2071c3fcff\"><a class=\"wp-block-button__link wp-element-button\" href=\"https:\/\/www.unece.org\/energy\/se\/egrc.html\" target=\"_blank\" rel=\"noreferrer noopener\">Visitez le site web de la&nbsp;CEE-ONU&nbsp;pour en savoir plus<\/a><\/div>\n<\/div>\n<\/div>\n<\/div>\n\n\n\n<div style=\"height:60px\" aria-hidden=\"true\" class=\"wp-block-spacer\"><\/div>\n\n\n\n<div class=\"wp-block-columns is-layout-flex wp-container-core-columns-is-layout-2 wp-block-columns-is-layout-flex\">\n<div class=\"wp-block-column is-vertically-aligned-top is-layout-flow wp-block-column-is-layout-flow\" style=\"flex-basis:33.33%\"><div class=\"wp-block-image is-style-default\">\n<figure class=\"aligncenter size-full is-resized\"><img loading=\"lazy\" decoding=\"async\" width=\"686\" height=\"200\" src=\"https:\/\/esmfoundation.org\/wp-content\/uploads\/2024\/07\/SATW-logo.jpg\" alt=\"\" class=\"wp-image-4473\" style=\"width:250px\" srcset=\"https:\/\/esmfoundation.org\/wp-content\/uploads\/2024\/07\/SATW-logo.jpg 686w, https:\/\/esmfoundation.org\/wp-content\/uploads\/2024\/07\/SATW-logo-300x87.jpg 300w\" sizes=\"(max-width: 686px) 100vw, 686px\" \/><\/figure><\/div><\/div>\n\n\n\n<div class=\"wp-block-column is-vertically-aligned-center is-layout-flow wp-block-column-is-layout-flow\" style=\"flex-basis:66.66%\">\n<h3 class=\"wp-block-heading\">Acad\u00e9mie suisse des sciences techniques (ASST \/ SATW)<\/h3>\n\n\n\n<p>Acad\u00e9mie suisse des sciences techniques (ASST \/ SATW)<\/p>\n\n\n\n<p>Un monde technologis\u00e9 a besoin de sp\u00e9cialistes qui ma\u00eetrisent la technique, mais aussi de personnes capables de prendre des d\u00e9cisions \u00e9clair\u00e9es.<br>C\u2019est pourquoi l\u2019ASST&nbsp;s\u2019engage en faveur d\u2019une&nbsp;formation technique compl\u00e8te<strong>.<br><\/strong>La promotion des filles dans le domaine de la technique constitue pour elle une priorit\u00e9 particuli\u00e8re.<\/p>\n\n\n\n<p>Avec le jeu de soci\u00e9t\u00e9&nbsp;\u00ab In the Loop \u00bb, nous sensibilisons les \u00e9l\u00e8ves des gymnases suisses aux&nbsp;m\u00e9taux rares&nbsp;et \u00e0 la&nbsp;gestion durable des ressources.<\/p>\n\n\n\n<p>La&nbsp;Fondation ESM&nbsp;fait \u00e9galement partie de la&nbsp;plateforme th\u00e9matique \u00ab \u00c9conomie circulaire durable \u00bb, dirig\u00e9e par l\u2019ASST.<\/p>\n\n\n\n<div class=\"wp-block-buttons is-content-justification-left is-layout-flex wp-container-core-buttons-is-layout-2 wp-block-buttons-is-layout-flex\">\n<div class=\"wp-block-button is-style-outline is-style-outline--cc56b921ffdfa36069b8a1aa5c2f7b2f\"><a class=\"wp-block-button__link wp-element-button\" href=\"https:\/\/www.satw.ch\/de\/technik-bildung\/\" target=\"_blank\" rel=\"noreferrer noopener\">Visitez le site web de l\u2019ASST \/&nbsp;SATW&nbsp;pour en savoir plus<\/a><\/div>\n<\/div>\n<\/div>\n<\/div>\n\n\n\n<div style=\"height:60px\" aria-hidden=\"true\" class=\"wp-block-spacer\"><\/div>\n\n\n\n<div class=\"wp-block-columns is-layout-flex wp-container-core-columns-is-layout-3 wp-block-columns-is-layout-flex\">\n<div class=\"wp-block-column is-vertically-aligned-top is-layout-flow wp-block-column-is-layout-flow\" style=\"flex-basis:33.33%\"><div class=\"wp-block-image is-style-default\">\n<figure class=\"aligncenter size-full is-resized\"><img loading=\"lazy\" decoding=\"async\" width=\"760\" height=\"245\" src=\"https:\/\/esmfoundation.org\/wp-content\/uploads\/2024\/07\/EITRawmaterials-logo.png\" alt=\"\" class=\"wp-image-4476\" style=\"width:250px\" srcset=\"https:\/\/esmfoundation.org\/wp-content\/uploads\/2024\/07\/EITRawmaterials-logo.png 760w, https:\/\/esmfoundation.org\/wp-content\/uploads\/2024\/07\/EITRawmaterials-logo-300x97.png 300w\" sizes=\"(max-width: 760px) 100vw, 760px\" \/><\/figure><\/div><\/div>\n\n\n\n<div class=\"wp-block-column is-vertically-aligned-center is-layout-flow wp-block-column-is-layout-flow\" style=\"flex-basis:66.66%\">\n<h3 class=\"wp-block-heading\">EIT RawMaterials<\/h3>\n\n\n\n<p>En tant que&nbsp;partenaire associ\u00e9, activement impliqu\u00e9 dans l\u2019Innovation HubCentral, la&nbsp;Fondation ESM&nbsp;coordonne divers projets soutenus par&nbsp;EIT RawMaterials.<\/p>\n\n\n\n<p>EIT RawMaterials est une organisation initi\u00e9e et financ\u00e9e par l\u2019Institut europ\u00e9en d\u2019innovation et de technologie (EIT), une institution de l\u2019Union europ\u00e9enne.<br>Il s\u2019agit du&nbsp;plus grand consortium mondial dans le secteur des mati\u00e8res premi\u00e8res, dont la mission est de renforcer la&nbsp;comp\u00e9titivit\u00e9, la croissance et l\u2019attractivit\u00e9 de l\u2019Europe&nbsp;dans ce domaine strat\u00e9gique.<\/p>\n\n\n\n<div class=\"wp-block-buttons is-content-justification-left is-layout-flex wp-container-core-buttons-is-layout-3 wp-block-buttons-is-layout-flex\">\n<div class=\"wp-block-button is-style-outline is-style-outline--d1ada8d420f1356adbebc10ec47ff1d1\"><a class=\"wp-block-button__link wp-element-button\" href=\"https:\/\/eitrawmaterials.eu\/\" target=\"_blank\" rel=\"noreferrer noopener\">Visitez le site web d\u2019EIT RawMaterials&nbsp;pour en savoir plus<\/a><\/div>\n<\/div>\n<\/div>\n<\/div>\n\n\n\n<div style=\"height:60px\" aria-hidden=\"true\" class=\"wp-block-spacer\"><\/div>\n\n\n\n<div class=\"wp-block-columns is-layout-flex wp-container-core-columns-is-layout-4 wp-block-columns-is-layout-flex\">\n<div class=\"wp-block-column is-vertically-aligned-top is-layout-flow wp-block-column-is-layout-flow\" style=\"flex-basis:33.33%\"><div class=\"wp-block-image is-style-default\">\n<figure class=\"aligncenter size-full is-resized\"><img loading=\"lazy\" decoding=\"async\" width=\"355\" height=\"115\" src=\"https:\/\/esmfoundation.org\/wp-content\/uploads\/2024\/06\/iBAT_Logo_115px.png\" alt=\"\" class=\"wp-image-4012\" style=\"width:250px\" srcset=\"https:\/\/esmfoundation.org\/wp-content\/uploads\/2024\/06\/iBAT_Logo_115px.png 355w, https:\/\/esmfoundation.org\/wp-content\/uploads\/2024\/06\/iBAT_Logo_115px-300x97.png 300w\" sizes=\"(max-width: 355px) 100vw, 355px\" \/><\/figure><\/div><\/div>\n\n\n\n<div class=\"wp-block-column is-vertically-aligned-center is-layout-flow wp-block-column-is-layout-flow\" style=\"flex-basis:66.66%\">\n<h3 class=\"wp-block-heading\">Association iBat<\/h3>\n\n\n\n<p>La&nbsp;Fondation ESM&nbsp;est membre et partie prenante du&nbsp;r\u00e9seau iBat<strong>.<\/strong><\/p>\n\n\n\n<p>En raison de leur r\u00f4le croissant dans le&nbsp;transport respectueux de l\u2019environnement, lestechnologies li\u00e9es aux \u00e9nergies renouvelables<strong>, <\/strong>lesappareils m\u00e9dicaux mobileset larobotique, l\u2019importance des batteries ne cesse d\u2019augmenter.<\/p>\n\n\n\n<p>L\u2019association iBat\u00a0est une organisation suisse \u00e0 but non lucratif qui \u0153uvre pour\u00a0renforcer la comp\u00e9titivit\u00e9 de la Suisse dans le domaine des applications et technologies li\u00e9es aux batteries, en repr\u00e9sentant l\u2019industrie, les autorit\u00e9s et les institutions de recherche.<\/p>\n\n\n\n<div class=\"wp-block-buttons is-content-justification-left is-layout-flex wp-container-core-buttons-is-layout-4 wp-block-buttons-is-layout-flex\">\n<div class=\"wp-block-button is-style-outline is-style-outline--d652ac74cff67c4d6f299cf36ab26484\"><a class=\"wp-block-button__link wp-element-button\" href=\"https:\/\/ibat.swiss\/\" target=\"_blank\" rel=\"noreferrer noopener\">Visitez le site web d\u2019iBat&nbsp;pour en savoir plus.<br><\/a><\/div>\n<\/div>\n<\/div>\n<\/div>\n\n\n\n<div style=\"height:60px\" aria-hidden=\"true\" class=\"wp-block-spacer\"><\/div>\n\n\n\n<div class=\"wp-block-columns is-layout-flex wp-container-core-columns-is-layout-5 wp-block-columns-is-layout-flex\">\n<div class=\"wp-block-column is-vertically-aligned-top is-layout-flow wp-block-column-is-layout-flow\" style=\"flex-basis:33.33%\"><div class=\"wp-block-image is-style-default\">\n<figure class=\"aligncenter size-full is-resized\"><img loading=\"lazy\" decoding=\"async\" width=\"284\" height=\"177\" src=\"https:\/\/esmfoundation.org\/wp-content\/uploads\/2024\/08\/FutuRaM.jpg\" alt=\"\" class=\"wp-image-4488\" style=\"width:250px\"\/><\/figure><\/div><\/div>\n\n\n\n<div class=\"wp-block-column is-vertically-aligned-center is-layout-flow wp-block-column-is-layout-flow\" style=\"flex-basis:66.66%\">\n<h3 class=\"wp-block-heading\">FutuRaM<\/h3>\n\n\n\n<p>La&nbsp;Fondation ESM&nbsp;si\u00e8ge au comit\u00e9 consultatif du projet&nbsp;FutuRaM&nbsp;(<em>Future Availability of Secondary Raw Materials<\/em>), financ\u00e9 par&nbsp;Horizon Europe.<br><\/p>\n\n\n\n<p>FutuRaM&nbsp;est un projet qui vise \u00e0 analyser et \u00e0 assurer, d\u2019ici 2050, la&nbsp;disponibilit\u00e9 et la r\u00e9utilisation des mati\u00e8res premi\u00e8res secondaires&nbsp;dans l\u2019Union Europ\u00e9enne, avec un accent particulier sur les&nbsp;mati\u00e8res premi\u00e8res critiques<strong>.<\/strong><\/p>\n\n\n\n<p>Le projet a pour objectif :<\/p>\n\n\n\n<ul class=\"wp-block-list\">\n<li>d\u2019identifier les volumes de mati\u00e8res premi\u00e8res actuellement utilis\u00e9es et pr\u00e9sentes dans les flux des d\u00e9chets,<\/li>\n\n\n\n<li>de mod\u00e9liser le potentiel de leur r\u00e9cup\u00e9ration.<\/li>\n<\/ul>\n\n\n\n<p>Pour atteindre ces objectifs,FutuRaM&nbsp;d\u00e9veloppera :<\/p>\n\n\n\n<ul class=\"wp-block-list\">\n<li>une&nbsp;structure de rapportage,<\/li>\n\n\n\n<li>une&nbsp;m\u00e9thodologie&nbsp;et<\/li>\n\n\n\n<li>un&nbsp;guidepermettant d\u2019enrichir la base de connaissances actuelle sur les mati\u00e8res premi\u00e8res.<\/li>\n<\/ul>\n\n\n\n<p>Cela inclura notamment l\u2019int\u00e9gration de donn\u00e9es sur les&nbsp;mati\u00e8res premi\u00e8res secondaires et critiques&nbsp;afin de mod\u00e9liser les stocks et flux existants.<\/p>\n\n\n\n<div class=\"wp-block-buttons is-content-justification-left is-layout-flex wp-container-core-buttons-is-layout-5 wp-block-buttons-is-layout-flex\">\n<div class=\"wp-block-button is-style-outline is-style-outline--5fc8e194a05c78695f87fc8d3c734a71\"><a class=\"wp-block-button__link wp-element-button\" href=\"https:\/\/futuram.eu\/\" target=\"_blank\" rel=\"noreferrer noopener\">Visitez le site web de&nbsp;FutuRaM.<\/a><\/div>\n<\/div>\n<\/div>\n<\/div>\n<\/div>\n<\/div>\n","protected":false},"excerpt":{"rendered":"<p>Nous sommes convaincus que les grands d\u00e9fis de notre \u00e9poque ne peuvent \u00eatre relev\u00e9s de mani\u00e8re ad\u00e9quate que si&nbsp;toutes les parties prenantes travaillent main dans la main et poursuivent un objectif commun. Les&nbsp;partenariats public-priv\u00e9 (PPP)&nbsp;constituent un moyen efficace de concr\u00e9tiser cette collaboration.C\u2019est pour cette raison que la&nbsp;Fondation ESM&nbsp;coordonne des projets qui s\u2019appuient sur divers partenariats&#8230; <\/p>\n<div class=\"clear\"><\/div>\n<p><a href=\"https:\/\/esmfoundation.org\/fr\/ce-que-nous-faisons\/partenariats\/\" class=\"excerpt-read-more\">Read More<\/a><\/p>\n","protected":false},"author":395,"featured_media":0,"parent":5898,"menu_order":2,"comment_status":"closed","ping_status":"closed","template":"","meta":{"_ti_tpc_template_sync":false,"_ti_tpc_template_id":"","footnotes":""},"class_list":["post-5969","page","type-page","status-publish","hentry"],"_links":{"self":[{"href":"https:\/\/esmfoundation.org\/fr\/wp-json\/wp\/v2\/pages\/5969"}],"collection":[{"href":"https:\/\/esmfoundation.org\/fr\/wp-json\/wp\/v2\/pages"}],"about":[{"href":"https:\/\/esmfoundation.org\/fr\/wp-json\/wp\/v2\/types\/page"}],"author":[{"embeddable":true,"href":"https:\/\/esmfoundation.org\/fr\/wp-json\/wp\/v2\/users\/395"}],"replies":[{"embeddable":true,"href":"https:\/\/esmfoundation.org\/fr\/wp-json\/wp\/v2\/comments?post=5969"}],"version-history":[{"count":5,"href":"https:\/\/esmfoundation.org\/fr\/wp-json\/wp\/v2\/pages\/5969\/revisions"}],"predecessor-version":[{"id":6205,"href":"https:\/\/esmfoundation.org\/fr\/wp-json\/wp\/v2\/pages\/5969\/revisions\/6205"}],"up":[{"embeddable":true,"href":"https:\/\/esmfoundation.org\/fr\/wp-json\/wp\/v2\/pages\/5898"}],"wp:attachment":[{"href":"https:\/\/esmfoundation.org\/fr\/wp-json\/wp\/v2\/media?parent=5969"}],"curies":[{"name":"wp","href":"https:\/\/api.w.org\/{rel}","templated":true}]}}