{"id":6140,"date":"2024-04-18T21:20:01","date_gmt":"2024-04-18T19:20:01","guid":{"rendered":"https:\/\/esmfoundation.org\/disclaimer\/"},"modified":"2026-02-16T17:10:14","modified_gmt":"2026-02-16T16:10:14","slug":"disclaimer","status":"publish","type":"page","link":"https:\/\/esmfoundation.org\/fr\/disclaimer\/","title":{"rendered":"Clause de non-responsabilit\u00e9"},"content":{"rendered":"\n<h4 class=\"wp-block-heading\"><strong>Adresse<\/strong><\/h4>\n\n\n\n<p>Fonds de d\u00e9veloppement pour les m\u00e9taux rares<br>Junkerngasse 56<br>3011 Berne<br>Suisse<\/p>\n\n\n\n<hr class=\"wp-block-separator has-alpha-channel-opacity\"\/>\n\n\n\n<p><strong>Repr\u00e9sent\u00e9 par<\/strong><\/p>\n\n\n\n<p>Hool, Alessandra, CEO<br>Lutz, Ernst, Pr\u00e9sident du Conseil de fondation<\/p>\n\n\n\n<hr class=\"wp-block-separator has-alpha-channel-opacity\"\/>\n\n\n\n<p><strong>Registre du commerce<\/strong><\/p>\n\n\n\n<p>Raison sociale enregistr\u00e9e : Entwicklungsfonds Seltene Metalle<br>Num\u00e9ro : CHE-109.946.326<br>Registre du commerce : Zurich, Suisse<\/p>\n\n\n\n<hr class=\"wp-block-separator has-alpha-channel-opacity\"\/>\n\n\n\n<p><strong>Clause de non-responsabilit\u00e9<\/strong><\/p>\n\n\n\n<p>L\u2019auteur d\u00e9cline toute responsabilit\u00e9 quant \u00e0 l\u2019exactitude, la pr\u00e9cision, l\u2019actualit\u00e9, la fiabilit\u00e9 et l\u2019exhaustivit\u00e9 des informations publi\u00e9es.<\/p>\n\n\n\n<p>Toute pr\u00e9tention en responsabilit\u00e9 contre l\u2019auteur pour des dommages mat\u00e9riels ou immat\u00e9riels r\u00e9sultant de l\u2019acc\u00e8s aux informations publi\u00e9es, de leur utilisation ou non-utilisation, d\u2019un usage abusif de la connexion ou de probl\u00e8mes techniques est exclue.<\/p>\n\n\n\n<p>Toutes les offres sont sans engagement. L\u2019auteur se r\u00e9serve express\u00e9ment le droit de modifier, compl\u00e9ter ou supprimer tout ou partie des pages ou de l\u2019offre, ou d\u2019en suspendre temporairement ou d\u00e9finitivement la publication, sans pr\u00e9avis.<\/p>\n\n\n\n<hr class=\"wp-block-separator has-alpha-channel-opacity\"\/>\n\n\n\n<p><strong>Responsabilit\u00e9 concernant les liens<\/strong><\/p>\n\n\n\n<p>Les r\u00e9f\u00e9rences et liens vers des sites internet de tiers ne rel\u00e8vent pas de notre responsabilit\u00e9. Toute responsabilit\u00e9 concernant ces sites est d\u00e9clin\u00e9e. L\u2019acc\u00e8s \u00e0 ces sites et leur utilisation se font aux risques et p\u00e9rils de l\u2019utilisateur.<\/p>\n\n\n\n<hr class=\"wp-block-separator has-alpha-channel-opacity\"\/>\n\n\n\n<p><strong>Droits d\u2019auteur<\/strong><\/p>\n\n\n\n<p>Les droits d\u2019auteur et tous les autres droits relatifs aux contenus, images, photographies ou autres fichiers pr\u00e9sents sur le site web appartiennent exclusivement au Entwicklungsfonds Seltene Metalle ou aux titulaires de droits sp\u00e9cifiquement mentionn\u00e9s.<\/p>\n\n\n\n<p>Toute reproduction d\u2019\u00e9l\u00e9ments du site est soumise \u00e0 l\u2019obtention pr\u00e9alable d\u2019une autorisation \u00e9crite du titulaire des droits d\u2019auteur.<\/p>\n","protected":false},"excerpt":{"rendered":"<p>Adresse Fonds de d\u00e9veloppement pour les m\u00e9taux raresJunkerngasse 563011 BerneSuisse Repr\u00e9sent\u00e9 par Hool, Alessandra, CEOLutz, Ernst, Pr\u00e9sident du Conseil de fondation Registre du commerce Raison sociale enregistr\u00e9e : Entwicklungsfonds Seltene MetalleNum\u00e9ro : CHE-109.946.326Registre du commerce : Zurich, Suisse Clause de non-responsabilit\u00e9 L\u2019auteur d\u00e9cline toute responsabilit\u00e9 quant \u00e0 l\u2019exactitude, la pr\u00e9cision, l\u2019actualit\u00e9, la fiabilit\u00e9 et l\u2019exhaustivit\u00e9&#8230; <\/p>\n<div class=\"clear\"><\/div>\n<p><a href=\"https:\/\/esmfoundation.org\/fr\/disclaimer\/\" class=\"excerpt-read-more\">Read More<\/a><\/p>\n","protected":false},"author":395,"featured_media":0,"parent":0,"menu_order":8,"comment_status":"closed","ping_status":"closed","template":"","meta":{"_ti_tpc_template_sync":false,"_ti_tpc_template_id":"","footnotes":""},"class_list":["post-6140","page","type-page","status-publish","hentry"],"_links":{"self":[{"href":"https:\/\/esmfoundation.org\/fr\/wp-json\/wp\/v2\/pages\/6140"}],"collection":[{"href":"https:\/\/esmfoundation.org\/fr\/wp-json\/wp\/v2\/pages"}],"about":[{"href":"https:\/\/esmfoundation.org\/fr\/wp-json\/wp\/v2\/types\/page"}],"author":[{"embeddable":true,"href":"https:\/\/esmfoundation.org\/fr\/wp-json\/wp\/v2\/users\/395"}],"replies":[{"embeddable":true,"href":"https:\/\/esmfoundation.org\/fr\/wp-json\/wp\/v2\/comments?post=6140"}],"version-history":[{"count":1,"href":"https:\/\/esmfoundation.org\/fr\/wp-json\/wp\/v2\/pages\/6140\/revisions"}],"predecessor-version":[{"id":6141,"href":"https:\/\/esmfoundation.org\/fr\/wp-json\/wp\/v2\/pages\/6140\/revisions\/6141"}],"wp:attachment":[{"href":"https:\/\/esmfoundation.org\/fr\/wp-json\/wp\/v2\/media?parent=6140"}],"curies":[{"name":"wp","href":"https:\/\/api.w.org\/{rel}","templated":true}]}}