{"id":7044,"date":"2026-04-23T16:13:23","date_gmt":"2026-04-23T14:13:23","guid":{"rendered":"https:\/\/esmfoundation.org\/que-sont-les-csrms\/"},"modified":"2026-05-13T10:24:30","modified_gmt":"2026-05-13T08:24:30","slug":"que-sont-les-csrms","status":"publish","type":"page","link":"https:\/\/esmfoundation.org\/fr\/que-sont-les-csrms\/","title":{"rendered":"Que sont les CSRMs ?"},"content":{"rendered":"\n<blockquote class=\"wp-block-quote is-layout-flow wp-block-quote-is-layout-flow\">\n<p class=\"has-text-align-center\">Le lithium et les terres rares deviendront bient\u00f4t plus importants que le p\u00e9trole et le gaz.<\/p>\n\n\n\n<p class=\"has-text-align-center\">Ursula von der Leyen, Septembre 2022<\/p>\n<\/blockquote>\n\n\n\n<div class=\"wp-block-columns is-layout-flex wp-container-core-columns-is-layout-1 wp-block-columns-is-layout-flex\">\n<div class=\"wp-block-column is-layout-flow wp-block-column-is-layout-flow\" style=\"flex-basis:50%\">\n<figure class=\"wp-block-image size-full is-resized\"><img loading=\"lazy\" decoding=\"async\" width=\"2560\" height=\"1707\" src=\"https:\/\/esmfoundation.org\/wp-content\/uploads\/2026\/04\/doctor-tinieblas-4J93e22rs9k-unsplash-scaled.jpg\" alt=\"\" class=\"wp-image-6666\" style=\"width:584px;height:auto\" srcset=\"https:\/\/esmfoundation.org\/wp-content\/uploads\/2026\/04\/doctor-tinieblas-4J93e22rs9k-unsplash-scaled.jpg 2560w, https:\/\/esmfoundation.org\/wp-content\/uploads\/2026\/04\/doctor-tinieblas-4J93e22rs9k-unsplash-300x200.jpg 300w, https:\/\/esmfoundation.org\/wp-content\/uploads\/2026\/04\/doctor-tinieblas-4J93e22rs9k-unsplash-1024x683.jpg 1024w, https:\/\/esmfoundation.org\/wp-content\/uploads\/2026\/04\/doctor-tinieblas-4J93e22rs9k-unsplash-768x512.jpg 768w, https:\/\/esmfoundation.org\/wp-content\/uploads\/2026\/04\/doctor-tinieblas-4J93e22rs9k-unsplash-1536x1024.jpg 1536w, https:\/\/esmfoundation.org\/wp-content\/uploads\/2026\/04\/doctor-tinieblas-4J93e22rs9k-unsplash-2048x1366.jpg 2048w\" sizes=\"(max-width: 2560px) 100vw, 2560px\" \/><\/figure>\n<\/div>\n\n\n\n<div class=\"wp-block-column is-layout-flow wp-block-column-is-layout-flow\" style=\"flex-basis:50%\">\n<h4 class=\"wp-block-heading\">CSRMs : le fondement des syst\u00e8mes modernes<\/h4>\n\n\n\n<h6 class=\"wp-block-heading\">La d\u00e9claration de Mme von der Leyen met en lumi\u00e8re un changement fondamental : des mati\u00e8res premi\u00e8res autrefois consid\u00e9r\u00e9es comme peu importantes constituent aujourd\u2019hui le fondement de l\u2019\u00e9conomie mondiale \u2013 et transforment la politique industrielle, les strat\u00e9gies de s\u00e9curit\u00e9 ainsi que les relations g\u00e9opolitiques.<\/h6>\n\n\n\n<p>Les mati\u00e8res premi\u00e8res critiques et strat\u00e9giques (CSRMs) sont indispensables \u00e0 une \u00e9conomie moderne, hautement technologique et engag\u00e9e dans la d\u00e9carbonation. Sans un acc\u00e8s s\u00fbr et abordable \u00e0 ces mat\u00e9riaux, les technologies li\u00e9es \u00e0 la num\u00e9risation, aux \u00e9nergies propres, \u00e0 la mobilit\u00e9 et \u00e0 la d\u00e9fense moderne ne peuvent pas fonctionner.\r\nAvec l\u2019\u00e9lectrification croissante et la transformation num\u00e9rique, la demande mondiale pour de nombreuses CSRMs augmente rapidement. Parall\u00e8lement, l\u2019\u00e9volution du contexte g\u00e9opolitique et la forte concentration des cha\u00eenes d\u2019approvisionnement ont plac\u00e9 la question de la s\u00e9curit\u00e9 d\u2019approvisionnement tout en haut de l\u2019agenda politique.<\/p>\n<\/div>\n<\/div>\n\n\n\n<hr class=\"wp-block-separator has-text-color has-alpha-channel-opacity has-background\" style=\"background-color:#f2cea2;color:#f2cea2\"\/>\n\n\n\n<h4 class=\"wp-block-heading\">Comment la \u201ccriticit\u00e9\u201d est d\u00e9termin\u00e9e<\/h4>\n\n\n\n<p>Il n\u2019existe pas de d\u00e9finition universellement reconnue de ce que sont des mati\u00e8res premi\u00e8res \u00ab critiques \u00bb ou \u00ab strat\u00e9giques \u00bb. Les pays \u00e9valuent les mat\u00e9riaux diff\u00e9remment, en fonction de leurs priorit\u00e9s, de leur structure industrielle et de leurs objectifs strat\u00e9giques. Selon la perspective adopt\u00e9e \u2014 qu\u2019il s\u2019agisse des utilisateurs finaux, des fabricants ou des fournisseurs \u2014 ces crit\u00e8res peuvent \u00eatre pond\u00e9r\u00e9s de mani\u00e8re tr\u00e8s variable.<\/p>\n\n\n\n<p>De nombreux pays introduisent \u00e9galement des crit\u00e8res qui prennent en compte l\u2019importance d\u2019une mati\u00e8re premi\u00e8re pour des secteurs prioritaires. Ainsi, dans l\u2019Union europ\u00e9enne, une mati\u00e8re premi\u00e8re est consid\u00e9r\u00e9e non seulement comme critique, mais aussi comme \u00ab strat\u00e9gique \u00bb si elle est pertinente pour l\u2019un des domaines suivants : <a href=\"https:\/\/op.europa.eu\/en\/publication-detail\/-\/publication\/57318397-fdd4-11ed-a05c-01aa75ed71a1\" target=\"_blank\" rel=\"noreferrer noopener\">EU strategic sectors including renewable energy, digital, aerospace and defence technologies<\/a>.<\/p>\n\n\n\n<h6 class=\"wp-block-heading\">La plupart des \u00e9valuations de criticit\u00e9 combinent deux dimensions principales :<\/h6>\n\n\n\n<div class=\"wp-block-columns is-layout-flex wp-container-core-columns-is-layout-2 wp-block-columns-is-layout-flex\">\n<div class=\"wp-block-column is-vertically-aligned-center is-layout-flow wp-block-column-is-layout-flow\" style=\"flex-basis:20%\">\n<h6 class=\"wp-block-heading has-text-align-center\">Dans quelle mesure l\u2019acc\u00e8s est-il vuln\u00e9rable en raison de la d\u00e9pendance aux importations, de la concentration de la production ou de l\u2019exposition g\u00e9opolitique ?<\/h6>\n<\/div>\n\n\n\n<div class=\"wp-block-column is-layout-flow wp-block-column-is-layout-flow\" style=\"flex-basis:80%\">\n<figure class=\"wp-block-image size-full is-resized\"><img loading=\"lazy\" decoding=\"async\" width=\"2568\" height=\"1936\" src=\"https:\/\/esmfoundation.org\/wp-content\/uploads\/2026\/04\/Economic-Importance-Supply-Risk-Graph-DE.png\" alt=\"\" class=\"wp-image-6990\" style=\"width:665px;height:auto\" srcset=\"https:\/\/esmfoundation.org\/wp-content\/uploads\/2026\/04\/Economic-Importance-Supply-Risk-Graph-DE.png 2568w, https:\/\/esmfoundation.org\/wp-content\/uploads\/2026\/04\/Economic-Importance-Supply-Risk-Graph-DE-300x226.png 300w, https:\/\/esmfoundation.org\/wp-content\/uploads\/2026\/04\/Economic-Importance-Supply-Risk-Graph-DE-1024x772.png 1024w, https:\/\/esmfoundation.org\/wp-content\/uploads\/2026\/04\/Economic-Importance-Supply-Risk-Graph-DE-768x579.png 768w, https:\/\/esmfoundation.org\/wp-content\/uploads\/2026\/04\/Economic-Importance-Supply-Risk-Graph-DE-1536x1158.png 1536w, https:\/\/esmfoundation.org\/wp-content\/uploads\/2026\/04\/Economic-Importance-Supply-Risk-Graph-DE-2048x1544.png 2048w\" sizes=\"(max-width: 2568px) 100vw, 2568px\" \/><\/figure>\n\n\n\n<div style=\"height:9px\" aria-hidden=\"true\" class=\"wp-block-spacer\"><\/div>\n\n\n\n<h6 class=\"wp-block-heading has-text-align-center\">Dans quelle mesure une mati\u00e8re est-elle essentielle pour les technologies cl\u00e9s ou les secteurs strat\u00e9giques ?<\/h6>\n<\/div>\n<\/div>\n\n\n\n<p><em>Pour une \u00e9valuation compl\u00e8te de 10 strat\u00e9gies internationales relatives aux CSRMs, voir :<a href=\"https:\/\/irtc.info\/wp-content\/uploads\/2026\/01\/IRTC-White-Paper-January-2026.pdf\">IRTC (2025), Global Assessments and Strategies for Critical and Strategic Raw Materials: The State of Play in 2025.<\/a><\/em><\/p>\n\n\n\n<hr class=\"wp-block-separator has-text-color has-alpha-channel-opacity has-background\" style=\"background-color:#f2cea2;color:#f2cea2\"\/>\n\n\n\n<h4 class=\"wp-block-heading\">Le r\u00f4le de l\u2019\u00e9conomie circulaire<\/h4>\n\n\n\n<p>L\u2019\u00e9conomie circulaire n\u2019est pas seulement une strat\u00e9gie environnementale, mais aussi une strat\u00e9gie de r\u00e9silience, car elle r\u00e9duit la d\u00e9pendance aux cha\u00eenes d\u2019approvisionnement primaires fortement concentr\u00e9es. Une strat\u00e9gie d\u2019\u00e9conomie circulaire (Circular Economy, CE) bien con\u00e7ue peut agir simultan\u00e9ment sur l\u2019offre et sur la demande de mati\u00e8res premi\u00e8res critiques et strat\u00e9giques (CSRMs).<\/p>\n\n\n<div class=\"wp-block-image\">\n<figure class=\"aligncenter is-resized\"><img loading=\"lazy\" decoding=\"async\" width=\"929\" height=\"465\" src=\"https:\/\/esmfoundation.org\/wp-content\/uploads\/2026\/04\/image-1.gif\" alt=\"\" class=\"wp-image-6564\" style=\"width:840px;height:auto\"\/><\/figure><\/div>\n\n\n<p><em>Figure 3: Une repr\u00e9sentation du cycle de vie d\u2019une mati\u00e8re premi\u00e8re, qui se termine soit par son \u00e9limination ou sa diffusion, soit par l\u2019une des phases de \u00ab r\u00e9utilisation \u00bb, permettant ainsi de maintenir la mati\u00e8re dans le syst\u00e8me \u00e9conomique. [Quelle: <a href=\"https:\/\/www.stmuv.bayern.de\/themen\/ressourcenschutz\/forschung_entwicklung\/doc\/abschlussberichte\/tp1.pdf\" target=\"_blank\" rel=\"noreferrer noopener\">ForCYCLE<\/a>].<\/em><\/p>\n\n\n\n<h5 class=\"wp-block-heading\">Augmentation de l\u2019offre gr\u00e2ce \u00e0 des sources secondaires.<\/h5>\n\n\n\n<p>L\u2019approvisionnement secondaire \u2014 c\u2019est-\u00e0-dire la r\u00e9cup\u00e9ration de mat\u00e9riaux \u00e0 partir de produits en fin de vie, de r\u00e9sidus industriels ou de d\u00e9chets de production \u2014 peut augmenter de mani\u00e8re significative l\u2019offre disponible de mati\u00e8res premi\u00e8res critiques et strat\u00e9giques (CSRMs). Des m\u00e9taux tels que le cuivre, l\u2019aluminium, le nickel, le cobalt, les m\u00e9taux du groupe du platine et les terres rares peuvent ainsi \u00eatre r\u00e9cup\u00e9r\u00e9s avec une qualit\u00e9 \u00e9lev\u00e9e.\r\nComme de plus en plus de produits atteignent la fin de leur cycle de vie (notamment les batteries, les \u00e9quipements \u00e9lectroniques, les aimants permanents et les composants des \u00e9nergies renouvelables), le volume de mat\u00e9riaux secondaires est appel\u00e9 \u00e0 cro\u00eetre progressivement.\r\nActuellement, les sources secondaires ne permettent pas encore de satisfaire la demande croissante, principalement en raison de la longue dur\u00e9e de vie des produits et du remplacement lent des technologies telles que les v\u00e9hicules ou les infrastructures \u00e9nerg\u00e9tiques. Toutefois, \u00e0 partir des ann\u00e9es 2030, elles devraient devenir un \u00e9l\u00e9ment de plus en plus important de l\u2019approvisionnement mondial.<\/p>\n\n\n\n<h5 class=\"wp-block-heading\">R\u00e9duction de la demande gr\u00e2ce aux boucles circulaires.<\/h5>\n\n\n\n<p>Au-del\u00e0 du recyclage, il existe d\u2019autres strat\u00e9gies d\u2019\u00e9conomie circulaire qui permettent de r\u00e9duire directement la demande en mati\u00e8res premi\u00e8res primaires :<\/p>\n\n\n\n<div class=\"wp-block-columns is-layout-flex wp-container-core-columns-is-layout-3 wp-block-columns-is-layout-flex\">\n<div class=\"wp-block-column is-layout-flow wp-block-column-is-layout-flow\"><div class=\"wp-block-image\">\n<figure class=\"aligncenter size-full is-resized\"><img loading=\"lazy\" decoding=\"async\" width=\"512\" height=\"512\" src=\"https:\/\/esmfoundation.org\/wp-content\/uploads\/2026\/04\/thickness-icon.png\" alt=\"\" class=\"wp-image-6795\" style=\"aspect-ratio:1;object-fit:cover;width:100px\" srcset=\"https:\/\/esmfoundation.org\/wp-content\/uploads\/2026\/04\/thickness-icon.png 512w, https:\/\/esmfoundation.org\/wp-content\/uploads\/2026\/04\/thickness-icon-300x300.png 300w, https:\/\/esmfoundation.org\/wp-content\/uploads\/2026\/04\/thickness-icon-150x150.png 150w, https:\/\/esmfoundation.org\/wp-content\/uploads\/2026\/04\/thickness-icon-400x400.png 400w\" sizes=\"(max-width: 512px) 100vw, 512px\" \/><\/figure><\/div>\n\n\n<div style=\"height:12px\" aria-hidden=\"true\" class=\"wp-block-spacer\"><\/div>\n\n\n\n<h6 class=\"wp-block-heading has-text-align-center\"><strong>Efficacit\u00e9 des mat\u00e9riaux<\/strong><\/h6>\n\n\n\n<p class=\"has-text-align-center\">Concevoir des produits de mani\u00e8re \u00e0 utiliser moins de mat\u00e9riaux ou des mat\u00e9riaux moins critiques (par exemple : des v\u00e9hicules \u00e9lectriques plus petits plut\u00f4t que des SUV ; une utilisation r\u00e9duite de terres rares dans les moteurs).<\/p>\n<\/div>\n\n\n\n<div class=\"wp-block-column is-layout-flow wp-block-column-is-layout-flow\"><div class=\"wp-block-image\">\n<figure class=\"aligncenter size-full is-resized\"><img loading=\"lazy\" decoding=\"async\" width=\"512\" height=\"512\" src=\"https:\/\/esmfoundation.org\/wp-content\/uploads\/2026\/04\/number-two-icon.png\" alt=\"\" class=\"wp-image-6801\" style=\"aspect-ratio:1;object-fit:cover;width:100px\" srcset=\"https:\/\/esmfoundation.org\/wp-content\/uploads\/2026\/04\/number-two-icon.png 512w, https:\/\/esmfoundation.org\/wp-content\/uploads\/2026\/04\/number-two-icon-300x300.png 300w, https:\/\/esmfoundation.org\/wp-content\/uploads\/2026\/04\/number-two-icon-150x150.png 150w, https:\/\/esmfoundation.org\/wp-content\/uploads\/2026\/04\/number-two-icon-400x400.png 400w\" sizes=\"(max-width: 512px) 100vw, 512px\" \/><\/figure><\/div>\n\n\n<div style=\"height:12px\" aria-hidden=\"true\" class=\"wp-block-spacer\"><\/div>\n\n\n\n<h6 class=\"wp-block-heading has-text-align-center\"><strong>R\u00e9utilisation &amp; Reconversion<\/strong><\/h6>\n\n\n\n<p class=\"has-text-align-center\">Prolongation de la dur\u00e9e de vie des produits ou \u00ab seconde utilisation \u00bb des composants (par exemple : r\u00e9utilisation des batteries de v\u00e9hicules \u00e9lectriques pour le stockage stationnaire d\u2019\u00e9nergie).<\/p>\n<\/div>\n\n\n\n<div class=\"wp-block-column is-layout-flow wp-block-column-is-layout-flow\"><div class=\"wp-block-image\">\n<figure class=\"aligncenter size-full is-resized\"><img loading=\"lazy\" decoding=\"async\" width=\"512\" height=\"512\" src=\"https:\/\/esmfoundation.org\/wp-content\/uploads\/2026\/04\/maintenance-icon.png\" alt=\"\" class=\"wp-image-6798\" style=\"aspect-ratio:1;object-fit:cover;width:100px\" srcset=\"https:\/\/esmfoundation.org\/wp-content\/uploads\/2026\/04\/maintenance-icon.png 512w, https:\/\/esmfoundation.org\/wp-content\/uploads\/2026\/04\/maintenance-icon-300x300.png 300w, https:\/\/esmfoundation.org\/wp-content\/uploads\/2026\/04\/maintenance-icon-150x150.png 150w, https:\/\/esmfoundation.org\/wp-content\/uploads\/2026\/04\/maintenance-icon-400x400.png 400w\" sizes=\"(max-width: 512px) 100vw, 512px\" \/><\/figure><\/div>\n\n\n<div style=\"height:12px\" aria-hidden=\"true\" class=\"wp-block-spacer\"><\/div>\n\n\n\n<h6 class=\"wp-block-heading has-text-align-center\"><strong>R\u00e9paration &amp; Remise en \u00e9tat <\/strong><\/h6>\n\n\n\n<p class=\"has-text-align-center\">Maintenir les produits en circulation plus longtemps et retarder le besoin de nouvelles intrants mat\u00e9riels (par exemple gr\u00e2ce \u00e0 la r\u00e9parabilit\u00e9 ou \u00e0 une conception durable).<\/p>\n<\/div>\n<\/div>\n\n\n\n<div class=\"wp-block-columns is-layout-flex wp-container-core-columns-is-layout-4 wp-block-columns-is-layout-flex\">\n<div class=\"wp-block-column is-layout-flow wp-block-column-is-layout-flow\"><div class=\"wp-block-image\">\n<figure class=\"aligncenter size-full is-resized\"><img loading=\"lazy\" decoding=\"async\" width=\"512\" height=\"512\" src=\"https:\/\/esmfoundation.org\/wp-content\/uploads\/2026\/04\/mechanical-arm-icon.png\" alt=\"\" class=\"wp-image-6804\" style=\"aspect-ratio:1;object-fit:cover;width:100px\" srcset=\"https:\/\/esmfoundation.org\/wp-content\/uploads\/2026\/04\/mechanical-arm-icon.png 512w, https:\/\/esmfoundation.org\/wp-content\/uploads\/2026\/04\/mechanical-arm-icon-300x300.png 300w, https:\/\/esmfoundation.org\/wp-content\/uploads\/2026\/04\/mechanical-arm-icon-150x150.png 150w, https:\/\/esmfoundation.org\/wp-content\/uploads\/2026\/04\/mechanical-arm-icon-400x400.png 400w\" sizes=\"(max-width: 512px) 100vw, 512px\" \/><\/figure><\/div>\n\n\n<div style=\"height:12px\" aria-hidden=\"true\" class=\"wp-block-spacer\"><\/div>\n\n\n\n<h6 class=\"wp-block-heading has-text-align-center\"><strong>Reconditionnement<\/strong><\/h6>\n\n\n\n<p class=\"has-text-align-center\">Remanufacturation de produits \u00e0 partir de composants existants (par exemple, moteurs, transmissions et d\u00e9marreurs dans la production automobile).<\/p>\n<\/div>\n\n\n\n<div class=\"wp-block-column is-layout-flow wp-block-column-is-layout-flow\"><div class=\"wp-block-image\">\n<figure class=\"aligncenter size-full is-resized\"><img loading=\"lazy\" decoding=\"async\" width=\"512\" height=\"512\" src=\"https:\/\/esmfoundation.org\/wp-content\/uploads\/2026\/04\/car-sharing-icon.png\" alt=\"\" class=\"wp-image-6807\" style=\"aspect-ratio:1;object-fit:cover;width:100px\" srcset=\"https:\/\/esmfoundation.org\/wp-content\/uploads\/2026\/04\/car-sharing-icon.png 512w, https:\/\/esmfoundation.org\/wp-content\/uploads\/2026\/04\/car-sharing-icon-300x300.png 300w, https:\/\/esmfoundation.org\/wp-content\/uploads\/2026\/04\/car-sharing-icon-150x150.png 150w, https:\/\/esmfoundation.org\/wp-content\/uploads\/2026\/04\/car-sharing-icon-400x400.png 400w\" sizes=\"(max-width: 512px) 100vw, 512px\" \/><\/figure><\/div>\n\n\n<div style=\"height:12px\" aria-hidden=\"true\" class=\"wp-block-spacer\"><\/div>\n\n\n\n<h6 class=\"wp-block-heading has-text-align-center\"><strong>Nouveaux mod\u00e8les \u00e9conomiques<\/strong><\/h6>\n\n\n\n<p class=\"has-text-align-center\">Le partage de produits ou le mod\u00e8le \u00ab produit en tant que service \u00bb (Product-as-a-Service), qui permet de r\u00e9duire le nombre total d\u2019unit\u00e9s n\u00e9cessaires (par exemple, des machines \u00e0 laver partag\u00e9es ou des abonnements \u00e0 des outils).<\/p>\n<\/div>\n\n\n\n<div class=\"wp-block-column is-layout-flow wp-block-column-is-layout-flow\">\n<div style=\"height:12px\" aria-hidden=\"true\" class=\"wp-block-spacer\"><\/div>\n\n\n\n<h5 class=\"wp-block-heading has-text-align-center\"><\/h5>\n\n\n\n<p class=\"has-text-align-center\"><\/p>\n<\/div>\n<\/div>\n\n\n\n<p>Ensemble, ces approches peuvent r\u00e9duire la pression sur les ressources primaires, diminuer les \u00e9missions et les d\u00e9chets, et renforcer la r\u00e9silience face aux interruptions d\u2019approvisionnement.<\/p>\n\n\n\n<hr class=\"wp-block-separator has-text-color has-alpha-channel-opacity has-background\" style=\"background-color:#f2cea2;color:#f2cea2\"\/>\n\n\n\n<h4 class=\"wp-block-heading\"><a><\/a>CSRMs et d\u00e9fense : un lien en pleine expansion<\/h4>\n\n\n\n<h5 class=\"wp-block-heading\"><a><\/a>La d\u00e9fense en tant que grand consommateur en pleine croissance<\/h5>\n\n\n\n<p>Au cours des derni\u00e8res ann\u00e9es \u2013 en particulier depuis le d\u00e9but de la guerre russe en Ukraine \u2013 le secteur de la d\u00e9fense est rapidement pass\u00e9 d\u2019un secteur de demande plut\u00f4t secondaire pour les mati\u00e8res premi\u00e8res critiques (MPC) \u00e0 un moteur de la demande et de l\u2019attention. L\u2019\u00e9valuation de l\u2019OTAN de 2024 sur les mati\u00e8res premi\u00e8res critiques li\u00e9es \u00e0 la d\u00e9fense illustre cette tendance :<\/p>\n\n\n\n<figure class=\"wp-block-image size-full\"><img loading=\"lazy\" decoding=\"async\" width=\"903\" height=\"590\" src=\"https:\/\/esmfoundation.org\/wp-content\/uploads\/2026\/04\/image-3.gif\" alt=\"\" class=\"wp-image-6567\"\/><\/figure>\n\n\n\n<p><em>Figure 6:&nbsp;Risque d\u2019approvisionnement en mati\u00e8res premi\u00e8res critiques et strat\u00e9giques (CSRM) pour les applications militaires selon<\/em> <em><a href=\"https:\/\/www.nato.int\/en\/news-and-events\/articles\/news\/2024\/12\/11\/nato-releases-list-of-12-defence-critical-raw-materials\" target=\"_blank\" rel=\"noreferrer noopener\">NATO (2024)<\/a><\/em>. <em>Remarque : l\u2019analyse se concentre exclusivement sur les syst\u00e8mes d\u2019armement et exclut les outils num\u00e9riques, les technologies de base ainsi que les autres domaines non li\u00e9s aux armes.<\/em><\/p>\n\n\n\n<h5 class=\"wp-block-heading\"><a><\/a>Forte consommation de mat\u00e9riaux en p\u00e9riode de conflit<\/h5>\n\n\n\n<p>Les syst\u00e8mes d\u2019armes modernes d\u00e9pendent de mat\u00e9riaux tels que le graphite, le tungst\u00e8ne, l\u2019antimoine, le tantale, l\u2019argent et les terres rares. Toutefois, en situation de conflit, ces mat\u00e9riaux sont d\u00e9truits ou dispers\u00e9s et deviennent ainsi de facto inaccessibles : une fois utilis\u00e9s dans des missiles, des drones ou des munitions, ils ne peuvent plus \u00eatre r\u00e9introduits dans la cha\u00eene d\u2019approvisionnement.<\/p>\n\n\n\n<h5 class=\"wp-block-heading\"><a><\/a>Impacts sur les cha\u00eenes d\u2019approvisionnement civiles<\/h5>\n\n\n\n<p>Les technologies militaires et civiles reposent de plus en plus sur les m\u00eames mati\u00e8res premi\u00e8res critiques \u2014 non seulement pour les syst\u00e8mes d\u2019armement, mais aussi pour les technologies de batteries, les outils num\u00e9riques et les infrastructures de donn\u00e9es, qui d\u00e9pendent \u00e0 leur tour d\u2019un nombre limit\u00e9 de fournisseurs mondiaux. Cette utilisation \u00ab \u00e0 double usage \u00bb des mat\u00e9riaux accro\u00eet la pression sur des cha\u00eenes d\u2019approvisionnement d\u00e9j\u00e0 sous tension et complique la planification \u00e0 long terme de la transformation industrielle, de la d\u00e9carbonation, du d\u00e9ploiement des technologies civiles ainsi que de la pr\u00e9paration en mati\u00e8re de d\u00e9fense.\r\nIl en r\u00e9sulte un lien plus \u00e9troit entre la politique de s\u00e9curit\u00e9 et les fondements mat\u00e9riels de la transition \u00e9nerg\u00e9tique et de la transformation num\u00e9rique.<\/p>\n","protected":false},"excerpt":{"rendered":"<p>Le lithium et les terres rares deviendront bient\u00f4t plus importants que le p\u00e9trole et le gaz. Ursula von der Leyen, Septembre 2022 CSRMs : le fondement des syst\u00e8mes modernes La d\u00e9claration de Mme von der Leyen met en lumi\u00e8re un changement fondamental : des mati\u00e8res premi\u00e8res autrefois consid\u00e9r\u00e9es comme peu importantes constituent aujourd\u2019hui le fondement&#8230; <\/p>\n<div class=\"clear\"><\/div>\n<p><a href=\"https:\/\/esmfoundation.org\/fr\/que-sont-les-csrms\/\" class=\"excerpt-read-more\">Read More<\/a><\/p>\n","protected":false},"author":395,"featured_media":0,"parent":0,"menu_order":1,"comment_status":"closed","ping_status":"closed","template":"","meta":{"_ti_tpc_template_sync":false,"_ti_tpc_template_id":"","footnotes":""},"class_list":["post-7044","page","type-page","status-publish","hentry"],"_links":{"self":[{"href":"https:\/\/esmfoundation.org\/fr\/wp-json\/wp\/v2\/pages\/7044"}],"collection":[{"href":"https:\/\/esmfoundation.org\/fr\/wp-json\/wp\/v2\/pages"}],"about":[{"href":"https:\/\/esmfoundation.org\/fr\/wp-json\/wp\/v2\/types\/page"}],"author":[{"embeddable":true,"href":"https:\/\/esmfoundation.org\/fr\/wp-json\/wp\/v2\/users\/395"}],"replies":[{"embeddable":true,"href":"https:\/\/esmfoundation.org\/fr\/wp-json\/wp\/v2\/comments?post=7044"}],"version-history":[{"count":4,"href":"https:\/\/esmfoundation.org\/fr\/wp-json\/wp\/v2\/pages\/7044\/revisions"}],"predecessor-version":[{"id":7116,"href":"https:\/\/esmfoundation.org\/fr\/wp-json\/wp\/v2\/pages\/7044\/revisions\/7116"}],"wp:attachment":[{"href":"https:\/\/esmfoundation.org\/fr\/wp-json\/wp\/v2\/media?parent=7044"}],"curies":[{"name":"wp","href":"https:\/\/api.w.org\/{rel}","templated":true}]}}